{"id":78942,"date":"2023-07-16T12:46:55","date_gmt":"2023-07-16T10:46:55","guid":{"rendered":"https:\/\/fysiolab.dk\/product\/sklz-grip-strength-trainer\/"},"modified":"2025-12-18T09:22:42","modified_gmt":"2025-12-18T08:22:42","slug":"sklz-grip-strength-trainer","status":"publish","type":"product","link":"https:\/\/fysiolab.dk\/no\/product\/sklz-grip-strength-trainer\/","title":{"rendered":"SKLZ Grip Strength Trainer"},"content":{"rendered":"<div class=\"et_pb_column et_pb_column_4_4 et_pb_column_inner et_pb_column_inner_3_tb_body et-last-child\">\n<div class=\"et_pb_module et_pb_wc_description et_pb_wc_description_0_tb_body et_pb_bg_layout_light et_pb_text_align_left\">\n<div class=\"et_pb_module_inner\">\n<h2>SKLZ Grip Strength Trainer - tren opp grepsstyrken din<\/h2>\n<p>Ikke la grepsstyrken v\u00e6re flaskehalsen i treningen! Med SKLZ Grip Strength Trainer kan du trene styrke og utholdenhet i fingre, h\u00e5ndledd og underarmer. Verkt\u00f8yet kan enkelt stilles inn p\u00e5 en motstand fra 9,0 til 40,8 kg, noe som passer for b\u00e5de nybegynnere og viderekomne brukere. Trening av grepsstyrke er et godt verkt\u00f8y for rehabilitering, da det \u00f8ker sirkulasjonen i h\u00e5nd og underarm og virker sv\u00e6rt avslappende. Den buede utformingen sikrer at h\u00e5nden ikke sklir mens du bruker verkt\u00f8yet. Den kompakte st\u00f8rrelsen gj\u00f8r Grip Strenght Trainer enkel \u00e5 ta med seg p\u00e5 farten.<\/p>\n<h3>SKLZ Grip Strenght Trainer spesifikasjoner:<\/h3>\n<ul>\n<li>Trener grepsstyrken i fingre, h\u00e5ndledd og underarm<\/li>\n<li>Motstand: 9,0 - 40,8 kg (20-90 lb) <\/li>\n<li>Bra for rehabilitering<\/li>\n<li>Avslappende<\/li>\n<li>Lett \u00e5 ta med seg hvor som helst<\/li>\n<\/ul>\n<\/div>\n<\/div>\n<\/div>\n","protected":false},"excerpt":{"rendered":"<p><strong>Med SKLZ Grip Strenght Trainer kan du trene styrke og utholdenhet i fingre, h\u00e5ndledd og underarmer.<\/strong><\/p>\n","protected":false},"featured_media":78950,"comment_status":"closed","ping_status":"closed","template":"","meta":{"_acf_changed":false},"product_brand":[],"product_cat":[2221,2237,2238,2020,1948,1937,2207,2208,2219,1945],"product_tag":[2210],"class_list":{"0":"post-78942","1":"product","2":"type-product","3":"status-publish","4":"has-post-thumbnail","6":"product_cat-annet-treningsutstyr","7":"product_cat-haand-og-fingertrening","8":"product_cat-haand-og-fingertrening-no","9":"product_cat-julegaveideer-no","10":"product_cat-klinikk","11":"product_cat-merkevarer","12":"product_cat-sklz-no","13":"product_cat-sklz-no-2","14":"product_cat-sklz-treningsutstyr","15":"product_cat-treningsutstyr","16":"product_tag-sklz-no","18":"first","19":"instock","20":"taxable","21":"shipping-taxable","22":"purchasable","23":"product-type-simple"},"acf":[],"_links":{"self":[{"href":"https:\/\/fysiolab.dk\/no\/wp-json\/wp\/v2\/product\/78942","targetHints":{"allow":["GET"]}}],"collection":[{"href":"https:\/\/fysiolab.dk\/no\/wp-json\/wp\/v2\/product"}],"about":[{"href":"https:\/\/fysiolab.dk\/no\/wp-json\/wp\/v2\/types\/product"}],"replies":[{"embeddable":true,"href":"https:\/\/fysiolab.dk\/no\/wp-json\/wp\/v2\/comments?post=78942"}],"wp:featuredmedia":[{"embeddable":true,"href":"https:\/\/fysiolab.dk\/no\/wp-json\/wp\/v2\/media\/78950"}],"wp:attachment":[{"href":"https:\/\/fysiolab.dk\/no\/wp-json\/wp\/v2\/media?parent=78942"}],"wp:term":[{"taxonomy":"product_brand","embeddable":true,"href":"https:\/\/fysiolab.dk\/no\/wp-json\/wp\/v2\/product_brand?post=78942"},{"taxonomy":"product_cat","embeddable":true,"href":"https:\/\/fysiolab.dk\/no\/wp-json\/wp\/v2\/product_cat?post=78942"},{"taxonomy":"product_tag","embeddable":true,"href":"https:\/\/fysiolab.dk\/no\/wp-json\/wp\/v2\/product_tag?post=78942"}],"curies":[{"name":"wp","href":"https:\/\/api.w.org\/{rel}","templated":true}]}}