{"id":78956,"date":"2023-07-16T12:46:55","date_gmt":"2023-07-16T10:46:55","guid":{"rendered":"https:\/\/fysiolab.dk\/product\/sklz-slidez-stabilitetsskiver\/"},"modified":"2025-12-18T09:22:42","modified_gmt":"2025-12-18T08:22:42","slug":"sklz-slidez-stabilitetsskiver","status":"publish","type":"product","link":"https:\/\/fysiolab.dk\/no\/product\/sklz-slidez-stabilitetsskiver\/","title":{"rendered":"SKLZ Slidez - Stabilitetsskiver"},"content":{"rendered":"<p><iframe title=\"New from SKLZ: Slidez Core Stability Discs\" width=\"800\" height=\"450\" src=\"https:\/\/www.youtube.com\/embed\/ukMWb7i4LaM?feature=oembed\" frameborder=\"0\" allow=\"accelerometer; autoplay; clipboard-write; encrypted-media; gyroscope; picture-in-picture; web-share\" referrerpolicy=\"strict-origin-when-cross-origin\" allowfullscreen><\/iframe><\/p>\n<h2>Slidez fra SKLZ - stabilitetsskiver for din trening<\/h2>\n<p>Smart design og uendelige muligheter for \u00f8velser og trening for hele kroppen. Den smarte designen gir bedre grep for b\u00e5de hender og f\u00f8tter. <\/p>\n<ul>\n<li>Kan brukes p\u00e5 flere typer overflater uten problemer<\/li>\n<li>Kan klikkes sammen som deler<\/li>\n<li>Sm\u00f8rer ikke og glir lett p\u00e5 praktisk talt alle overflater<\/li>\n<\/ul>\n<h3>Glidning med SKLZ Slidez<\/h3>\n<p>Glidetrening kan se enklere ut enn det er. Slidez fra SKLZ kan blant annet brukes til ulike mage\u00f8velser og utfall. SKLZ Slidez er ogs\u00e5 ideelle til knestabiliseringstrening, og teknikken brukes av fysioterapeuter. Her er det viktig \u00e5 fokusere p\u00e5 teknikken i \u00f8velsene for \u00e5 unng\u00e5 feilbelastning.   <\/p>\n<p>Skap st\u00f8rre stabilitet og utfordring for musklene dine ved \u00e5 oppgradere \u00f8velsene dine med Slidez. Friksjonen som genereres av glideflaten gj\u00f8r at musklene dine m\u00e5 jobbe hardere for \u00e5 akselerere og bremse. Resultatet er \u00f8kt kaloriforbrenning, \u00f8kt aktivering av muskulaturen, \u00f8kt kjernestyrke og bevegelighet og en mer robust kropp.  <\/p>\n","protected":false},"excerpt":{"rendered":"<p>Styrk kjernemuskulaturen med Slidez fra SKLZ<\/p>\n","protected":false},"featured_media":78961,"comment_status":"closed","ping_status":"closed","template":"","meta":{"_acf_changed":false},"product_brand":[],"product_cat":[2221,2020,1937,2207,2208,2219,1945],"product_tag":[2210],"class_list":{"0":"post-78956","1":"product","2":"type-product","3":"status-publish","4":"has-post-thumbnail","6":"product_cat-annet-treningsutstyr","7":"product_cat-julegaveideer-no","8":"product_cat-merkevarer","9":"product_cat-sklz-no","10":"product_cat-sklz-no-2","11":"product_cat-sklz-treningsutstyr","12":"product_cat-treningsutstyr","13":"product_tag-sklz-no","15":"first","16":"instock","17":"taxable","18":"shipping-taxable","19":"purchasable","20":"product-type-simple"},"acf":[],"_links":{"self":[{"href":"https:\/\/fysiolab.dk\/no\/wp-json\/wp\/v2\/product\/78956","targetHints":{"allow":["GET"]}}],"collection":[{"href":"https:\/\/fysiolab.dk\/no\/wp-json\/wp\/v2\/product"}],"about":[{"href":"https:\/\/fysiolab.dk\/no\/wp-json\/wp\/v2\/types\/product"}],"replies":[{"embeddable":true,"href":"https:\/\/fysiolab.dk\/no\/wp-json\/wp\/v2\/comments?post=78956"}],"wp:featuredmedia":[{"embeddable":true,"href":"https:\/\/fysiolab.dk\/no\/wp-json\/wp\/v2\/media\/78961"}],"wp:attachment":[{"href":"https:\/\/fysiolab.dk\/no\/wp-json\/wp\/v2\/media?parent=78956"}],"wp:term":[{"taxonomy":"product_brand","embeddable":true,"href":"https:\/\/fysiolab.dk\/no\/wp-json\/wp\/v2\/product_brand?post=78956"},{"taxonomy":"product_cat","embeddable":true,"href":"https:\/\/fysiolab.dk\/no\/wp-json\/wp\/v2\/product_cat?post=78956"},{"taxonomy":"product_tag","embeddable":true,"href":"https:\/\/fysiolab.dk\/no\/wp-json\/wp\/v2\/product_tag?post=78956"}],"curies":[{"name":"wp","href":"https:\/\/api.w.org\/{rel}","templated":true}]}}