{"id":78977,"date":"2023-07-16T12:46:54","date_gmt":"2023-07-16T10:46:54","guid":{"rendered":"https:\/\/fysiolab.dk\/product\/liiteguard-sokk-med-kort-grep\/"},"modified":"2025-12-18T09:22:43","modified_gmt":"2025-12-18T08:22:43","slug":"liiteguard-sokk-med-kort-grep","status":"publish","type":"product","link":"https:\/\/fysiolab.dk\/no\/product\/liiteguard-sokk-med-kort-grep\/","title":{"rendered":"LiiteGuard Short-Grip-str\u00f8mpe"},"content":{"rendered":"<h3 data-start=\"170\" data-end=\"207\"><strong data-start=\"174\" data-end=\"207\">LiiteGuard Short-Grip-str\u00f8mpe<\/strong><\/h3>\n<p data-start=\"209\" data-end=\"391\">LiiteGuard Short-Grip er den ultimate kortskaftede prestasjonssokken for deg som krever godt grep, st\u00f8tte og komfort - enten du trener, spiller kamper eller l\u00f8per.<\/p>\n<p data-start=\"393\" data-end=\"652\">Sokken er designet med <strong data-start=\"418\" data-end=\"461\">integrerte silikonm\u00f8nstre under foten<\/strong> som effektivt forhindrer at den sklir i skoen. Dette gir et <strong data-start=\"517\" data-end=\"594\">mer stabilt fotfeste, bedre energioverf\u00f8ring og mindre risiko for<\/strong> gnags\u00e5r - selv ved eksplosive bevegelser eller retningsendringer. <\/p>\n<p data-start=\"654\" data-end=\"945\">Det tekniske materialet kombinerer <strong data-start=\"688\" data-end=\"744\">svetteavvisende fibre med strategisk ventilasjon<\/strong> for \u00e5 holde f\u00f8ttene t\u00f8rre og tempererte under hele aktiviteten. Samtidig gir den <strong data-start=\"830\" data-end=\"872\">lette kompresjonen rundt fotbuen og ankelen<\/strong> bedre blodsirkulasjon og st\u00f8tte til fotens naturlige bevegelser. <\/p>\n<p data-start=\"947\" data-end=\"1139\">Den korte passformen gj\u00f8r sokkene ideelle for idretter som <strong data-start=\"1008\" data-end=\"1045\">fotball, h\u00e5ndball, fitness og l\u00f8ping<\/strong> der du \u00f8nsker maksimal frihet rundt ankelen uten at det g\u00e5r p\u00e5 bekostning av grep og komfort.<\/p>\n<p data-start=\"1141\" data-end=\"1155\"><strong data-start=\"1141\" data-end=\"1153\">Fordeler:<\/strong><\/p>\n<ul data-start=\"1156\" data-end=\"1394\">\n<li data-start=\"1156\" data-end=\"1198\">\n<p data-start=\"1158\" data-end=\"1198\">Sklisikkert <em data-start=\"1171\" data-end=\"1184\">grepsystem<\/em> under f\u00f8ttene<\/p>\n<\/li>\n<li data-start=\"1199\" data-end=\"1243\">\n<p data-start=\"1201\" data-end=\"1243\">Lett kompresjon for st\u00f8tte og stabilitet<\/p>\n<\/li>\n<li data-start=\"1244\" data-end=\"1288\">\n<p data-start=\"1246\" data-end=\"1288\">Pustende og svettetransporterende materiale<\/p>\n<\/li>\n<li data-start=\"1289\" data-end=\"1339\">\n<p data-start=\"1291\" data-end=\"1339\">Forhindrer gnags\u00e5r og ubehag under h\u00f8y belastning<\/p>\n<\/li>\n<li data-start=\"1340\" data-end=\"1394\">\n<p data-start=\"1342\" data-end=\"1394\">Kort passform - ideell for b\u00e5de sport og hverdagsbruk<\/p>\n<\/li>\n<\/ul>\n<p data-start=\"1396\" data-end=\"1467\"><strong data-start=\"1396\" data-end=\"1407\">Farger:<\/strong> Svart, hvit, rosa<br data-start=\"1427\" data-end=\"1430\"><strong data-start=\"1430\" data-end=\"1445\">St\u00f8rrelser:<\/strong> 36-39, 40-43, 44-47<\/p>\n<p data-start=\"1396\" data-end=\"1467\"><strong>Du finner ogs\u00e5 LiiteGuards andre innovative l\u00f8pesokker her:  <\/strong><\/p>\n<p data-start=\"1396\" data-end=\"1467\"><a href=\"https:\/\/fysiolab.dk\/no\/product\/liiteguard-shin-tech-loepesokk\/\"><strong>LiiteGuard Shin-Tech Grip l\u00f8pesokk<\/strong><\/a><\/p>\n<p data-start=\"1396\" data-end=\"1467\"><a href=\"https:\/\/fysiolab.dk\/no\/product\/liiteguard-pro-tech-lg-sokk-flere-farger\/\"><strong>LiiteGuard Pro-Tech LG-sokk  <\/strong><\/a><\/p>\n","protected":false},"excerpt":{"rendered":"<p><strong>Liiteguards nyeste tilskudd - med flere av de velkjente funksjonene! Perfekt for deg som \u00f8nsker en kort l\u00f8pestr\u00f8mpe. <\/strong><\/p>\n<p>&nbsp;<\/p>\n","protected":false},"featured_media":78997,"comment_status":"closed","ping_status":"closed","template":"","meta":{"_acf_changed":false},"product_brand":[],"product_cat":[2020,1966,1965,1968,2245,1937,2244],"product_tag":[1971],"class_list":{"0":"post-78977","1":"product","2":"type-product","3":"status-publish","4":"has-post-thumbnail","6":"product_cat-julegaveideer-no","7":"product_cat-klaer","8":"product_cat-liiteguard-no","9":"product_cat-liiteguard-no-2","10":"product_cat-loepesokker","11":"product_cat-merkevarer","12":"product_cat-sokker","13":"product_tag-liiteguard-no","15":"first","16":"instock","17":"taxable","18":"shipping-taxable","19":"purchasable","20":"product-type-variable"},"acf":[],"_links":{"self":[{"href":"https:\/\/fysiolab.dk\/no\/wp-json\/wp\/v2\/product\/78977","targetHints":{"allow":["GET"]}}],"collection":[{"href":"https:\/\/fysiolab.dk\/no\/wp-json\/wp\/v2\/product"}],"about":[{"href":"https:\/\/fysiolab.dk\/no\/wp-json\/wp\/v2\/types\/product"}],"replies":[{"embeddable":true,"href":"https:\/\/fysiolab.dk\/no\/wp-json\/wp\/v2\/comments?post=78977"}],"wp:featuredmedia":[{"embeddable":true,"href":"https:\/\/fysiolab.dk\/no\/wp-json\/wp\/v2\/media\/78997"}],"wp:attachment":[{"href":"https:\/\/fysiolab.dk\/no\/wp-json\/wp\/v2\/media?parent=78977"}],"wp:term":[{"taxonomy":"product_brand","embeddable":true,"href":"https:\/\/fysiolab.dk\/no\/wp-json\/wp\/v2\/product_brand?post=78977"},{"taxonomy":"product_cat","embeddable":true,"href":"https:\/\/fysiolab.dk\/no\/wp-json\/wp\/v2\/product_cat?post=78977"},{"taxonomy":"product_tag","embeddable":true,"href":"https:\/\/fysiolab.dk\/no\/wp-json\/wp\/v2\/product_tag?post=78977"}],"curies":[{"name":"wp","href":"https:\/\/api.w.org\/{rel}","templated":true}]}}