{"id":78978,"date":"2023-07-16T12:46:55","date_gmt":"2023-07-16T10:46:55","guid":{"rendered":"https:\/\/fysiolab.dk\/product\/sklz-recoil-360-motstandsverktoey\/"},"modified":"2025-12-18T09:22:42","modified_gmt":"2025-12-18T08:22:42","slug":"sklz-recoil-360-motstandsverktoey","status":"publish","type":"product","link":"https:\/\/fysiolab.dk\/no\/product\/sklz-recoil-360-motstandsverktoey\/","title":{"rendered":"SKLZ Recoil 360 - Motstandsverkt\u00f8y"},"content":{"rendered":"<p><iframe title=\"SKLZ Performance Training - Recoil 360\" width=\"800\" height=\"450\" src=\"https:\/\/www.youtube.com\/embed\/jyOEOgI1iYo?feature=oembed\" frameborder=\"0\" allow=\"accelerometer; autoplay; clipboard-write; encrypted-media; gyroscope; picture-in-picture; web-share\" referrerpolicy=\"strict-origin-when-cross-origin\" allowfullscreen><\/iframe><\/p>\n<h2>SKLZ Recoil 360 - dynamisk motstandsverkt\u00f8y<\/h2>\n<p>Motstandstrening som virkelig maksimerer kraften i musklene dine. Bruk Recoil 360 sammen med en treningspartner eller alene - begge deler er mulig. Linen kan strekkes til maksimalt 6 meter.  <\/p>\n<ul>\n<li>Maksimerer styrke, hurtighet og hoppekapasitet<\/li>\n<li>Designet for \u00e5 kunne brukes i 360 graders vinkel<\/li>\n<li>Leveres med et komfortabelt og slitesterkt belte<\/li>\n<li>Linen kan strekkes opp til 6 meter - motstanden \u00f8ker fra 6,8 kg til 22 kg. <\/li>\n<\/ul>\n<p>Motstandstrening er n\u00f8kkelen til \u00e5 maksimere muskulatur, hurtighet og vertikale hopp. SKLZ Recoil 360 er utviklet for idrettsut\u00f8vere som driver med alle typer idrett, med eller uten treningspartner. <\/p>\n","protected":false},"excerpt":{"rendered":"<p>Motstandstrening med SKLZ Recoil 360 vil forbedre din styrke, hurtighet og hoppekapasitet!<\/p>\n","protected":false},"featured_media":78983,"comment_status":"closed","ping_status":"closed","template":"","meta":{"_acf_changed":false},"product_brand":[3132],"product_cat":[2221,2020,1937,2207,2208,2236,1945],"product_tag":[2210],"class_list":{"0":"post-78978","1":"product","2":"type-product","3":"status-publish","4":"has-post-thumbnail","6":"product_brand-sklz","7":"product_cat-annet-treningsutstyr","8":"product_cat-julegaveideer-no","9":"product_cat-merkevarer","10":"product_cat-sklz-no","11":"product_cat-sklz-no-2","12":"product_cat-sklz-hastighetstrening","13":"product_cat-treningsutstyr","14":"product_tag-sklz-no","16":"first","17":"instock","18":"taxable","19":"shipping-taxable","20":"purchasable","21":"product-type-simple"},"acf":[],"_links":{"self":[{"href":"https:\/\/fysiolab.dk\/no\/wp-json\/wp\/v2\/product\/78978","targetHints":{"allow":["GET"]}}],"collection":[{"href":"https:\/\/fysiolab.dk\/no\/wp-json\/wp\/v2\/product"}],"about":[{"href":"https:\/\/fysiolab.dk\/no\/wp-json\/wp\/v2\/types\/product"}],"replies":[{"embeddable":true,"href":"https:\/\/fysiolab.dk\/no\/wp-json\/wp\/v2\/comments?post=78978"}],"wp:featuredmedia":[{"embeddable":true,"href":"https:\/\/fysiolab.dk\/no\/wp-json\/wp\/v2\/media\/78983"}],"wp:attachment":[{"href":"https:\/\/fysiolab.dk\/no\/wp-json\/wp\/v2\/media?parent=78978"}],"wp:term":[{"taxonomy":"product_brand","embeddable":true,"href":"https:\/\/fysiolab.dk\/no\/wp-json\/wp\/v2\/product_brand?post=78978"},{"taxonomy":"product_cat","embeddable":true,"href":"https:\/\/fysiolab.dk\/no\/wp-json\/wp\/v2\/product_cat?post=78978"},{"taxonomy":"product_tag","embeddable":true,"href":"https:\/\/fysiolab.dk\/no\/wp-json\/wp\/v2\/product_tag?post=78978"}],"curies":[{"name":"wp","href":"https:\/\/api.w.org\/{rel}","templated":true}]}}