{"id":78998,"date":"2023-07-16T12:46:54","date_gmt":"2023-07-16T10:46:54","guid":{"rendered":"https:\/\/fysiolab.dk\/product\/sklz-akselerasjonstrener\/"},"modified":"2025-12-18T09:22:43","modified_gmt":"2025-12-18T08:22:43","slug":"sklz-akselerasjonstrener","status":"publish","type":"product","link":"https:\/\/fysiolab.dk\/no\/product\/sklz-akselerasjonstrener\/","title":{"rendered":"SKLZ Akselerasjonstrener"},"content":{"rendered":"<p><iframe title=\"SKLZ Acceleration Trainer Product Review\" width=\"800\" height=\"450\" src=\"https:\/\/www.youtube.com\/embed\/QTN7_j_akRI?feature=oembed\" frameborder=\"0\" allow=\"accelerometer; autoplay; clipboard-write; encrypted-media; gyroscope; picture-in-picture; web-share\" referrerpolicy=\"strict-origin-when-cross-origin\" allowfullscreen><\/iframe><\/p>\n<h2>Acceleration Trainer - oppl\u00e6ringsverkt\u00f8y fra SKLZ<\/h2>\n<p>Akselerasjon og de f\u00f8rste meterne er avgj\u00f8rende i alle idretter! Med SKLZ Acceleration Trainer kan du f\u00e5 hjelp til \u00e5 \u00f8ke akselerasjonen og farten p\u00e5 de f\u00f8rste meterne, uansett hvilket niv\u00e5 du befinner deg p\u00e5. Et perfekt verkt\u00f8y enten du spiller fotball, h\u00e5ndball, basketball eller andre idretter der fart, teknikk og akselerasjon kan v\u00e6re avgj\u00f8rende. Forbedre dine akselerasjonsevner og l\u00f8p fra alle p\u00e5 banen!   <\/p>\n<ul>\n<li>Tren opp farten i alle retninger<\/li>\n<li>Forbedrer hastigheten og kraften din fra starten av<\/li>\n<li>\u00d8k akselerasjonen - f\u00e5 et forsprang p\u00e5 de f\u00f8rste meterne<\/li>\n<li>Bruk den dynamiske belastnings- og frigj\u00f8ringsmetoden som har vist seg \u00e5 \u00f8ke hastigheten<\/li>\n<li>Kraftabsorberende hurtigutl\u00f8serh\u00e5ndtak eliminerer overstrekking og uregelmessige bevegelser<\/li>\n<\/ul>\n","protected":false},"excerpt":{"rendered":"<p>For akselerasjonstrening<\/p>\n","protected":false},"featured_media":79002,"comment_status":"closed","ping_status":"closed","template":"","meta":{"_acf_changed":false},"product_brand":[],"product_cat":[2221,2020,1937,2207,2208,2236,1945],"product_tag":[2210],"class_list":{"0":"post-78998","1":"product","2":"type-product","3":"status-publish","4":"has-post-thumbnail","6":"product_cat-annet-treningsutstyr","7":"product_cat-julegaveideer-no","8":"product_cat-merkevarer","9":"product_cat-sklz-no","10":"product_cat-sklz-no-2","11":"product_cat-sklz-hastighetstrening","12":"product_cat-treningsutstyr","13":"product_tag-sklz-no","15":"first","16":"instock","17":"taxable","18":"shipping-taxable","19":"purchasable","20":"product-type-simple"},"acf":[],"_links":{"self":[{"href":"https:\/\/fysiolab.dk\/no\/wp-json\/wp\/v2\/product\/78998","targetHints":{"allow":["GET"]}}],"collection":[{"href":"https:\/\/fysiolab.dk\/no\/wp-json\/wp\/v2\/product"}],"about":[{"href":"https:\/\/fysiolab.dk\/no\/wp-json\/wp\/v2\/types\/product"}],"replies":[{"embeddable":true,"href":"https:\/\/fysiolab.dk\/no\/wp-json\/wp\/v2\/comments?post=78998"}],"wp:featuredmedia":[{"embeddable":true,"href":"https:\/\/fysiolab.dk\/no\/wp-json\/wp\/v2\/media\/79002"}],"wp:attachment":[{"href":"https:\/\/fysiolab.dk\/no\/wp-json\/wp\/v2\/media?parent=78998"}],"wp:term":[{"taxonomy":"product_brand","embeddable":true,"href":"https:\/\/fysiolab.dk\/no\/wp-json\/wp\/v2\/product_brand?post=78998"},{"taxonomy":"product_cat","embeddable":true,"href":"https:\/\/fysiolab.dk\/no\/wp-json\/wp\/v2\/product_cat?post=78998"},{"taxonomy":"product_tag","embeddable":true,"href":"https:\/\/fysiolab.dk\/no\/wp-json\/wp\/v2\/product_tag?post=78998"}],"curies":[{"name":"wp","href":"https:\/\/api.w.org\/{rel}","templated":true}]}}