{"id":78999,"date":"2023-07-16T12:46:29","date_gmt":"2023-07-16T10:46:29","guid":{"rendered":"https:\/\/fysiolab.dk\/product\/liiteguard-pro-tech-sokk\/"},"modified":"2025-12-18T09:22:44","modified_gmt":"2025-12-18T08:22:44","slug":"liiteguard-pro-tech-sokk","status":"publish","type":"product","link":"https:\/\/fysiolab.dk\/no\/product\/liiteguard-pro-tech-sokk\/","title":{"rendered":"LiiteGuard Pro-Tech-str\u00f8mpe"},"content":{"rendered":"<p data-start=\"0\" data-end=\"357\"><strong data-start=\"0\" data-end=\"31\">LiiteGuard Pro-Tech Sock<\/strong> er en teknisk avansert prestasjonssokk som er utviklet for \u00e5 gi deg den optimale kombinasjonen av st\u00f8tte, komfort og ytelse - til trening, konkurranse og restitusjon. Med fokus p\u00e5 fysiologisk funksjon og komfort er den utviklet i n\u00e6rt samarbeid med idrettsut\u00f8vere og profesjonelle, slik at hver eneste detalj st\u00f8tter opp om prestasjonen din. <\/p>\n<p data-start=\"359\" data-end=\"728\">Sokken har <strong data-start=\"372\" data-end=\"397\">gradert kompresjon<\/strong> som fremmer blodsirkulasjonen og reduserer muskeltretthet, samtidig som den bidrar til \u00e5 redusere risikoen for hevelser og kramper. Den <strong data-start=\"537\" data-end=\"572\">integrerte akillesbeskyttelsen<\/strong> avlaster og st\u00f8tter akillessenen, mens den <strong data-start=\"632\" data-end=\"659\">forsterkede fotbuest\u00f8tten<\/strong> stabiliserer foten og reduserer risikoen for overbelastningsskader. <\/p>\n<p data-start=\"730\" data-end=\"987\">Det pustende og svetteavvisende materialet holder f\u00f8ttene t\u00f8rre, selv under intens trening. Den anatomiske passformen og den s\u00f8ml\u00f8se konstruksjonen forhindrer friksjon og gnags\u00e5r, og den elastiske st\u00f8tten rundt foten og ankelen s\u00f8rger for en tettsittende og behagelig passform. <\/p>\n<p data-start=\"989\" data-end=\"1186\"><strong data-start=\"989\" data-end=\"1020\">LiiteGuard Pro-Tech Sock<\/strong> er ideell for l\u00f8pere, ballspillere og alle som \u00f8nsker maksimal st\u00f8tte under bevegelse. En sokk som kombinerer idrettsmedisinsk kunnskap med dansk design og innovasjon. <\/p>\n<p data-start=\"1188\" data-end=\"1266\" data-is-last-node=\"\" data-is-only-node=\"\"><strong data-start=\"1188\" data-end=\"1199\">Farger:<\/strong> Svart, hvit, bl\u00e5, gr\u00f8nn og r\u00f8d<br data-start=\"1228\" data-end=\"1231\"><strong data-start=\"1231\" data-end=\"1246\">St\u00f8rrelser:<\/strong> 36-39, 40-43, 44-47<\/p>\n","protected":false},"excerpt":{"rendered":"<p><strong>LiiteGuard Pro-Tech-sokken kombinerer kompresjon, st\u00f8tte og komfort i ett - designet for \u00e5 optimalisere ytelsen din og beskytte mot overbelastning. Med fokus p\u00e5 akilles- og svangst\u00f8tte og pustende materiale f\u00e5r du maksimal komfort uansett hvor hardt du trener. <\/strong><\/p>\n","protected":false},"featured_media":98941,"comment_status":"closed","ping_status":"closed","template":"","meta":{"_acf_changed":false},"product_brand":[],"product_cat":[2020,1966,2248,1968,1965,2245,1937,2244],"product_tag":[1971],"class_list":{"0":"post-78999","1":"product","2":"type-product","3":"status-publish","4":"has-post-thumbnail","6":"product_cat-julegaveideer-no","7":"product_cat-klaer","8":"product_cat-kompresjonsstroemper","9":"product_cat-liiteguard-no-2","10":"product_cat-liiteguard-no","11":"product_cat-loepesokker","12":"product_cat-merkevarer","13":"product_cat-sokker","14":"product_tag-liiteguard-no","16":"first","17":"instock","18":"taxable","19":"shipping-taxable","20":"purchasable","21":"product-type-variable"},"acf":[],"_links":{"self":[{"href":"https:\/\/fysiolab.dk\/no\/wp-json\/wp\/v2\/product\/78999","targetHints":{"allow":["GET"]}}],"collection":[{"href":"https:\/\/fysiolab.dk\/no\/wp-json\/wp\/v2\/product"}],"about":[{"href":"https:\/\/fysiolab.dk\/no\/wp-json\/wp\/v2\/types\/product"}],"replies":[{"embeddable":true,"href":"https:\/\/fysiolab.dk\/no\/wp-json\/wp\/v2\/comments?post=78999"}],"wp:featuredmedia":[{"embeddable":true,"href":"https:\/\/fysiolab.dk\/no\/wp-json\/wp\/v2\/media\/98941"}],"wp:attachment":[{"href":"https:\/\/fysiolab.dk\/no\/wp-json\/wp\/v2\/media?parent=78999"}],"wp:term":[{"taxonomy":"product_brand","embeddable":true,"href":"https:\/\/fysiolab.dk\/no\/wp-json\/wp\/v2\/product_brand?post=78999"},{"taxonomy":"product_cat","embeddable":true,"href":"https:\/\/fysiolab.dk\/no\/wp-json\/wp\/v2\/product_cat?post=78999"},{"taxonomy":"product_tag","embeddable":true,"href":"https:\/\/fysiolab.dk\/no\/wp-json\/wp\/v2\/product_tag?post=78999"}],"curies":[{"name":"wp","href":"https:\/\/api.w.org\/{rel}","templated":true}]}}