{"id":79035,"date":"2023-07-16T12:46:53","date_gmt":"2023-07-16T10:46:53","guid":{"rendered":"https:\/\/fysiolab.dk\/product\/sklz-kjernehjul\/"},"modified":"2025-12-18T09:22:43","modified_gmt":"2025-12-18T08:22:43","slug":"sklz-kjernehjul","status":"publish","type":"product","link":"https:\/\/fysiolab.dk\/no\/product\/sklz-kjernehjul\/","title":{"rendered":"SKLZ Kjernehjul"},"content":{"rendered":"<p><iframe title=\"SKLZ COREwheels - Dynamic Core Strength Trainer\" width=\"800\" height=\"450\" src=\"https:\/\/www.youtube.com\/embed\/R24SJQlZVLE?feature=oembed\" frameborder=\"0\" allow=\"accelerometer; autoplay; clipboard-write; encrypted-media; gyroscope; picture-in-picture; web-share\" referrerpolicy=\"strict-origin-when-cross-origin\" allowfullscreen><\/iframe><\/p>\n<h2>Kjernehjul fra SKLZ<\/h2>\n<p>SKLZ Core wheels - praktisk magetreningshjul med solid h\u00e5ndgrep som gj\u00f8r det mulig \u00e5 \u00f8ke vanskelighetsgraden, effektiviteten og styrken i kjernemuskulaturen. \u00d8k intensiteten med dette dynamiske treningsverkt\u00f8yet! De rullende hjulene p\u00e5 hver side gj\u00f8r at du kan utf\u00f8re et bredt spekter av styrke\u00f8velser.  <\/p>\n<ul>\n<li>Styrker overkroppen og kjernemuskulaturen.<\/li>\n<li>St\u00f8tter tradisjonelle armhevings- og planke\u00f8velser.<\/li>\n<li>Skumh\u00e5ndtak med ergonomisk grep.<\/li>\n<li>Lettvektsdesign.<\/li>\n<li>Leveres i par.<\/li>\n<li>Kulelagre.<\/li>\n<\/ul>\n<h3>Core-trening med magehjul<\/h3>\n<p>Kjernemuskulaturen best\u00e5r av de dype musklene som st\u00f8tter ryggraden og bekkenet - f\u00f8rst og fremst musklene rundt mage og rygg. Kjernemuskulaturen fungerer som kroppens kraftsenter og er grunnlaget for nesten alle bevegelser vi gj\u00f8r i l\u00f8pet av dagen. Derfor kan de v\u00e6re avgj\u00f8rende for din generelle styrke og velv\u00e6re - uten styrke og stabilitet i denne delen av kroppen vil vi for eksempel ikke kunne st\u00e5 oppreist. Trening av kjernemuskulaturen b\u00f8r v\u00e6re en fast del av treningsprogrammet ditt.   <\/p>\n<h3>Viktig styrking av kjernemuskulaturen<\/h3>\n<p>Trening av kjernemuskulaturen er viktig. Det er det flere grunner til. Det b\u00f8r v\u00e6re en naturlig del av et forebyggende treningsprogram, blant annet for \u00e5 unng\u00e5 skader.  <\/p>\n<ul>\n<li>Et godt verkt\u00f8y for behandling, rehabilitering og tilfriskningsprogrammer.<\/li>\n<li>En viktig del av oppl\u00e6ringsprogrammet.<\/li>\n<\/ul>\n<p>SKLZ Core Wheels tar vanlige \u00f8velser som planken og armhevinger til et helt nytt niv\u00e5. Med SKLZ treningsverkt\u00f8y bygger du sterkere kjernemuskulatur og blir utfordret i den daglige treningen. Skuldre, overkropp og hofter tvinges til \u00e5 jobbe enda hardere og settes i fokus med SKLZ Core Wheels.  <\/p>\n<h3>Bedre balanse med kjernetrening<\/h3>\n<p>I motsetning til det tradisjonelle ab-hjulet gir SKLZ core-hjul bedre balanse og vektfordeling. I tillegg gir SKLZ core-hjul flere treningsalternativer, ettersom du har to hjul og kan holde midten av dem. <\/p>\n","protected":false},"excerpt":{"rendered":"<p>Magehjul for trening av kjernemuskulaturen.<\/p>\n","protected":false},"featured_media":79038,"comment_status":"closed","ping_status":"closed","template":"","meta":{"_acf_changed":false},"product_brand":[],"product_cat":[2221,2020,1937,2207,2208,2219,1945],"product_tag":[2210],"class_list":{"0":"post-79035","1":"product","2":"type-product","3":"status-publish","4":"has-post-thumbnail","6":"product_cat-annet-treningsutstyr","7":"product_cat-julegaveideer-no","8":"product_cat-merkevarer","9":"product_cat-sklz-no","10":"product_cat-sklz-no-2","11":"product_cat-sklz-treningsutstyr","12":"product_cat-treningsutstyr","13":"product_tag-sklz-no","15":"first","16":"instock","17":"taxable","18":"shipping-taxable","19":"purchasable","20":"product-type-simple"},"acf":[],"_links":{"self":[{"href":"https:\/\/fysiolab.dk\/no\/wp-json\/wp\/v2\/product\/79035","targetHints":{"allow":["GET"]}}],"collection":[{"href":"https:\/\/fysiolab.dk\/no\/wp-json\/wp\/v2\/product"}],"about":[{"href":"https:\/\/fysiolab.dk\/no\/wp-json\/wp\/v2\/types\/product"}],"replies":[{"embeddable":true,"href":"https:\/\/fysiolab.dk\/no\/wp-json\/wp\/v2\/comments?post=79035"}],"wp:featuredmedia":[{"embeddable":true,"href":"https:\/\/fysiolab.dk\/no\/wp-json\/wp\/v2\/media\/79038"}],"wp:attachment":[{"href":"https:\/\/fysiolab.dk\/no\/wp-json\/wp\/v2\/media?parent=79035"}],"wp:term":[{"taxonomy":"product_brand","embeddable":true,"href":"https:\/\/fysiolab.dk\/no\/wp-json\/wp\/v2\/product_brand?post=79035"},{"taxonomy":"product_cat","embeddable":true,"href":"https:\/\/fysiolab.dk\/no\/wp-json\/wp\/v2\/product_cat?post=79035"},{"taxonomy":"product_tag","embeddable":true,"href":"https:\/\/fysiolab.dk\/no\/wp-json\/wp\/v2\/product_tag?post=79035"}],"curies":[{"name":"wp","href":"https:\/\/api.w.org\/{rel}","templated":true}]}}