{"id":79036,"date":"2023-07-16T12:46:28","date_gmt":"2023-07-16T10:46:28","guid":{"rendered":"https:\/\/fysiolab.dk\/product\/aircast-gci-skulderimmobiliserende-armslynge\/"},"modified":"2025-12-18T09:22:45","modified_gmt":"2025-12-18T08:22:45","slug":"aircast-gci-skulderimmobiliserende-armslynge","status":"publish","type":"product","link":"https:\/\/fysiolab.dk\/no\/product\/aircast-gci-skulderimmobiliserende-armslynge\/","title":{"rendered":"Aircast GCI skulderimmobiliserende armslynge"},"content":{"rendered":"<h4><strong>Optimal anvendelse<\/strong><\/h4>\n<p>GCI Shoulder Immobiliser anbefales for immobilisering og beskyttelse etter traumer mot arm og skulder, inkludert rekonvalesens etter operasjon eller brudd p\u00e5 overarmsbenet. Anbefales ogs\u00e5 til immobilisering etter hemiplegi eller lammelse etter hjerneslag eller bl\u00f8dning i hjernen. Universell st\u00f8ttebandasje med to separate og fullt polstrede stropper for \u00f8kt komfort. Fleksibel design som kan brukes til immobilisering av skulderen eller som armslynge.   <\/p>\n<p><strong>St\u00f8rrelsesguide<\/strong><\/p>\n<p><strong>Seilet leveres i en universalst\u00f8rrelse som kan tilpasses og justeres til den enkelte<\/strong><\/p>\n<p>Produktvideo (fransk)<\/p>\n<p><iframe title=\"GCI\u2122 DonJoy - Mise en place\" width=\"800\" height=\"450\" src=\"https:\/\/www.youtube.com\/embed\/jtVE2iTvXU4?start=6&#038;feature=oembed\" frameborder=\"0\" allow=\"accelerometer; autoplay; clipboard-write; encrypted-media; gyroscope; picture-in-picture; web-share\" referrerpolicy=\"strict-origin-when-cross-origin\" allowfullscreen><\/iframe><\/p>\n<p>&nbsp;<\/p>\n","protected":false},"excerpt":{"rendered":"<p><strong>Universalbandasje for immobilisering av armen etter operasjon eller brudd i overarmen og skulderen. Bandasjen er individuelt tilpasset og immobiliserer armen, skulderen og skulderbladet for \u00e5 unng\u00e5 uhensiktsmessige bevegelser. Anbefales ogs\u00e5 til immobilisering av arm og skulder etter hjerneslag\/hjernebl\u00f8dning.  <\/strong><\/p>\n","protected":false},"featured_media":79046,"comment_status":"closed","ping_status":"closed","template":"","meta":{"_acf_changed":false},"product_brand":[3092],"product_cat":[2129,2253,1932,2249,2250,2092,2123,2252,2251,1937,1933,2118],"product_tag":[2614],"class_list":{"0":"post-79036","1":"product","2":"type-product","3":"status-publish","4":"has-post-thumbnail","6":"product_brand-aircast","7":"product_cat-aircast-no","8":"product_cat-aircast-armslynge-no","9":"product_cat-albue-no","10":"product_cat-avklemmingssyndrom","11":"product_cat-bicepsruptur-no","12":"product_cat-brudd-i-albuen","13":"product_cat-brudd-og-etter-operasjon-i-skulderen","14":"product_cat-immobilisering-av-albuen","15":"product_cat-instabilitet-ustabil-skulder-skuldersmerter-no","16":"product_cat-merkevarer","17":"product_cat-skinner-og-stoetteskinner","18":"product_cat-skulder-no","19":"product_tag-aircast-no","21":"first","22":"instock","23":"taxable","24":"shipping-taxable","25":"purchasable","26":"product-type-simple"},"acf":[],"_links":{"self":[{"href":"https:\/\/fysiolab.dk\/no\/wp-json\/wp\/v2\/product\/79036","targetHints":{"allow":["GET"]}}],"collection":[{"href":"https:\/\/fysiolab.dk\/no\/wp-json\/wp\/v2\/product"}],"about":[{"href":"https:\/\/fysiolab.dk\/no\/wp-json\/wp\/v2\/types\/product"}],"replies":[{"embeddable":true,"href":"https:\/\/fysiolab.dk\/no\/wp-json\/wp\/v2\/comments?post=79036"}],"wp:featuredmedia":[{"embeddable":true,"href":"https:\/\/fysiolab.dk\/no\/wp-json\/wp\/v2\/media\/79046"}],"wp:attachment":[{"href":"https:\/\/fysiolab.dk\/no\/wp-json\/wp\/v2\/media?parent=79036"}],"wp:term":[{"taxonomy":"product_brand","embeddable":true,"href":"https:\/\/fysiolab.dk\/no\/wp-json\/wp\/v2\/product_brand?post=79036"},{"taxonomy":"product_cat","embeddable":true,"href":"https:\/\/fysiolab.dk\/no\/wp-json\/wp\/v2\/product_cat?post=79036"},{"taxonomy":"product_tag","embeddable":true,"href":"https:\/\/fysiolab.dk\/no\/wp-json\/wp\/v2\/product_tag?post=79036"}],"curies":[{"name":"wp","href":"https:\/\/api.w.org\/{rel}","templated":true}]}}