{"id":79045,"date":"2023-07-16T12:46:52","date_gmt":"2023-07-16T10:46:52","guid":{"rendered":"https:\/\/fysiolab.dk\/product\/liiteguard-shin-tech-loepesokk\/"},"modified":"2025-12-18T09:22:43","modified_gmt":"2025-12-18T08:22:43","slug":"liiteguard-shin-tech-loepesokk","status":"publish","type":"product","link":"https:\/\/fysiolab.dk\/no\/product\/liiteguard-shin-tech-loepesokk\/","title":{"rendered":"LiiteGuard Shin-Tech Grip l\u00f8pesokk"},"content":{"rendered":"<p><strong data-start=\"280\" data-end=\"322\">liiteGuard Shin-Tech Grip l\u00f8pesokk<\/strong><\/p>\n<p data-start=\"324\" data-end=\"764\">liiteGuard Shin-Tech Grip Running Sock er designet for seri\u00f8se l\u00f8pere som \u00f8nsker maksimal st\u00f8tte, stabilitet og ytelse i hvert eneste skritt. Sokken kombinerer avansert, <strong data-start=\"506\" data-end=\"538\">gradert leggkompresjon<\/strong> som \u00f8ker blodgjennomstr\u00f8mningen, reduserer muskelvibrasjoner og reduserer tretthet, med <strong data-start=\"625\" data-end=\"672\">m\u00e5lrettet kompresjon rundt akillessenen<\/strong> som gir st\u00f8tte, reduserer irritasjon og bidrar til \u00e5 forebygge seneskader. <\/p>\n<p data-start=\"766\" data-end=\"1044\">Den innebygde <strong data-start=\"781\" data-end=\"796\">fotbuest\u00f8tten<\/strong> stabiliserer foten og motvirker overpronasjon, noe som gir en mer effektiv og sk\u00e5nsom l\u00f8pestil. Samtidig s\u00f8rger den ergonomiske passformen for at sokken sitter godt uten \u00e5 stramme, slik at b\u00e5de foten og underbenet fungerer optimalt gjennom hele bevegelsen. <\/p>\n<p data-start=\"1046\" data-end=\"1368\">Den unike <strong data-start=\"1057\" data-end=\"1074\">Grip-Tech-s\u00e5len<\/strong> forhindrer at <strong data-start=\"1057\" data-end=\"1074\">s\u00e5len<\/strong> sklir inn i skoen, noe som gir mer direkte kraftoverf\u00f8ring og en f\u00f8lelse av kontroll ved hvert <strong data-start=\"1057\" data-end=\"1074\">eneste<\/strong> fraspark. Materialet er svettetransporterende, hurtigt\u00f8rkende og designet for \u00e5 holde f\u00f8ttene dine kj\u00f8lige og komfortable - selv under de t\u00f8ffeste trenings\u00f8ktene eller lange konkurranser. <\/p>\n<p data-start=\"1370\" data-end=\"1537\">liiteGuard Shin-Tech Grip Running Sock er ikke bare en l\u00f8pesokk - det er et teknisk verkt\u00f8y som beskytter, optimaliserer og forbedrer ytelsen din fra fotbuen til leggen.<\/p>\n<p data-start=\"1539\" data-end=\"1624\"><strong data-start=\"1539\" data-end=\"1550\">Farger:<\/strong> Svart, hvit, bordeaux, st\u00f8vete gr\u00f8nn<br data-start=\"1584\" data-end=\"1587\"><strong data-start=\"1587\" data-end=\"1602\">St\u00f8rrelser:<\/strong> 36-39, 40-43, 44-47<\/p>\n<p data-start=\"1539\" data-end=\"1624\"><strong>Du kan ogs\u00e5 finne LiiteGuards andre innovative l\u00f8pesokker her!<\/strong><\/p>\n<p data-start=\"1539\" data-end=\"1624\"><a href=\"https:\/\/fysiolab.dk\/no\/product\/liiteguard-pro-tech-lg-sokk-flere-farger\/\"><strong>LiiteGuard Pro-Tech LG l\u00f8pesokk  <\/strong><\/a><\/p>\n<p data-start=\"1539\" data-end=\"1624\"><a href=\"https:\/\/fysiolab.dk\/no\/product\/liiteguard-sokk-med-kort-grep\/\"><strong>LiiteGuard Short-Grip l\u00f8pesokk  <\/strong><\/a><\/p>\n","protected":false},"excerpt":{"rendered":"<p><strong>liiteGuard Shin-Tech Grip Running Sock kombinerer avansert kompresjon av legg og akilles med effektiv st\u00f8tte til fotbuen for maksimal stabilitet og ytelse. Den svetteavvisende passformen og Grip-Tech-s\u00e5len s\u00f8rger for optimalt grep, st\u00f8tte og komfort - selv under de mest krevende l\u00f8peturene. <\/strong><\/p>\n","protected":false},"featured_media":79055,"comment_status":"closed","ping_status":"closed","template":"","meta":{"_acf_changed":false},"product_brand":[],"product_cat":[1992,2020,1966,2248,1965,1968,2245,1937,2254,1933,1993,2055,2244,2255],"product_tag":[1971],"class_list":{"0":"post-79045","1":"product","2":"type-product","3":"status-publish","4":"has-post-thumbnail","6":"product_cat-ankelskinne","7":"product_cat-julegaveideer-no","8":"product_cat-klaer","9":"product_cat-kompresjonsstroemper","10":"product_cat-liiteguard-no","11":"product_cat-liiteguard-no-2","12":"product_cat-loepesokker","13":"product_cat-merkevarer","14":"product_cat-skinnebeinsbetennelse","15":"product_cat-skinner-og-stoetteskinner","16":"product_cat-smerter-i-akillessenen","17":"product_cat-smerter-i-fotbuen","18":"product_cat-sokker","19":"product_cat-stoettestroemper-no","20":"product_tag-liiteguard-no","22":"first","23":"instock","24":"taxable","25":"shipping-taxable","26":"purchasable","27":"product-type-variable"},"acf":[],"_links":{"self":[{"href":"https:\/\/fysiolab.dk\/no\/wp-json\/wp\/v2\/product\/79045","targetHints":{"allow":["GET"]}}],"collection":[{"href":"https:\/\/fysiolab.dk\/no\/wp-json\/wp\/v2\/product"}],"about":[{"href":"https:\/\/fysiolab.dk\/no\/wp-json\/wp\/v2\/types\/product"}],"replies":[{"embeddable":true,"href":"https:\/\/fysiolab.dk\/no\/wp-json\/wp\/v2\/comments?post=79045"}],"wp:featuredmedia":[{"embeddable":true,"href":"https:\/\/fysiolab.dk\/no\/wp-json\/wp\/v2\/media\/79055"}],"wp:attachment":[{"href":"https:\/\/fysiolab.dk\/no\/wp-json\/wp\/v2\/media?parent=79045"}],"wp:term":[{"taxonomy":"product_brand","embeddable":true,"href":"https:\/\/fysiolab.dk\/no\/wp-json\/wp\/v2\/product_brand?post=79045"},{"taxonomy":"product_cat","embeddable":true,"href":"https:\/\/fysiolab.dk\/no\/wp-json\/wp\/v2\/product_cat?post=79045"},{"taxonomy":"product_tag","embeddable":true,"href":"https:\/\/fysiolab.dk\/no\/wp-json\/wp\/v2\/product_tag?post=79045"}],"curies":[{"name":"wp","href":"https:\/\/api.w.org\/{rel}","templated":true}]}}