{"id":79076,"date":"2023-07-16T12:46:26","date_gmt":"2023-07-16T10:46:26","guid":{"rendered":"https:\/\/fysiolab.dk\/product\/procare-healthcare-armslynge-for-barn\/"},"modified":"2025-12-18T09:22:45","modified_gmt":"2025-12-18T08:22:45","slug":"procare-healthcare-armslynge-for-barn","status":"publish","type":"product","link":"https:\/\/fysiolab.dk\/no\/product\/procare-healthcare-armslynge-for-barn\/","title":{"rendered":"ProCare Healthcare armslynge for barn"},"content":{"rendered":"<h4><strong>Optimal anvendelse<\/strong><\/h4>\n<p>Armslyngen har en lomme i bomull\/polyester med barnetrykk og en skulderstropp i bomull med kontaktlukking for enkel tilpasning. Utviklet for \u00e5 sikre immobilisering av skulderen etter skader hos sm\u00e5 barn. Kan brukes sammen med gips. Barnevennlig design med bamsemotiv og enkel festeanordning slik at barnet selv kan ta den av og p\u00e5 og justere den. Anbefales for at barnet ikke skal sl\u00e5 den skadde underarmen, albuen eller skulderen mot gjenstander i lek. Kan brukes til b\u00e5de h\u00f8yre og venstre arm.     <\/p>\n<p><strong>St\u00f8rrelsesguide<\/strong><\/p>\n<p><strong>Tilgjengelig i 2 lengder (28 cm og 33 cm lang)  <\/strong><\/p>\n<p><strong>Se video lenger ned i teksten for lengdebestemmelse<\/strong><\/p>\n<p><strong>Lengde Str.<\/strong><\/p>\n<p><strong>28 cm XS<\/strong><\/p>\n<p><strong>33 cm S<\/strong><\/p>\n<p><iframe title=\"Opm\u00e5lingsvejledning til l\u00e6ngdem\u00e5l af underarmens yderside FysioLab\" width=\"800\" height=\"450\" src=\"https:\/\/www.youtube.com\/embed\/S2CDYE3hwRE?feature=oembed\" frameborder=\"0\" allow=\"accelerometer; autoplay; clipboard-write; encrypted-media; gyroscope; picture-in-picture; web-share\" referrerpolicy=\"strict-origin-when-cross-origin\" allowfullscreen><\/iframe><\/p>\n<p>&nbsp;<\/p>\n","protected":false},"excerpt":{"rendered":"<p><strong>Armslynge i barnevennlig design. Armslyngen anbefales ved smerter i underarm, albue og skulder. Kan brukes sammen med gips. Bra for \u00e5 beskytte gipsen mot smuss og rusk.   <\/p>\n<p><\/strong><\/p>\n","protected":false},"featured_media":79099,"comment_status":"closed","ping_status":"closed","template":"","meta":{"_acf_changed":false},"product_brand":[3139],"product_cat":[1932,2103,2258,2257,2101,2092,2252,1937,2000,2259,1933,2118],"product_tag":[2264],"class_list":{"0":"post-79076","1":"product","2":"type-product","3":"status-publish","4":"has-post-thumbnail","6":"product_brand-procare","7":"product_cat-albue-no","8":"product_cat-armbrudd-barn-armvern-i-gips-for-barn","9":"product_cat-armslynge-barn","10":"product_cat-behandling-med-gipsavstoepning","11":"product_cat-beskyttelse-av-gips","12":"product_cat-brudd-i-albuen","13":"product_cat-immobilisering-av-albuen","14":"product_cat-merkevarer","15":"product_cat-procare-no","16":"product_cat-procare-armslynge-no","17":"product_cat-skinner-og-stoetteskinner","18":"product_cat-skulder-no","19":"product_tag-procare-no","21":"first","22":"instock","23":"taxable","24":"shipping-taxable","25":"purchasable","26":"product-type-variable"},"acf":[],"_links":{"self":[{"href":"https:\/\/fysiolab.dk\/no\/wp-json\/wp\/v2\/product\/79076","targetHints":{"allow":["GET"]}}],"collection":[{"href":"https:\/\/fysiolab.dk\/no\/wp-json\/wp\/v2\/product"}],"about":[{"href":"https:\/\/fysiolab.dk\/no\/wp-json\/wp\/v2\/types\/product"}],"replies":[{"embeddable":true,"href":"https:\/\/fysiolab.dk\/no\/wp-json\/wp\/v2\/comments?post=79076"}],"wp:featuredmedia":[{"embeddable":true,"href":"https:\/\/fysiolab.dk\/no\/wp-json\/wp\/v2\/media\/79099"}],"wp:attachment":[{"href":"https:\/\/fysiolab.dk\/no\/wp-json\/wp\/v2\/media?parent=79076"}],"wp:term":[{"taxonomy":"product_brand","embeddable":true,"href":"https:\/\/fysiolab.dk\/no\/wp-json\/wp\/v2\/product_brand?post=79076"},{"taxonomy":"product_cat","embeddable":true,"href":"https:\/\/fysiolab.dk\/no\/wp-json\/wp\/v2\/product_cat?post=79076"},{"taxonomy":"product_tag","embeddable":true,"href":"https:\/\/fysiolab.dk\/no\/wp-json\/wp\/v2\/product_tag?post=79076"}],"curies":[{"name":"wp","href":"https:\/\/api.w.org\/{rel}","templated":true}]}}