{"id":79102,"date":"2023-07-16T12:46:29","date_gmt":"2023-07-16T10:46:29","guid":{"rendered":"https:\/\/fysiolab.dk\/product\/liiteguard-performance-kit\/"},"modified":"2025-12-18T09:22:44","modified_gmt":"2025-12-18T08:22:44","slug":"liiteguard-performance-kit","status":"publish","type":"product","link":"https:\/\/fysiolab.dk\/no\/product\/liiteguard-performance-kit\/","title":{"rendered":"LiiteGuard Performance fotballsett"},"content":{"rendered":"<p data-start=\"0\" data-end=\"46\"><strong data-start=\"0\" data-end=\"44\">LiiteGuard PERFORMANCE fotballsett<\/strong><\/p>\n<p data-start=\"48\" data-end=\"525\">LiiteGuard PERFORMANCE Football Sock Kit er det ultimate settet for fotballspillere som \u00f8nsker maksimal komfort, st\u00f8tte og ytelse p\u00e5 banen. Settet kombinerer en avansert <g id=\"gid_0\">kompresjonssokk<\/g> med en <g id=\"gid_1\">formbar leggbeskytter<\/g> som sitter sikkert i den integrerte lommen - uten tape eller ekstra fiksering. Sokken er designet med <strong data-start=\"378\" data-end=\"424\">m\u00e5lrettet st\u00f8tte rundt foten, ankelen og leggen<\/strong>, noe som \u00f8ker blodsirkulasjonen, reduserer muskeltretthet og gir optimal st\u00f8tte til akillessenen.  <\/p>\n<p data-start=\"527\" data-end=\"734\">Sokken kjennetegnes av <strong data-start=\"556\" data-end=\"578\">anatomisk passform<\/strong>, <strong data-start=\"580\" data-end=\"604\">s\u00f8ml\u00f8s konstruksjon<\/strong>, <strong data-start=\"606\" data-end=\"623\">sklisikker s\u00e5le<\/strong> og et <strong data-start=\"627\" data-end=\"660\">svetteavvisende materiale<\/strong> som holder foten t\u00f8rr og komfortabel gjennom hele trenings\u00f8kten eller kampen.<\/p>\n<p data-start=\"736\" data-end=\"1121\">Forming av skinnen<strong data-start=\"736\" data-end=\"760\">:<\/strong> Den formbare benskinnen kan tilpasses direkte til leggen. Den varmes opp i kokende vann (ca. 62 \u00b0C) til plasten blir fleksibel. Deretter formes skinnen forsiktig rundt leggen slik at den f\u00f8lger benets naturlige kontur. Etter hvert som plasten avkj\u00f8les og stivner, f\u00e5r du en <strong data-start=\"1038\" data-end=\"1068\">personlig, perfekt passform<\/strong> som gir stabil passform og maksimal beskyttelse.   <\/p>\n<p data-start=\"1123\" data-end=\"1291\"><strong data-start=\"1123\" data-end=\"1134\">Farger:<\/strong> Svart, hvit, r\u00f8d, bl\u00e5, gr\u00f8nn, m\u00f8rker\u00f8d og m\u00f8rkegr\u00f8nn<br data-start=\"1184\" data-end=\"1187\"><strong data-start=\"1187\" data-end=\"1202\">St\u00f8rrelser:<\/strong> 36-39, 40-43, 44-47<br data-start=\"1222\" data-end=\"1225\"><strong data-start=\"1225\" data-end=\"1240\">Inkluderer<\/strong>: 1 par PERFORMANCE-sokker + 2 formbare leggbeskyttere<\/p>\n<p data-start=\"1293\" data-end=\"1429\" data-is-last-node=\"\" data-is-only-node=\"\">Dette settet kombinerer <strong data-start=\"1314\" data-end=\"1384\">beskyttelse, komfort, personlig tilpasning og maksimal ytelse, og<\/strong> er ideelt for b\u00e5de profesjonelle og amat\u00f8rer.<\/p>\n","protected":false},"excerpt":{"rendered":"<p><strong>LiiteGuard Performance Football Kit kombinerer kompresjon, komfort og personlig tilpasning med formbare leggbeskyttere som passer sikkert i den integrerte lommen. Sokken gir st\u00f8tte til fot, ankel og legg, mens skinnen former seg direkte etter leggen for maksimal beskyttelse. <\/strong><\/p>\n","protected":false},"featured_media":99099,"comment_status":"closed","ping_status":"closed","template":"","meta":{"_acf_changed":false},"product_brand":[],"product_cat":[2260,2256,2020,1966,1968,1965,1937,2244],"product_tag":[1971],"class_list":{"0":"post-79102","1":"product","2":"type-product","3":"status-publish","4":"has-post-thumbnail","6":"product_cat-benbeskyttere-for-fotball","7":"product_cat-fotballsokker","8":"product_cat-julegaveideer-no","9":"product_cat-klaer","10":"product_cat-liiteguard-no-2","11":"product_cat-liiteguard-no","12":"product_cat-merkevarer","13":"product_cat-sokker","14":"product_tag-liiteguard-no","16":"first","17":"instock","18":"taxable","19":"shipping-taxable","20":"purchasable","21":"product-type-variable"},"acf":[],"_links":{"self":[{"href":"https:\/\/fysiolab.dk\/no\/wp-json\/wp\/v2\/product\/79102","targetHints":{"allow":["GET"]}}],"collection":[{"href":"https:\/\/fysiolab.dk\/no\/wp-json\/wp\/v2\/product"}],"about":[{"href":"https:\/\/fysiolab.dk\/no\/wp-json\/wp\/v2\/types\/product"}],"replies":[{"embeddable":true,"href":"https:\/\/fysiolab.dk\/no\/wp-json\/wp\/v2\/comments?post=79102"}],"wp:featuredmedia":[{"embeddable":true,"href":"https:\/\/fysiolab.dk\/no\/wp-json\/wp\/v2\/media\/99099"}],"wp:attachment":[{"href":"https:\/\/fysiolab.dk\/no\/wp-json\/wp\/v2\/media?parent=79102"}],"wp:term":[{"taxonomy":"product_brand","embeddable":true,"href":"https:\/\/fysiolab.dk\/no\/wp-json\/wp\/v2\/product_brand?post=79102"},{"taxonomy":"product_cat","embeddable":true,"href":"https:\/\/fysiolab.dk\/no\/wp-json\/wp\/v2\/product_cat?post=79102"},{"taxonomy":"product_tag","embeddable":true,"href":"https:\/\/fysiolab.dk\/no\/wp-json\/wp\/v2\/product_tag?post=79102"}],"curies":[{"name":"wp","href":"https:\/\/api.w.org\/{rel}","templated":true}]}}