{"id":79133,"date":"2023-07-16T12:38:40","date_gmt":"2023-07-16T10:38:40","guid":{"rendered":"https:\/\/fysiolab.dk\/product\/aircast-air-stirrup-classic-ankelskinne\/"},"modified":"2025-12-18T09:22:58","modified_gmt":"2025-12-18T08:22:58","slug":"aircast-air-stirrup-classic-ankelskinne","status":"publish","type":"product","link":"https:\/\/fysiolab.dk\/no\/product\/aircast-air-stirrup-classic-ankelskinne\/","title":{"rendered":"AIRCAST Air-Stirrup Classic ankelskinne"},"content":{"rendered":"<h4><strong>Optimal anvendelse<\/p>\n<p><\/strong><\/h4>\n<p>Mediumfast, anatomisk utformet skall som gir beskyttelse og komfort og forhindrer inversjon\/vending. Det patenterte Duplex-luftputesystemet forbedrer skraping og reduserer hevelse. Luftputene gir rask beskyttelse av ankelen i den akutte fasen og anbefales derfor til idrettsut\u00f8vere med risiko for vridning under idrettsaktivitet. Lett \u00e5 ta p\u00e5 p\u00e5 grunn av luftputene. God passform i skoene gir mulighet for tidlig, beskyttet vektb\u00e6ring.      <strong>Leveres i 3 st\u00f8rrelser - angitt med h\u00f8yden p\u00e5 skaftet som st\u00f8tter underbenet (22, 23 og 27 cm).<\/strong><\/p>\n<p><strong>Tilgjengelig i h\u00f8yre- og venstremodeller.<\/strong><\/p>\n<p><strong>St\u00f8rrelsesguide (bestill etter hvor langt opp p\u00e5 leggen du \u00f8nsker at den skal g\u00e5)<\/strong><\/p>\n<p><strong>H\u00f8yde Str.<\/strong><\/p>\n<p><strong>22 cm S<\/strong><\/p>\n<p><strong>23 cm M<\/strong><\/p>\n<p><strong>27 cm L<\/strong><\/p>\n<p>&nbsp;<\/p>\n<p><iframe title=\"Aircast Air-Stirrup ankelbandage\" width=\"800\" height=\"450\" src=\"https:\/\/www.youtube.com\/embed\/QuHh9hDTwpI?feature=oembed\" frameborder=\"0\" allow=\"accelerometer; autoplay; clipboard-write; encrypted-media; gyroscope; picture-in-picture; web-share\" referrerpolicy=\"strict-origin-when-cross-origin\" allowfullscreen><\/iframe><\/p>\n<p><iframe title=\"Aircast Air-Stirrup Ankle Brace Fitting\" width=\"800\" height=\"450\" src=\"https:\/\/www.youtube.com\/embed\/c-CUTEBvzdc?feature=oembed\" frameborder=\"0\" allow=\"accelerometer; autoplay; clipboard-write; encrypted-media; gyroscope; picture-in-picture; web-share\" referrerpolicy=\"strict-origin-when-cross-origin\" allowfullscreen><\/iframe><\/p>\n","protected":false},"excerpt":{"rendered":"<p><strong>Mediumfast, anatomisk utformet skall som gir beskyttelse og komfort og forhindrer inversjon\/vending. Patentert Duplex-luftputesystem som forbedrer sirkulasjonen og reduserer hevelse. Ideell for behandling av akutte skader etter traumer.  <\/p>\n<p><\/strong><\/p>\n","protected":false},"featured_media":79159,"comment_status":"closed","ping_status":"closed","template":"","meta":{"_acf_changed":false},"product_brand":[3092],"product_cat":[2129,2183,2262,2074,1992,2182,2076,2181,1937,1933,2077],"product_tag":[2614],"class_list":{"0":"post-79133","1":"product","2":"type-product","3":"status-publish","4":"has-post-thumbnail","6":"product_brand-aircast","7":"product_cat-aircast-no","8":"product_cat-aircast-ankelstoette","9":"product_cat-akutte-smerter-i-ankelen","10":"product_cat-ankelforstuing","11":"product_cat-ankelskinne","12":"product_cat-ankelskinner-for-haandball","13":"product_cat-ankelvridning","14":"product_cat-artrose-i-ankelleddet","15":"product_cat-merkevarer","16":"product_cat-skinner-og-stoetteskinner","17":"product_cat-ustabil-ankel-no","18":"product_tag-aircast-no","20":"first","21":"instock","22":"taxable","23":"shipping-taxable","24":"purchasable","25":"product-type-variable"},"acf":[],"_links":{"self":[{"href":"https:\/\/fysiolab.dk\/no\/wp-json\/wp\/v2\/product\/79133","targetHints":{"allow":["GET"]}}],"collection":[{"href":"https:\/\/fysiolab.dk\/no\/wp-json\/wp\/v2\/product"}],"about":[{"href":"https:\/\/fysiolab.dk\/no\/wp-json\/wp\/v2\/types\/product"}],"replies":[{"embeddable":true,"href":"https:\/\/fysiolab.dk\/no\/wp-json\/wp\/v2\/comments?post=79133"}],"wp:featuredmedia":[{"embeddable":true,"href":"https:\/\/fysiolab.dk\/no\/wp-json\/wp\/v2\/media\/79159"}],"wp:attachment":[{"href":"https:\/\/fysiolab.dk\/no\/wp-json\/wp\/v2\/media?parent=79133"}],"wp:term":[{"taxonomy":"product_brand","embeddable":true,"href":"https:\/\/fysiolab.dk\/no\/wp-json\/wp\/v2\/product_brand?post=79133"},{"taxonomy":"product_cat","embeddable":true,"href":"https:\/\/fysiolab.dk\/no\/wp-json\/wp\/v2\/product_cat?post=79133"},{"taxonomy":"product_tag","embeddable":true,"href":"https:\/\/fysiolab.dk\/no\/wp-json\/wp\/v2\/product_tag?post=79133"}],"curies":[{"name":"wp","href":"https:\/\/api.w.org\/{rel}","templated":true}]}}