{"id":79134,"date":"2023-07-16T12:37:40","date_gmt":"2023-07-16T10:37:40","guid":{"rendered":"https:\/\/fysiolab.dk\/product\/donjoy-tru-pull-advanced-hinged-system-knestoette\/"},"modified":"2025-12-18T09:22:59","modified_gmt":"2025-12-18T08:22:59","slug":"donjoy-tru-pull-advanced-hinged-system-knestoette","status":"publish","type":"product","link":"https:\/\/fysiolab.dk\/no\/product\/donjoy-tru-pull-advanced-hinged-system-knestoette\/","title":{"rendered":"DonJoy Tru-Pull Advanced Hinged System knest\u00f8tte"},"content":{"rendered":"<h4><strong>Optimal bruk av Tru-Pull Advanced Hinged System<\/p>\n<p><\/strong><\/h4>\n<p>Det patenterte Hinged Tru-Pull Advanced System og Tru-Pull Advanced System er utviklet for \u00e5 trekke dynamisk i patella under ekstensjon av kneet for \u00e5 normalisere sporingen i det intrakondyl\u00e6re sporet og redusere smerter i fremre del av kneet. En ideell l\u00f8sning for personer som trenger optimal st\u00f8tte ved patellofemorale feilstillinger, subluksasjoner og dislokasjoner. Tilgjengelig med aluminiumshengsler for ekstra st\u00f8tte p\u00e5 midten\/utenfor (medial\/lateral) og kontroll av hyperekstensjon av kneet.  <\/p>\n<p><b>Fordeler og funksjoner<\/b><\/p>\n<ul>\n<li>Pustende erme med elastisk stretch med trekkstropp over og under knesk\u00e5len<\/li>\n<li>Uavhengige ankere forhindrer rotasjon av skinnen og gir \"ekte\" og konsekvent trekkraft i tibia for \u00e5 unng\u00e5 lateral dislokasjon av patella (lateral subluksasjon)<\/li>\n<li>Justerbare avstivere som gir en justerbar grad av st\u00f8tte<\/li>\n<\/ul>\n<p><strong>Tilgjengelig i h\u00f8yre- og venstremodeller<\/strong><\/p>\n<p><strong>St\u00f8rrelsesguide<\/strong><\/p>\n<p><strong>Omkretsen m\u00e5les 15 cm over knesk\u00e5len  <\/strong><\/p>\n<p><a href=\"https:\/\/dev.fysiolab.dk\/wp-content\/uploads\/2025\/05\/Billede1.jpg\"><img fetchpriority=\"high\" decoding=\"async\" class=\"alignnone size-medium wp-image-202393828\" src=\"https:\/\/dev.fysiolab.dk\/wp-content\/uploads\/2025\/05\/Billede1-267x300.jpg\" alt=\"\" width=\"267\" height=\"300\" title=\"\"><\/a><\/p>\n<p><strong>Omkrets Str<\/strong><\/p>\n<p><strong>33-39 cm XS<\/strong><\/p>\n<p><strong>39-47 cm S<\/strong><\/p>\n<p><strong>47-53 cm M<\/strong><\/p>\n<p><strong>53-60 cm L<\/strong><\/p>\n<p><strong>60-67 cm XL<\/strong><\/p>\n<p><strong>67-75 cm XXL<\/strong><\/p>\n<p><strong>75-81 cm XXXL<\/strong><\/p>\n<p>&nbsp;<\/p>\n","protected":false},"excerpt":{"rendered":"<p><strong>Det patenterte Hinged Tru-Pull Advanced System og Tru-Pull Advanced System er utviklet for \u00e5 p\u00e5f\u00f8re et dynamisk trekk p\u00e5 patella under kneekstensjon for \u00e5 normalisere sporingen i den intrakondyl\u00e6re rillen og redusere smerter i fremre del<\/strong> av <strong>kneet<\/strong>.<\/p>\n<p> https:\/\/www.youtube.com\/watch?v=gHZnfVzfG_k<\/p>\n","protected":false},"featured_media":79151,"comment_status":"closed","ping_status":"closed","template":"","meta":{"_acf_changed":false},"product_brand":[3091],"product_cat":[1938,1977,1978,1980,2199,1937,1933],"product_tag":[2173],"class_list":{"0":"post-79134","1":"product","2":"type-product","3":"status-publish","4":"has-post-thumbnail","6":"product_brand-donjoy","7":"product_cat-donjoy-no","8":"product_cat-donjoy-knestoette","9":"product_cat-knestoetter","10":"product_cat-kollateral-ligamentskade","11":"product_cat-loes-kneskaal-patellaluksasjon-og-smerter-i-kneskaalen","12":"product_cat-merkevarer","13":"product_cat-skinner-og-stoetteskinner","14":"product_tag-donjoy-no","16":"first","17":"instock","18":"taxable","19":"shipping-taxable","20":"purchasable","21":"product-type-variable"},"acf":[],"_links":{"self":[{"href":"https:\/\/fysiolab.dk\/no\/wp-json\/wp\/v2\/product\/79134","targetHints":{"allow":["GET"]}}],"collection":[{"href":"https:\/\/fysiolab.dk\/no\/wp-json\/wp\/v2\/product"}],"about":[{"href":"https:\/\/fysiolab.dk\/no\/wp-json\/wp\/v2\/types\/product"}],"replies":[{"embeddable":true,"href":"https:\/\/fysiolab.dk\/no\/wp-json\/wp\/v2\/comments?post=79134"}],"wp:featuredmedia":[{"embeddable":true,"href":"https:\/\/fysiolab.dk\/no\/wp-json\/wp\/v2\/media\/79151"}],"wp:attachment":[{"href":"https:\/\/fysiolab.dk\/no\/wp-json\/wp\/v2\/media?parent=79134"}],"wp:term":[{"taxonomy":"product_brand","embeddable":true,"href":"https:\/\/fysiolab.dk\/no\/wp-json\/wp\/v2\/product_brand?post=79134"},{"taxonomy":"product_cat","embeddable":true,"href":"https:\/\/fysiolab.dk\/no\/wp-json\/wp\/v2\/product_cat?post=79134"},{"taxonomy":"product_tag","embeddable":true,"href":"https:\/\/fysiolab.dk\/no\/wp-json\/wp\/v2\/product_tag?post=79134"}],"curies":[{"name":"wp","href":"https:\/\/api.w.org\/{rel}","templated":true}]}}