{"id":79162,"date":"2023-07-16T12:37:40","date_gmt":"2023-07-16T10:37:40","guid":{"rendered":"https:\/\/fysiolab.dk\/product\/procare-surround-patella-strap-kneskinne\/"},"modified":"2025-12-18T09:22:59","modified_gmt":"2025-12-18T08:22:59","slug":"procare-surround-patella-strap-kneskinne","status":"publish","type":"product","link":"https:\/\/fysiolab.dk\/no\/product\/procare-surround-patella-strap-kneskinne\/","title":{"rendered":"PROCARE Surround Patella Strap kneskinne"},"content":{"rendered":"<h4><strong>Optimal anvendelse<\/strong><\/h4>\n<p>Surround Patella Strap bidrar til \u00e5 lindre smerter i fremre del av kneet for\u00e5rsaket av hopperkne, kondromalasi og Osgood Schlatter ved \u00e5 legge belastning p\u00e5 patellasenen. Stroppens hoveddel er et mykt, lateksfritt nylon-\/skumplastlaminat med borrel\u00e5sfeste. En unik sylindrisk gelbl\u00e6re er innebygd i kjernen av knesk\u00e5lstroppen og kan justeres for \u00e5 \u00f8ke kompresjonen. Gelen er laget av et unikt materiale som gir et jevnt trykk og en brukerspesifikk passform, samtidig som den forhindrer at trykket overf\u00f8res til knokkelfremspring.   <\/p>\n<p><strong>St\u00f8rrelsesguide<\/strong><\/p>\n<p><strong>M\u00e5l omkretsen av kneet under knesk\u00e5len (se video med instruksjoner lenger ned i teksten)<\/strong><\/p>\n<p><a href=\"https:\/\/dev.fysiolab.dk\/wp-content\/uploads\/2025\/05\/K3-1.png\"><img fetchpriority=\"high\" decoding=\"async\" class=\"alignnone size-medium wp-image-202393482\" src=\"https:\/\/dev.fysiolab.dk\/wp-content\/uploads\/2025\/05\/K3-1-300x169.png\" alt=\"\" width=\"300\" height=\"169\" title=\"\"><\/a><\/p>\n<p><strong>Omkrets Str<\/strong><\/p>\n<p><strong>&lt;25 cm XS<\/strong><\/p>\n<p><strong>26-31 cm S<\/strong><\/p>\n<p><strong>32-38 cm M<\/strong><\/p>\n<p><strong>39-44 cm L<\/strong><\/p>\n<p><strong>+45 cm XL<\/strong><\/p>\n<p><strong>Fordeler og funksjoner<\/strong><\/p>\n<ul>\n<li>Mykt, lateksfritt materiale<\/li>\n<li>Enkel kontaktlukking<\/li>\n<li>Med innlagt gelbl\u00e6re for jevn kompresjon<\/li>\n<\/ul>\n<p>&nbsp;<\/p>\n","protected":false},"excerpt":{"rendered":"<p><strong>ProCare Surround Patella Strap bidrar til \u00e5 lindre fremre knesmerter for\u00e5rsaket av hopperkne, kondromalasi og Osgood Schlatter ved \u00e5 legge belastning p\u00e5 patellasenen<\/strong>.<\/p>\n<p>https:\/\/www.youtube.com\/watch?v=00TC7Jtjqs8<\/p>\n","protected":false},"featured_media":79170,"comment_status":"closed","ping_status":"closed","template":"","meta":{"_acf_changed":false},"product_brand":[],"product_cat":[2011,1978,2010,2199,1937,2009,1970,2000,2263,1933],"product_tag":[2264],"class_list":{"0":"post-79162","1":"product","2":"type-product","3":"status-publish","4":"has-post-thumbnail","6":"product_cat-hopperkneet","7":"product_cat-knestoetter","8":"product_cat-loeperkne","9":"product_cat-loes-kneskaal-patellaluksasjon-og-smerter-i-kneskaalen","10":"product_cat-merkevarer","11":"product_cat-osgood-snakk","12":"product_cat-padel-no","13":"product_cat-procare-no","14":"product_cat-procare-knestoette","15":"product_cat-skinner-og-stoetteskinner","16":"product_tag-procare-no","18":"first","19":"instock","20":"taxable","21":"shipping-taxable","22":"purchasable","23":"product-type-variable"},"acf":[],"_links":{"self":[{"href":"https:\/\/fysiolab.dk\/no\/wp-json\/wp\/v2\/product\/79162","targetHints":{"allow":["GET"]}}],"collection":[{"href":"https:\/\/fysiolab.dk\/no\/wp-json\/wp\/v2\/product"}],"about":[{"href":"https:\/\/fysiolab.dk\/no\/wp-json\/wp\/v2\/types\/product"}],"replies":[{"embeddable":true,"href":"https:\/\/fysiolab.dk\/no\/wp-json\/wp\/v2\/comments?post=79162"}],"wp:featuredmedia":[{"embeddable":true,"href":"https:\/\/fysiolab.dk\/no\/wp-json\/wp\/v2\/media\/79170"}],"wp:attachment":[{"href":"https:\/\/fysiolab.dk\/no\/wp-json\/wp\/v2\/media?parent=79162"}],"wp:term":[{"taxonomy":"product_brand","embeddable":true,"href":"https:\/\/fysiolab.dk\/no\/wp-json\/wp\/v2\/product_brand?post=79162"},{"taxonomy":"product_cat","embeddable":true,"href":"https:\/\/fysiolab.dk\/no\/wp-json\/wp\/v2\/product_cat?post=79162"},{"taxonomy":"product_tag","embeddable":true,"href":"https:\/\/fysiolab.dk\/no\/wp-json\/wp\/v2\/product_tag?post=79162"}],"curies":[{"name":"wp","href":"https:\/\/api.w.org\/{rel}","templated":true}]}}