{"id":79163,"date":"2023-07-16T12:38:39","date_gmt":"2023-07-16T10:38:39","guid":{"rendered":"https:\/\/fysiolab.dk\/product\/procare-universal-wrist-o-prene-haandleddsstoette\/"},"modified":"2025-12-18T09:22:58","modified_gmt":"2025-12-18T08:22:58","slug":"procare-universal-wrist-o-prene-haandleddsstoette","status":"publish","type":"product","link":"https:\/\/fysiolab.dk\/no\/product\/procare-universal-wrist-o-prene-haandleddsstoette\/","title":{"rendered":"PROCARE Universal Wrist-O-Prene h\u00e5ndleddsst\u00f8tte"},"content":{"rendered":"<h4><strong>Optimal anvendelse<\/strong><\/h4>\n<p>Neoprenskinnen gir kompresjon og st\u00f8tte ved behandling av karpaltunnelsyndrom (CTS) og forstuinger og belastninger i h\u00e5ndleddet.<\/p>\n<p><strong>Fordeler og funksjoner<\/strong><\/p>\n<ul>\n<li>Neoprenskinne gir kompresjon og st\u00f8tte ved behandling av karpaltunnelsyndrom (CTS) og forstuinger og belastninger i h\u00e5ndleddet<\/li>\n<li>Avtakbare, buede aluminiumsavstivninger i h\u00e5ndflaten<\/li>\n<li>Innvendig kontaktlukking for enkel bruk og god passform<\/li>\n<li>Slitesterk konstruksjon som t\u00e5ler slitasje under trening, sportsaktiviteter og repetitivt, ensformig arbeid<\/li>\n<li>Universell st\u00f8rrelse<\/li>\n<li>Tilgjengelig i h\u00f8yre- og venstremodeller<\/li>\n<\/ul>\n<p><strong>St\u00f8rrelsesguide  <\/strong><\/p>\n<p><strong>Bandasjen leveres i universalst\u00f8rrelse og tilpasses etter dine behov<\/strong><\/p>\n<p>&nbsp;<\/p>\n<p>&nbsp;<\/p>\n","protected":false},"excerpt":{"rendered":"<p><strong>Neoprenskinne som gir kompresjon og st\u00f8tte ved behandling av karpaltunnelsyndrom (CTS) og forstuinger og belastninger i h\u00e5ndleddet. Tilgjengelig i h\u00f8yre og venstre modell. <\/strong><\/p>\n<p>&nbsp;<\/p>\n","protected":false},"featured_media":79176,"comment_status":"closed","ping_status":"closed","template":"","meta":{"_acf_changed":false},"product_brand":[],"product_cat":[2071,2041,2043,2040,2265,2068,1937,1970,2000,2201,2067,2070,2069,2064,1933,2065],"product_tag":[2264],"class_list":{"0":"post-79163","1":"product","2":"type-product","3":"status-publish","4":"has-post-thumbnail","6":"product_cat-artrose-i-haandleddet","7":"product_cat-fingre-no","8":"product_cat-forstuing-og-overbelastning-av-haandleddet","9":"product_cat-haand-og-haandleddsskinne","10":"product_cat-haandleddsbeskytter-for-trening","11":"product_cat-karpaltunnelsyndrom-no","12":"product_cat-merkevarer","13":"product_cat-padel-no","14":"product_cat-procare-no","15":"product_cat-procare-haandledds-og-fingerbandasjer","16":"product_cat-senebetennelse","17":"product_cat-senebetennelse-i-haandleddet","18":"product_cat-senebetennelse-i-tommelen","19":"product_cat-skiloeperens-tommel","20":"product_cat-skinner-og-stoetteskinner","21":"product_cat-smerter-i-tommelens-rotledd","22":"product_tag-procare-no","24":"first","25":"instock","26":"taxable","27":"shipping-taxable","28":"purchasable","29":"product-type-variable"},"acf":[],"_links":{"self":[{"href":"https:\/\/fysiolab.dk\/no\/wp-json\/wp\/v2\/product\/79163","targetHints":{"allow":["GET"]}}],"collection":[{"href":"https:\/\/fysiolab.dk\/no\/wp-json\/wp\/v2\/product"}],"about":[{"href":"https:\/\/fysiolab.dk\/no\/wp-json\/wp\/v2\/types\/product"}],"replies":[{"embeddable":true,"href":"https:\/\/fysiolab.dk\/no\/wp-json\/wp\/v2\/comments?post=79163"}],"wp:featuredmedia":[{"embeddable":true,"href":"https:\/\/fysiolab.dk\/no\/wp-json\/wp\/v2\/media\/79176"}],"wp:attachment":[{"href":"https:\/\/fysiolab.dk\/no\/wp-json\/wp\/v2\/media?parent=79163"}],"wp:term":[{"taxonomy":"product_brand","embeddable":true,"href":"https:\/\/fysiolab.dk\/no\/wp-json\/wp\/v2\/product_brand?post=79163"},{"taxonomy":"product_cat","embeddable":true,"href":"https:\/\/fysiolab.dk\/no\/wp-json\/wp\/v2\/product_cat?post=79163"},{"taxonomy":"product_tag","embeddable":true,"href":"https:\/\/fysiolab.dk\/no\/wp-json\/wp\/v2\/product_tag?post=79163"}],"curies":[{"name":"wp","href":"https:\/\/api.w.org\/{rel}","templated":true}]}}