{"id":79179,"date":"2023-07-16T12:37:18","date_gmt":"2023-07-16T10:37:18","guid":{"rendered":"https:\/\/fysiolab.dk\/product\/donjoy-tru-pull-advanced-system-knestoette\/"},"modified":"2025-12-18T09:23:00","modified_gmt":"2025-12-18T08:23:00","slug":"donjoy-tru-pull-advanced-system-knestoette","status":"publish","type":"product","link":"https:\/\/fysiolab.dk\/no\/product\/donjoy-tru-pull-advanced-system-knestoette\/","title":{"rendered":"DONJOY Tru-Pull Advanced System knest\u00f8tte"},"content":{"rendered":"<p><strong>Optimal bruk av DONJOY Tru-Pull Advanced System knest\u00f8tte<\/strong><\/p>\n<p>&nbsp;<\/p>\n<p>Denne knest\u00f8tten er utviklet for \u00e5 gi en dynamisk, komfortabel og enkel m\u00e5te \u00e5 effektivt redusere smerter i knesk\u00e5len (patellofemorale smerter). Effekten oppn\u00e5s ved hjelp av det elastiske trekket som skyver knesk\u00e5len innover og forbedrer sporingen av knesk\u00e5len. Laget av pustende materiale.  <\/p>\n<p><strong>St\u00f8rrelsesguide<\/strong><\/p>\n<p><strong>Tilgjengelig i h\u00f8yre- og venstremodeller<\/strong><\/p>\n<p><strong>Kn\u00e6rnes omkrets m\u00e5les 15 cm over knesk\u00e5len<\/strong><\/p>\n<p><a href=\"https:\/\/dev.fysiolab.dk\/wp-content\/uploads\/2025\/05\/Billede1.jpg\"><img fetchpriority=\"high\" decoding=\"async\" class=\"alignnone size-medium wp-image-202393828\" src=\"https:\/\/dev.fysiolab.dk\/wp-content\/uploads\/2025\/05\/Billede1-267x300.jpg\" alt=\"\" width=\"267\" height=\"300\" title=\"\"><\/a><\/p>\n<p><strong>Omkrets Str<\/strong><\/p>\n<p><strong>33-39 cm XS<\/strong><\/p>\n<p><strong>39-47 cm S<\/strong><\/p>\n<p><strong>47-53 cm M<\/strong><\/p>\n<p><strong>53-60 cm L<\/strong><\/p>\n<p><strong>60-67 cm XL<\/strong><\/p>\n<p><strong>67-75 cm XXL<\/strong><\/p>\n<p><strong>75-81 cm XXXL<\/strong><\/p>\n<p>&nbsp;<\/p>\n<p><iframe title=\"DonJoy TruPull Advance Knee Brace - www.NationalBraceandSplint.com\" width=\"800\" height=\"600\" src=\"https:\/\/www.youtube.com\/embed\/DLz4qouMMVw?feature=oembed\" frameborder=\"0\" allow=\"accelerometer; autoplay; clipboard-write; encrypted-media; gyroscope; picture-in-picture; web-share\" referrerpolicy=\"strict-origin-when-cross-origin\" allowfullscreen><\/iframe><\/p>\n","protected":false},"excerpt":{"rendered":"<p><strong>Denne knest\u00f8tten er utviklet for \u00e5 gi en dynamisk, komfortabel og enkel m\u00e5te \u00e5 effektivt redusere smerter i knesk\u00e5len (patellofemorale smerter). Effekten oppn\u00e5s ved hjelp av det elastiske trekket som skyver knesk\u00e5len innover og forbedrer sporingen av knesk\u00e5len. Laget av pustende materiale.  <\/strong><\/p>\n<p>https:\/\/www.youtube.com\/watch?v=gHZnfVzfG_k<\/p>\n","protected":false},"featured_media":79204,"comment_status":"closed","ping_status":"closed","template":"","meta":{"_acf_changed":false},"product_brand":[3091],"product_cat":[1938,1977,1978,2199,1937,1933,2200,2016],"product_tag":[2173],"class_list":{"0":"post-79179","1":"product","2":"type-product","3":"status-publish","4":"has-post-thumbnail","6":"product_brand-donjoy","7":"product_cat-donjoy-no","8":"product_cat-donjoy-knestoette","9":"product_cat-knestoetter","10":"product_cat-loes-kneskaal-patellaluksasjon-og-smerter-i-kneskaalen","11":"product_cat-merkevarer","12":"product_cat-skinner-og-stoetteskinner","13":"product_cat-uspesifikke-smerter-i-fremre-del-av-kneet","14":"product_cat-uttak","15":"product_tag-donjoy-no","17":"first","18":"instock","19":"sale","20":"taxable","21":"shipping-taxable","22":"purchasable","23":"product-type-variable"},"acf":[],"_links":{"self":[{"href":"https:\/\/fysiolab.dk\/no\/wp-json\/wp\/v2\/product\/79179","targetHints":{"allow":["GET"]}}],"collection":[{"href":"https:\/\/fysiolab.dk\/no\/wp-json\/wp\/v2\/product"}],"about":[{"href":"https:\/\/fysiolab.dk\/no\/wp-json\/wp\/v2\/types\/product"}],"replies":[{"embeddable":true,"href":"https:\/\/fysiolab.dk\/no\/wp-json\/wp\/v2\/comments?post=79179"}],"wp:featuredmedia":[{"embeddable":true,"href":"https:\/\/fysiolab.dk\/no\/wp-json\/wp\/v2\/media\/79204"}],"wp:attachment":[{"href":"https:\/\/fysiolab.dk\/no\/wp-json\/wp\/v2\/media?parent=79179"}],"wp:term":[{"taxonomy":"product_brand","embeddable":true,"href":"https:\/\/fysiolab.dk\/no\/wp-json\/wp\/v2\/product_brand?post=79179"},{"taxonomy":"product_cat","embeddable":true,"href":"https:\/\/fysiolab.dk\/no\/wp-json\/wp\/v2\/product_cat?post=79179"},{"taxonomy":"product_tag","embeddable":true,"href":"https:\/\/fysiolab.dk\/no\/wp-json\/wp\/v2\/product_tag?post=79179"}],"curies":[{"name":"wp","href":"https:\/\/api.w.org\/{rel}","templated":true}]}}