{"id":79203,"date":"2023-07-16T12:38:16","date_gmt":"2023-07-16T10:38:16","guid":{"rendered":"https:\/\/fysiolab.dk\/product\/procare-universal-armslynge\/"},"modified":"2025-12-18T09:22:58","modified_gmt":"2025-12-18T08:22:58","slug":"procare-universal-armslynge","status":"publish","type":"product","link":"https:\/\/fysiolab.dk\/no\/product\/procare-universal-armslynge\/","title":{"rendered":"PROCARE Universal armslynge"},"content":{"rendered":"<h4><strong>Optimal anvendelse<\/strong><\/h4>\n<p>Slitesterkt bomulls- og polystyrenmateriale med lukking p\u00e5 skulderstroppen for riktig justering. En st\u00f8rrelse som passer de fleste. Ideell for immobilisering og st\u00f8tte av skulder- og albueledd. Armslyngen er enkel \u00e5 ta av og p\u00e5 og gir behagelig st\u00f8tte for armen n\u00e5r den skal beskyttes etter slag, operasjoner og andre smerter.     <strong>Tilgjengelig med og uten skulderpute.<\/strong><\/p>\n<p><strong>Universell st\u00f8rrelse<\/strong><\/p>\n<p>&nbsp;<\/p>\n","protected":false},"excerpt":{"rendered":"<p><strong>Armslynge som er ideell for immobilisering og st\u00f8tte av skulder- og albueledd. Holder armen tett inntil kroppen for \u00e5 unng\u00e5 st\u00f8t og slag.  Tilgjengelig med og uten skulderpute. Universell st\u00f8rrelse som tilpasser seg den enkelte  <\/strong><\/p>\n<p>&nbsp;<\/p>\n","protected":false},"featured_media":79209,"comment_status":"closed","ping_status":"closed","template":"","meta":{"_acf_changed":false},"product_brand":[3139],"product_cat":[1932,2249,2257,2250,2092,2270,2269,1937,2000,2259,1933,2118],"product_tag":[2264],"class_list":{"0":"post-79203","1":"product","2":"type-product","3":"status-publish","4":"has-post-thumbnail","6":"product_brand-procare","7":"product_cat-albue-no","8":"product_cat-avklemmingssyndrom","9":"product_cat-behandling-med-gipsavstoepning","10":"product_cat-bicepsruptur-no","11":"product_cat-brudd-i-albuen","12":"product_cat-brudd-paa-kragebeinet-kragebeinsbrudd","13":"product_cat-forstuet-skulder","14":"product_cat-merkevarer","15":"product_cat-procare-no","16":"product_cat-procare-armslynge-no","17":"product_cat-skinner-og-stoetteskinner","18":"product_cat-skulder-no","19":"product_tag-procare-no","21":"first","22":"instock","23":"taxable","24":"shipping-taxable","25":"purchasable","26":"product-type-variable"},"acf":[],"_links":{"self":[{"href":"https:\/\/fysiolab.dk\/no\/wp-json\/wp\/v2\/product\/79203","targetHints":{"allow":["GET"]}}],"collection":[{"href":"https:\/\/fysiolab.dk\/no\/wp-json\/wp\/v2\/product"}],"about":[{"href":"https:\/\/fysiolab.dk\/no\/wp-json\/wp\/v2\/types\/product"}],"replies":[{"embeddable":true,"href":"https:\/\/fysiolab.dk\/no\/wp-json\/wp\/v2\/comments?post=79203"}],"wp:featuredmedia":[{"embeddable":true,"href":"https:\/\/fysiolab.dk\/no\/wp-json\/wp\/v2\/media\/79209"}],"wp:attachment":[{"href":"https:\/\/fysiolab.dk\/no\/wp-json\/wp\/v2\/media?parent=79203"}],"wp:term":[{"taxonomy":"product_brand","embeddable":true,"href":"https:\/\/fysiolab.dk\/no\/wp-json\/wp\/v2\/product_brand?post=79203"},{"taxonomy":"product_cat","embeddable":true,"href":"https:\/\/fysiolab.dk\/no\/wp-json\/wp\/v2\/product_cat?post=79203"},{"taxonomy":"product_tag","embeddable":true,"href":"https:\/\/fysiolab.dk\/no\/wp-json\/wp\/v2\/product_tag?post=79203"}],"curies":[{"name":"wp","href":"https:\/\/api.w.org\/{rel}","templated":true}]}}