{"id":79206,"date":"2023-07-16T12:37:18","date_gmt":"2023-07-16T10:37:18","guid":{"rendered":"https:\/\/fysiolab.dk\/product\/donjoy-a22-titanium-kneskinne\/"},"modified":"2025-12-18T09:23:00","modified_gmt":"2025-12-18T08:23:00","slug":"donjoy-a22-titanium-kneskinne","status":"publish","type":"product","link":"https:\/\/fysiolab.dk\/no\/product\/donjoy-a22-titanium-kneskinne\/","title":{"rendered":"DONJOY A22 Titanium kneskinne"},"content":{"rendered":"<h4><strong>Optimal bruk av DONJOY A22 Titanium kneskinne<\/strong><\/h4>\n<p>Den spesialtilpassede A22-knest\u00f8tten er en av de beste knest\u00f8ttene. Den er laget av titan og brukes etter fremre og bakre korsb\u00e5ndskade, kollateralligamentskade eller etter korsb\u00e5ndsoperasjon. A-22 er en ekstremt lett og tynn kneskinne i et tiltalende design. Knest\u00f8tten er utstyrt med et dynamisk firepunktsledd som hindrer at kneet overstrekkes (hyperekstensjon). Utformingen av skinnen forhindrer lateral glidning og vridning av kneet og holder det utenfor risikosonen under aktivitetene dine. En f\u00f8lgesvenn for livet&#8230; p\u00e5 jobb, til sport og p\u00e5 skiferie&#8230;     <\/p>\n<p><strong>Fordeler og funksjoner  <\/strong><\/p>\n<ul>\n<li>Antimikrobielt belegg bidrar til \u00e5 n\u00f8ytralisere ubehagelig lukt samtidig som det \u00f8ker komforten og levetiden til tekstilene.<\/li>\n<li>Kompromissl\u00f8s ingeni\u00f8rkunst gir verdens f\u00f8rste titanskinne som har den perfekte balansen mellom vekt, styrke og optimal passform.<\/li>\n<li>\u00d8kt komfort - Puteceller absorberer st\u00f8t, fremmer stabilitet og gir riktig passform.<\/li>\n<li>Frihet til \u00e5 prestere - Aerodynamisk integrering av stropper og f\u00f4r gir en generelt flatere profil, noe som forbedrer komforten p\u00e5 banen.<\/li>\n<\/ul>\n<p><strong>St\u00f8rrelsesguide<\/strong><\/p>\n<p><strong>Denne skinnen er skreddersydd for ditt kne og ben. Kontakt FysioLab for en avtale om vurdering, m\u00e5ling, veiledning og tilpasning av sertifiserte DonJoy-fysioterapeuter Erik Risum &amp; Kristian Simonsen 9272 4444. Prisen for en fysisk konsultasjon er 495,-.  <\/strong><\/p>\n<p>&nbsp;<\/p>\n<p><iframe title=\"DonJoy A22\u2122 Custom Knee Brace\" width=\"800\" height=\"450\" src=\"https:\/\/www.youtube.com\/embed\/eKlUt4mdI4o?feature=oembed\" frameborder=\"0\" allow=\"accelerometer; autoplay; clipboard-write; encrypted-media; gyroscope; picture-in-picture; web-share\" referrerpolicy=\"strict-origin-when-cross-origin\" allowfullscreen><\/iframe><\/p>\n","protected":false},"excerpt":{"rendered":"<p><strong>Den spesialtilpassede A22-knest\u00f8tten er en av de beste knest\u00f8ttene. Den er laget av titan og brukes etter fremre og bakre korsb\u00e5ndskade, kollateralligamentskade eller etter korsb\u00e5ndskirurgi. Den lette vekten og den smarte designen gj\u00f8r skinnen til en allsidig sportsskinne. Denne skinnen er skreddersydd for ditt kne og ben. Kontakt FysioLab for en avtale om vurdering, m\u00e5ling, veiledning og tilpasning av sertifiserte DonJoy-fysioterapeuter Erik Risum &amp; Kristian Simonsen 9272 4444. Prisen for en fysisk konsultasjon er 495,-.  <\/strong><\/p>\n<p>&nbsp;<\/p>\n","protected":false},"featured_media":79212,"comment_status":"closed","ping_status":"closed","template":"","meta":{"_acf_changed":false},"product_brand":[3091],"product_cat":[2149,1938,2145,2159,2148,1937,1970,2160,2158,1933,2179],"product_tag":[2173],"class_list":{"0":"post-79206","1":"product","2":"type-product","3":"status-publish","4":"has-post-thumbnail","6":"product_brand-donjoy","7":"product_cat-alvorlig-ustabilitet-svaert-ustabil-no","8":"product_cat-donjoy-no","9":"product_cat-donjoy-kneskinne","10":"product_cat-fremre-korsbaandskade-acl","11":"product_cat-knestoetter-no","12":"product_cat-merkevarer","13":"product_cat-padel-no","14":"product_cat-skade-paa-bakre-korsbaand-pcl","15":"product_cat-skade-paa-det-laterale-kollaterale-ligamentet-lcl","16":"product_cat-skinner-og-stoetteskinner","17":"product_cat-skreddersydde-knestoetter","18":"product_tag-donjoy-no","19":"product_shipping_class-dropshipping-no","21":"first","22":"instock","23":"featured","24":"taxable","25":"shipping-taxable","26":"purchasable","27":"product-type-simple"},"acf":[],"_links":{"self":[{"href":"https:\/\/fysiolab.dk\/no\/wp-json\/wp\/v2\/product\/79206","targetHints":{"allow":["GET"]}}],"collection":[{"href":"https:\/\/fysiolab.dk\/no\/wp-json\/wp\/v2\/product"}],"about":[{"href":"https:\/\/fysiolab.dk\/no\/wp-json\/wp\/v2\/types\/product"}],"replies":[{"embeddable":true,"href":"https:\/\/fysiolab.dk\/no\/wp-json\/wp\/v2\/comments?post=79206"}],"wp:featuredmedia":[{"embeddable":true,"href":"https:\/\/fysiolab.dk\/no\/wp-json\/wp\/v2\/media\/79212"}],"wp:attachment":[{"href":"https:\/\/fysiolab.dk\/no\/wp-json\/wp\/v2\/media?parent=79206"}],"wp:term":[{"taxonomy":"product_brand","embeddable":true,"href":"https:\/\/fysiolab.dk\/no\/wp-json\/wp\/v2\/product_brand?post=79206"},{"taxonomy":"product_cat","embeddable":true,"href":"https:\/\/fysiolab.dk\/no\/wp-json\/wp\/v2\/product_cat?post=79206"},{"taxonomy":"product_tag","embeddable":true,"href":"https:\/\/fysiolab.dk\/no\/wp-json\/wp\/v2\/product_tag?post=79206"}],"curies":[{"name":"wp","href":"https:\/\/api.w.org\/{rel}","templated":true}]}}