{"id":79210,"date":"2023-07-16T12:37:40","date_gmt":"2023-07-16T10:37:40","guid":{"rendered":"https:\/\/fysiolab.dk\/product\/donjoy-tru-pull-advanced-attachment\/"},"modified":"2025-12-18T09:22:59","modified_gmt":"2025-12-18T08:22:59","slug":"donjoy-tru-pull-advanced-attachment","status":"publish","type":"product","link":"https:\/\/fysiolab.dk\/no\/product\/donjoy-tru-pull-advanced-attachment\/","title":{"rendered":"DONJOY Tru-Pull Advanced Attachment"},"content":{"rendered":"<h4><strong>Optimal bruk av DONJOY Tru-Pull Advanced Attachment<br \/>\n<\/strong><\/h4>\n<p>Tru-Pull Advanced Attachment kan brukes p\u00e5 DonJoy stiv ligament- og artroseskinner for ekstra st\u00f8tte og symptomatisk smertelindring ved patellofemorale problemer, inkludert ekstern (lateral) sporing, patellaluksasjon (subluksasjon\/dislokasjon) og irritasjon av patellarsenens feste (patellarsenebetennelse). Tru-Pull Advanced Attachment kan brukes til sportsaktiviteter (b\u00e5de kontakt- og ikke-kontaktsport) og\/eller hverdagsaktiviteter. <\/p>\n<p><strong>Fordeler og funksjoner<\/strong><\/p>\n<ul>\n<li>Elastomerisert trekkanordning som gir et kraftig dynamisk trekk p\u00e5 knesk\u00e5len (patella) n\u00e5r kneet strekkes (beveges i ekstensjon)<\/li>\n<li>Lett \u00e5 feste til skinnen.<\/li>\n<li>Kan bestilles som tilbeh\u00f8r til nye stive skinner eller som tilpasning til eksisterende skinner i bruk<\/li>\n<li>Spesialiserte materialer for et moderne, ikke-sykehuslignende uttrykk<\/li>\n<\/ul>\n<p><strong>St\u00f8rrelsesguide (kj\u00f8pes i henhold til st\u00f8rrelsen p\u00e5 skinnen den skal sitte p\u00e5)<\/strong><\/p>\n<p><strong>XS\/S<\/strong><\/p>\n<p><strong>M\/L\/XL<\/strong><\/p>\n<p><strong>XXL\/XXXL<\/strong><\/p>\n","protected":false},"excerpt":{"rendered":"<p><strong>Tru-Pull Advanced Attachment kan brukes p\u00e5 DonJoys stive ligament- og artroseskinner for ekstra st\u00f8tte og symptomatisk smertelindring ved patellaproblemer.<\/strong><\/p>\n","protected":false},"featured_media":79219,"comment_status":"closed","ping_status":"closed","template":"","meta":{"_acf_changed":false},"product_brand":[3091],"product_cat":[2148,1970,1933,2165],"product_tag":[2173],"class_list":{"0":"post-79210","1":"product","2":"type-product","3":"status-publish","4":"has-post-thumbnail","6":"product_brand-donjoy","7":"product_cat-knestoetter-no","8":"product_cat-padel-no","9":"product_cat-skinner-og-stoetteskinner","10":"product_cat-tilbehoer-ekstrautstyr-til-kneskinner","11":"product_tag-donjoy-no","13":"first","14":"instock","15":"taxable","16":"shipping-taxable","17":"purchasable","18":"product-type-variable"},"acf":[],"_links":{"self":[{"href":"https:\/\/fysiolab.dk\/no\/wp-json\/wp\/v2\/product\/79210","targetHints":{"allow":["GET"]}}],"collection":[{"href":"https:\/\/fysiolab.dk\/no\/wp-json\/wp\/v2\/product"}],"about":[{"href":"https:\/\/fysiolab.dk\/no\/wp-json\/wp\/v2\/types\/product"}],"replies":[{"embeddable":true,"href":"https:\/\/fysiolab.dk\/no\/wp-json\/wp\/v2\/comments?post=79210"}],"wp:featuredmedia":[{"embeddable":true,"href":"https:\/\/fysiolab.dk\/no\/wp-json\/wp\/v2\/media\/79219"}],"wp:attachment":[{"href":"https:\/\/fysiolab.dk\/no\/wp-json\/wp\/v2\/media?parent=79210"}],"wp:term":[{"taxonomy":"product_brand","embeddable":true,"href":"https:\/\/fysiolab.dk\/no\/wp-json\/wp\/v2\/product_brand?post=79210"},{"taxonomy":"product_cat","embeddable":true,"href":"https:\/\/fysiolab.dk\/no\/wp-json\/wp\/v2\/product_cat?post=79210"},{"taxonomy":"product_tag","embeddable":true,"href":"https:\/\/fysiolab.dk\/no\/wp-json\/wp\/v2\/product_tag?post=79210"}],"curies":[{"name":"wp","href":"https:\/\/api.w.org\/{rel}","templated":true}]}}