{"id":79225,"date":"2023-07-16T12:37:17","date_gmt":"2023-07-16T10:37:17","guid":{"rendered":"https:\/\/fysiolab.dk\/product\/procare-clinical-shoulder-immobiliser-armslynge\/"},"modified":"2025-12-18T09:23:01","modified_gmt":"2025-12-18T08:23:01","slug":"procare-clinical-shoulder-immobiliser-armslynge","status":"publish","type":"product","link":"https:\/\/fysiolab.dk\/no\/product\/procare-clinical-shoulder-immobiliser-armslynge\/","title":{"rendered":"PROCARE Clinical Shoulder Immobiliser armslynge"},"content":{"rendered":"<h4><strong>Optimal anvendelse<\/p>\n<p><\/strong><\/h4>\n<p>Slynge av h\u00f8y kvalitet i slitesterk polyester\/bomull med borrel\u00e5sfeste og tilpassbare skulder- og midjestropper. Passer til h\u00f8yre og venstre arm. Skulderpute for ekstra komfort. Ideell for immobilisering og st\u00f8tte av skulder- og albueledd.   <\/p>\n<p><strong>St\u00f8rrelsesguide<\/strong><\/p>\n<p><strong>M\u00e5l lengden fra albuen til der lillefingeren begynner<\/strong><\/p>\n<p><a href=\"https:\/\/dev.fysiolab.dk\/wp-content\/uploads\/2025\/05\/A3.png\"><img fetchpriority=\"high\" decoding=\"async\" class=\"alignnone size-medium wp-image-202393407\" src=\"https:\/\/dev.fysiolab.dk\/wp-content\/uploads\/2025\/05\/A3-300x169.png\" alt=\"\" width=\"300\" height=\"169\" title=\"\"><\/a><\/p>\n<p><strong>Hvis du er i tvil, ta kontakt med FysioLabs fysioterapeuter p\u00e5 9272 4444<\/strong><\/p>\n<p><strong>Lengde underarm Str<\/strong><\/p>\n<p><strong>21-28 cm XS<\/strong><\/p>\n<p><strong>29-33 cm S<\/strong><\/p>\n<p><strong>34-38 cm M<\/strong><\/p>\n<p><strong>39-46 cm L<\/strong><\/p>\n<p><strong>47-51 cm XL<\/strong><\/p>\n","protected":false},"excerpt":{"rendered":"<p><strong>Armstropp av h\u00f8y kvalitet i slitesterk polyester\/bomull med borrel\u00e5sfeste og tilpassbar skulder- og midjerem. Gir maksimal beskyttelse av skulder og albue etter skader og ved behov for immobilisering. <\/p>\n<p><\/strong><\/p>\n<p>https:\/\/www.youtube.com\/watch?v=S2CDYE3hwRE<\/p>\n","protected":false},"featured_media":79245,"comment_status":"closed","ping_status":"closed","template":"","meta":{"_acf_changed":false},"product_brand":[3139],"product_cat":[1932,2249,2257,2101,2250,2270,2102,2269,2252,1937,2000,2259,1933,2118],"product_tag":[2264],"class_list":{"0":"post-79225","1":"product","2":"type-product","3":"status-publish","4":"has-post-thumbnail","6":"product_brand-procare","7":"product_cat-albue-no","8":"product_cat-avklemmingssyndrom","9":"product_cat-behandling-med-gipsavstoepning","10":"product_cat-beskyttelse-av-gips","11":"product_cat-bicepsruptur-no","12":"product_cat-brudd-paa-kragebeinet-kragebeinsbrudd","13":"product_cat-brukket-arm-arm-i-gips","14":"product_cat-forstuet-skulder","15":"product_cat-immobilisering-av-albuen","16":"product_cat-merkevarer","17":"product_cat-procare-no","18":"product_cat-procare-armslynge-no","19":"product_cat-skinner-og-stoetteskinner","20":"product_cat-skulder-no","21":"product_tag-procare-no","23":"first","24":"instock","25":"taxable","26":"shipping-taxable","27":"purchasable","28":"product-type-variable"},"acf":[],"_links":{"self":[{"href":"https:\/\/fysiolab.dk\/no\/wp-json\/wp\/v2\/product\/79225","targetHints":{"allow":["GET"]}}],"collection":[{"href":"https:\/\/fysiolab.dk\/no\/wp-json\/wp\/v2\/product"}],"about":[{"href":"https:\/\/fysiolab.dk\/no\/wp-json\/wp\/v2\/types\/product"}],"replies":[{"embeddable":true,"href":"https:\/\/fysiolab.dk\/no\/wp-json\/wp\/v2\/comments?post=79225"}],"wp:featuredmedia":[{"embeddable":true,"href":"https:\/\/fysiolab.dk\/no\/wp-json\/wp\/v2\/media\/79245"}],"wp:attachment":[{"href":"https:\/\/fysiolab.dk\/no\/wp-json\/wp\/v2\/media?parent=79225"}],"wp:term":[{"taxonomy":"product_brand","embeddable":true,"href":"https:\/\/fysiolab.dk\/no\/wp-json\/wp\/v2\/product_brand?post=79225"},{"taxonomy":"product_cat","embeddable":true,"href":"https:\/\/fysiolab.dk\/no\/wp-json\/wp\/v2\/product_cat?post=79225"},{"taxonomy":"product_tag","embeddable":true,"href":"https:\/\/fysiolab.dk\/no\/wp-json\/wp\/v2\/product_tag?post=79225"}],"curies":[{"name":"wp","href":"https:\/\/api.w.org\/{rel}","templated":true}]}}