{"id":79265,"date":"2023-07-16T12:37:17","date_gmt":"2023-07-16T10:37:17","guid":{"rendered":"https:\/\/fysiolab.dk\/product\/procare-wrist-wraps-stoettebandasje-for-haandleddet\/"},"modified":"2025-12-18T09:23:01","modified_gmt":"2025-12-18T08:23:01","slug":"procare-wrist-wraps-stoettebandasje-for-haandleddet","status":"publish","type":"product","link":"https:\/\/fysiolab.dk\/no\/product\/procare-wrist-wraps-stoettebandasje-for-haandleddet\/","title":{"rendered":"Procare Wrist Wraps St\u00f8ttebandasje for h\u00e5ndleddet"},"content":{"rendered":"<h4><strong>Optimal anvendelse<\/strong><\/h4>\n<p>Spesialdesignet h\u00e5ndleddst\u00f8tte i neopren gir bedre kompresjonsst\u00f8tte for svake eller skadde h\u00e5ndledd. Justerbar design for god passform. Bandasjen tilpasses den enkelte med stroppen som g\u00e5r rundt h\u00e5ndleddet. Denne stroppen gir \u00f8nsket kompresjon over h\u00e5ndleddet avhengig av hvor mye den strammes.     <strong>Passer b\u00e5de til venstre og h\u00f8yre, og finnes i en universalst\u00f8rrelse som passer alle.<\/strong><\/p>\n<p><strong>St\u00f8rrelsesguide  <\/strong><\/p>\n<p><strong>Universalst\u00f8rrelse som justeres til h\u00e5ndleddet med borrel\u00e5s <\/strong><\/p>\n<p>&nbsp;<\/p>\n","protected":false},"excerpt":{"rendered":"<p><strong>Liten, myk og lett bandasje for svake h\u00e5ndledd. Anbefales ved mild artrose i h\u00e5ndleddet og generelle smerter i h\u00e5nd og h\u00e5ndledd. Enkel \u00e5 tilpasse og justere til den enkelte.   Universell st\u00f8rrelse<\/strong><\/p>\n<p>&nbsp;<\/p>\n","protected":false},"featured_media":79267,"comment_status":"closed","ping_status":"closed","template":"","meta":{"_acf_changed":false},"product_brand":[3139],"product_cat":[2071,2043,2040,2068,1937,1970,2000,2201,2067,1933],"product_tag":[2264],"class_list":{"0":"post-79265","1":"product","2":"type-product","3":"status-publish","4":"has-post-thumbnail","6":"product_brand-procare","7":"product_cat-artrose-i-haandleddet","8":"product_cat-forstuing-og-overbelastning-av-haandleddet","9":"product_cat-haand-og-haandleddsskinne","10":"product_cat-karpaltunnelsyndrom-no","11":"product_cat-merkevarer","12":"product_cat-padel-no","13":"product_cat-procare-no","14":"product_cat-procare-haandledds-og-fingerbandasjer","15":"product_cat-senebetennelse","16":"product_cat-skinner-og-stoetteskinner","17":"product_tag-procare-no","19":"first","20":"instock","21":"taxable","22":"shipping-taxable","23":"purchasable","24":"product-type-simple"},"acf":[],"_links":{"self":[{"href":"https:\/\/fysiolab.dk\/no\/wp-json\/wp\/v2\/product\/79265","targetHints":{"allow":["GET"]}}],"collection":[{"href":"https:\/\/fysiolab.dk\/no\/wp-json\/wp\/v2\/product"}],"about":[{"href":"https:\/\/fysiolab.dk\/no\/wp-json\/wp\/v2\/types\/product"}],"replies":[{"embeddable":true,"href":"https:\/\/fysiolab.dk\/no\/wp-json\/wp\/v2\/comments?post=79265"}],"wp:featuredmedia":[{"embeddable":true,"href":"https:\/\/fysiolab.dk\/no\/wp-json\/wp\/v2\/media\/79267"}],"wp:attachment":[{"href":"https:\/\/fysiolab.dk\/no\/wp-json\/wp\/v2\/media?parent=79265"}],"wp:term":[{"taxonomy":"product_brand","embeddable":true,"href":"https:\/\/fysiolab.dk\/no\/wp-json\/wp\/v2\/product_brand?post=79265"},{"taxonomy":"product_cat","embeddable":true,"href":"https:\/\/fysiolab.dk\/no\/wp-json\/wp\/v2\/product_cat?post=79265"},{"taxonomy":"product_tag","embeddable":true,"href":"https:\/\/fysiolab.dk\/no\/wp-json\/wp\/v2\/product_tag?post=79265"}],"curies":[{"name":"wp","href":"https:\/\/api.w.org\/{rel}","templated":true}]}}