{"id":79270,"date":"2023-07-16T12:37:17","date_gmt":"2023-07-16T10:37:17","guid":{"rendered":"https:\/\/fysiolab.dk\/product\/aircast-a2-haandleddstoette\/"},"modified":"2025-12-18T09:23:01","modified_gmt":"2025-12-18T08:23:01","slug":"aircast-a2-haandleddstoette","status":"publish","type":"product","link":"https:\/\/fysiolab.dk\/no\/product\/aircast-a2-haandleddstoette\/","title":{"rendered":"AIRCAST A2 h\u00e5ndleddst\u00f8tte"},"content":{"rendered":"<h4><strong>Optimal anvendelse<\/p>\n<p><\/strong><\/h4>\n<p>Denne h\u00e5ndleddsst\u00f8tten er utformet for \u00e5 begrense bevegelse og gi st\u00f8tte ved ulike h\u00e5ndleddsskader. Den er enkel \u00e5 p\u00e5f\u00f8re og kan brukes til de fleste hverdagsaktiviteter. Ideell ved ligamentinstabilitet, dislokasjoner, karpaltunnelsyndrom, postoperativt, etter fjerning av gips eller forstuinger  <\/p>\n<p><strong>Tilgjengelig i h\u00f8yre- og venstremodeller<\/strong><\/p>\n<p><strong>St\u00f8rrelsesguide<\/strong><\/p>\n<p><strong>M\u00e5l omkretsen p\u00e5 h\u00e5ndleddet (se video lenger ned i teksten for instruksjoner)<\/strong><\/p>\n<p><a href=\"https:\/\/dev.fysiolab.dk\/wp-content\/uploads\/2025\/05\/H2.png\"><img fetchpriority=\"high\" decoding=\"async\" class=\"alignnone size-medium wp-image-202392805\" src=\"https:\/\/dev.fysiolab.dk\/wp-content\/uploads\/2025\/05\/H2-300x169.png\" alt=\"\" width=\"300\" height=\"169\" title=\"\"><\/a><\/p>\n<p><strong>Omkrets St\u00f8rrelse  <\/strong><\/p>\n<p><strong>13-16,5 cm S<\/strong><\/p>\n<p><strong>16,5-19 cm M<\/strong><\/p>\n<p><strong>19-23 cm L<\/strong><\/p>\n<p><iframe title=\"Opm\u00e5lingsvejledning til h\u00e5ndled\" width=\"800\" height=\"450\" src=\"https:\/\/www.youtube.com\/embed\/uT1ZaBnbLiI?feature=oembed\" frameborder=\"0\" allow=\"accelerometer; autoplay; clipboard-write; encrypted-media; gyroscope; picture-in-picture; web-share\" referrerpolicy=\"strict-origin-when-cross-origin\" allowfullscreen><\/iframe><\/p>\n<p><iframe title=\"Aircast A2 Wrist brace\" width=\"800\" height=\"450\" src=\"https:\/\/www.youtube.com\/embed\/2ScJ-auYiu0?feature=oembed\" frameborder=\"0\" allow=\"accelerometer; autoplay; clipboard-write; encrypted-media; gyroscope; picture-in-picture; web-share\" referrerpolicy=\"strict-origin-when-cross-origin\" allowfullscreen><\/iframe><\/p>\n<p><iframe title=\"Opm\u00e5lingsvejledning af h\u00e5ndled\" width=\"800\" height=\"450\" src=\"https:\/\/www.youtube.com\/embed\/nULDxVTIOqw?feature=oembed\" frameborder=\"0\" allow=\"accelerometer; autoplay; clipboard-write; encrypted-media; gyroscope; picture-in-picture; web-share\" referrerpolicy=\"strict-origin-when-cross-origin\" allowfullscreen><\/iframe><\/p>\n<p>&nbsp;<\/p>\n","protected":false},"excerpt":{"rendered":"<p><strong>H\u00e5ndleddsst\u00f8tte med avstivere i h\u00e5ndflaten for maksimal st\u00f8tte etter forstuinger og smerter i h\u00e5ndleddet. Anbefales ved karpaltunnelsyndrom.  Finnes i en h\u00f8yre- og en venstremodell.<\/p>\n<p><\/strong><\/p>\n","protected":false},"featured_media":79338,"comment_status":"closed","ping_status":"closed","template":"","meta":{"_acf_changed":false},"product_brand":[3092],"product_cat":[2129,2261,2071,2042,2043,2040,2068,1937,2067,1933],"product_tag":[2614],"class_list":{"0":"post-79270","1":"product","2":"type-product","3":"status-publish","4":"has-post-thumbnail","6":"product_brand-aircast","7":"product_cat-aircast-no","8":"product_cat-aircast-haandleddstoette","9":"product_cat-artrose-i-haandleddet","10":"product_cat-brudd-i-haandleddet","11":"product_cat-forstuing-og-overbelastning-av-haandleddet","12":"product_cat-haand-og-haandleddsskinne","13":"product_cat-karpaltunnelsyndrom-no","14":"product_cat-merkevarer","15":"product_cat-senebetennelse","16":"product_cat-skinner-og-stoetteskinner","17":"product_tag-aircast-no","19":"first","20":"instock","21":"taxable","22":"shipping-taxable","23":"purchasable","24":"product-type-variable"},"acf":[],"_links":{"self":[{"href":"https:\/\/fysiolab.dk\/no\/wp-json\/wp\/v2\/product\/79270","targetHints":{"allow":["GET"]}}],"collection":[{"href":"https:\/\/fysiolab.dk\/no\/wp-json\/wp\/v2\/product"}],"about":[{"href":"https:\/\/fysiolab.dk\/no\/wp-json\/wp\/v2\/types\/product"}],"replies":[{"embeddable":true,"href":"https:\/\/fysiolab.dk\/no\/wp-json\/wp\/v2\/comments?post=79270"}],"wp:featuredmedia":[{"embeddable":true,"href":"https:\/\/fysiolab.dk\/no\/wp-json\/wp\/v2\/media\/79338"}],"wp:attachment":[{"href":"https:\/\/fysiolab.dk\/no\/wp-json\/wp\/v2\/media?parent=79270"}],"wp:term":[{"taxonomy":"product_brand","embeddable":true,"href":"https:\/\/fysiolab.dk\/no\/wp-json\/wp\/v2\/product_brand?post=79270"},{"taxonomy":"product_cat","embeddable":true,"href":"https:\/\/fysiolab.dk\/no\/wp-json\/wp\/v2\/product_cat?post=79270"},{"taxonomy":"product_tag","embeddable":true,"href":"https:\/\/fysiolab.dk\/no\/wp-json\/wp\/v2\/product_tag?post=79270"}],"curies":[{"name":"wp","href":"https:\/\/api.w.org\/{rel}","templated":true}]}}