{"id":79330,"date":"2023-07-16T12:37:18","date_gmt":"2023-07-16T10:37:18","guid":{"rendered":"https:\/\/fysiolab.dk\/product\/procare-form-fit-cervical-collar\/"},"modified":"2025-12-18T09:22:59","modified_gmt":"2025-12-18T08:22:59","slug":"procare-form-fit-cervical-collar","status":"publish","type":"product","link":"https:\/\/fysiolab.dk\/no\/product\/procare-form-fit-cervical-collar\/","title":{"rendered":"PROCARE Form Fit Cervical Collar"},"content":{"rendered":"<h3><strong>Optimal anvendelse<\/p>\n<p><\/strong><\/h3>\n<p>Skumkrage med fast eller middels tetthet som bidrar til \u00e5 st\u00f8tte halsryggen i n\u00f8ytral stilling. Formst\u00f8pt design for bruk i enten b\u00f8yd eller utstrakt stilling. Ideell for postoperativ rehabilitering eller ved forstuinger og belastninger i nakken. Anbefales for behandling og beroligelse av nakken etter nakkesleng.   <\/p>\n<p><strong>Farge: Hvit<\/strong><\/p>\n<p><strong>St\u00f8rrelsesguide<\/strong><\/p>\n<p><strong>M\u00e5l halsens omkrets<\/strong><\/p>\n<p><a href=\"https:\/\/dev.fysiolab.dk\/wp-content\/uploads\/2025\/05\/X4.png\"><img fetchpriority=\"high\" decoding=\"async\" class=\"alignnone size-medium wp-image-202392655\" src=\"https:\/\/dev.fysiolab.dk\/wp-content\/uploads\/2025\/05\/X4-300x169.png\" alt=\"\" width=\"300\" height=\"169\" title=\"\"><\/a><\/p>\n<p><strong>Omkrets St\u00f8rrelse H\u00f8yde x lengde<\/strong><\/p>\n<p><strong>23-33 cm XS 5 x 42cm<\/strong><\/p>\n<p><strong>28-41 cm S 8 x 47cm<\/strong><\/p>\n<p><strong>33-46 cm M 10 x 51cm<\/strong><\/p>\n<p><strong>38-51 cm L 11 x 57 cm<\/strong><\/p>\n<p><strong>41-51 cm XL 11 x 61 cm<\/strong><\/p>\n<p><iframe title=\"Opm\u00e5lingsvejledning til omkreds hals\/nakke FysioLab\" width=\"800\" height=\"450\" src=\"https:\/\/www.youtube.com\/embed\/Z1RBIJ5g-zU?feature=oembed\" frameborder=\"0\" allow=\"accelerometer; autoplay; clipboard-write; encrypted-media; gyroscope; picture-in-picture; web-share\" referrerpolicy=\"strict-origin-when-cross-origin\" allowfullscreen><\/iframe><\/p>\n<p><iframe title=\"Opm\u00e5lingsvejledning af halsens h\u00f8jdem\u00e5l FysioLab\" width=\"800\" height=\"450\" src=\"https:\/\/www.youtube.com\/embed\/KxyE87KJTRU?feature=oembed\" frameborder=\"0\" allow=\"accelerometer; autoplay; clipboard-write; encrypted-media; gyroscope; picture-in-picture; web-share\" referrerpolicy=\"strict-origin-when-cross-origin\" allowfullscreen><\/iframe><\/p>\n<p>&nbsp;<\/p>\n","protected":false},"excerpt":{"rendered":"<p><strong>Skumkrage med middels tetthet som bidrar til \u00e5 st\u00f8tte halsryggen i n\u00f8ytral stilling. Pustende og behagelig \u00e5 ha p\u00e5. Anbefales for postoperativ behandling, nakkeholdninger og nakkesleng.   Farge: Beige<\/p>\n<p><\/strong><\/p>\n<p>https:\/\/www.youtube.com\/watch?v=Z1RBIJ5g-zU<\/p>\n","protected":false},"featured_media":79347,"comment_status":"closed","ping_status":"closed","template":"","meta":{"_acf_changed":false},"product_brand":[3139],"product_cat":[2114,1937,2112,2113,2000,2117,1933,2116,2115],"product_tag":[2264],"class_list":{"0":"post-79330","1":"product","2":"type-product","3":"status-publish","4":"has-post-thumbnail","6":"product_brand-procare","7":"product_cat-artrose-i-nakken","8":"product_cat-merkevarer","9":"product_cat-nakke-og-hals-no","10":"product_cat-nakkesleng-whiplash","11":"product_cat-procare-no","12":"product_cat-procare-hals-og-nakkekrage","13":"product_cat-skinner-og-stoetteskinner","14":"product_cat-smerter-i-nakken-no","15":"product_cat-stivhet-i-nakken","16":"product_tag-procare-no","18":"first","19":"instock","20":"taxable","21":"shipping-taxable","22":"purchasable","23":"product-type-variable"},"acf":[],"_links":{"self":[{"href":"https:\/\/fysiolab.dk\/no\/wp-json\/wp\/v2\/product\/79330","targetHints":{"allow":["GET"]}}],"collection":[{"href":"https:\/\/fysiolab.dk\/no\/wp-json\/wp\/v2\/product"}],"about":[{"href":"https:\/\/fysiolab.dk\/no\/wp-json\/wp\/v2\/types\/product"}],"replies":[{"embeddable":true,"href":"https:\/\/fysiolab.dk\/no\/wp-json\/wp\/v2\/comments?post=79330"}],"wp:featuredmedia":[{"embeddable":true,"href":"https:\/\/fysiolab.dk\/no\/wp-json\/wp\/v2\/media\/79347"}],"wp:attachment":[{"href":"https:\/\/fysiolab.dk\/no\/wp-json\/wp\/v2\/media?parent=79330"}],"wp:term":[{"taxonomy":"product_brand","embeddable":true,"href":"https:\/\/fysiolab.dk\/no\/wp-json\/wp\/v2\/product_brand?post=79330"},{"taxonomy":"product_cat","embeddable":true,"href":"https:\/\/fysiolab.dk\/no\/wp-json\/wp\/v2\/product_cat?post=79330"},{"taxonomy":"product_tag","embeddable":true,"href":"https:\/\/fysiolab.dk\/no\/wp-json\/wp\/v2\/product_tag?post=79330"}],"curies":[{"name":"wp","href":"https:\/\/api.w.org\/{rel}","templated":true}]}}