{"id":79340,"date":"2023-07-16T12:36:56","date_gmt":"2023-07-16T10:36:56","guid":{"rendered":"https:\/\/fysiolab.dk\/product\/procare-comfortform-haandleddstoette-for-haandledd\/"},"modified":"2025-12-18T09:23:02","modified_gmt":"2025-12-18T08:23:02","slug":"procare-comfortform-haandleddstoette-for-haandledd","status":"publish","type":"product","link":"https:\/\/fysiolab.dk\/no\/product\/procare-comfortform-haandleddstoette-for-haandledd\/","title":{"rendered":"PROCARE Comfortform h\u00e5ndleddst\u00f8tte for h\u00e5ndledd"},"content":{"rendered":"<h3><strong>Optimal anvendelse<\/strong><\/h3>\n<p>Comfortform Wrist - en slitesterk h\u00e5ndleddsbandasje foret med lycrastoff som puster og dermed gir bedre komfort. Bandasjen har en formst\u00f8pt aluminiumsskinne og borrel\u00e5slukking for anatomisk korrekt passform og st\u00f8tte. Ideell ved forstuinger, overanstrengelser og for \u00e5 kontrollere symptomer p\u00e5 karpaltunnelsyndrom.  <\/p>\n<p><strong>Tilgjengelig i h\u00f8yre- og venstremodeller.<\/strong><\/p>\n<p><strong>St\u00f8rrelsesguide<\/strong><\/p>\n<p><strong>M\u00e5l omkretsen p\u00e5 h\u00e5ndleddet (se video med instruksjoner lenger ned i teksten)<\/strong><\/p>\n<p><a href=\"https:\/\/dev.fysiolab.dk\/wp-content\/uploads\/2025\/05\/H2.png\"><img fetchpriority=\"high\" decoding=\"async\" class=\"alignnone size-medium wp-image-202392805\" src=\"https:\/\/dev.fysiolab.dk\/wp-content\/uploads\/2025\/05\/H2-300x169.png\" alt=\"\" width=\"300\" height=\"169\" title=\"\"><\/a><\/p>\n<p><strong>Omkrets Str<\/strong><\/p>\n<p><strong>&lt;14 cm XS<\/strong><\/p>\n<p><strong>14-16,5 cm S<\/strong><\/p>\n<p><strong>16,5-19 cm M<\/strong><\/p>\n<p><strong>19-21,5 cm L<\/strong><\/p>\n<p><strong>&gt;21,5 cm XL<\/strong><\/p>\n<p>&nbsp;<\/p>\n<p>&nbsp;<\/p>\n<p>&nbsp;<\/p>\n","protected":false},"excerpt":{"rendered":"<p><strong><a href=\"https:\/\/fysiolab.dk\/no\/vare-kategori\/skinner-og-stoetteskinner\/haand-og-haandleddsskinne\/\">Slitesterk h\u00e5ndleddsskinne<\/a> med aluminiumstag for maksimal beskyttelse av h\u00e5ndleddet etter brudd. Anbefales ved karpaltunnelsyndrom. Tilgjengelig i h\u00f8yre\/venstre-modell<\/strong><\/p>\n<p><strong>M\u00e5lguide (se st\u00f8rrelsesguide for valg av st\u00f8rrelse)<\/strong><\/p>\n<p>https:\/\/www.youtube.com\/watch?v=uT1ZaBnbLiI<\/p>\n","protected":false},"featured_media":79360,"comment_status":"closed","ping_status":"closed","template":"","meta":{"_acf_changed":false},"product_brand":[3139],"product_cat":[2071,2042,2043,2040,2068,1937,2000,2201,2067,2070,1933],"product_tag":[2264],"class_list":{"0":"post-79340","1":"product","2":"type-product","3":"status-publish","4":"has-post-thumbnail","6":"product_brand-procare","7":"product_cat-artrose-i-haandleddet","8":"product_cat-brudd-i-haandleddet","9":"product_cat-forstuing-og-overbelastning-av-haandleddet","10":"product_cat-haand-og-haandleddsskinne","11":"product_cat-karpaltunnelsyndrom-no","12":"product_cat-merkevarer","13":"product_cat-procare-no","14":"product_cat-procare-haandledds-og-fingerbandasjer","15":"product_cat-senebetennelse","16":"product_cat-senebetennelse-i-haandleddet","17":"product_cat-skinner-og-stoetteskinner","18":"product_tag-procare-no","20":"first","21":"instock","22":"taxable","23":"shipping-taxable","24":"purchasable","25":"product-type-variable"},"acf":[],"_links":{"self":[{"href":"https:\/\/fysiolab.dk\/no\/wp-json\/wp\/v2\/product\/79340","targetHints":{"allow":["GET"]}}],"collection":[{"href":"https:\/\/fysiolab.dk\/no\/wp-json\/wp\/v2\/product"}],"about":[{"href":"https:\/\/fysiolab.dk\/no\/wp-json\/wp\/v2\/types\/product"}],"replies":[{"embeddable":true,"href":"https:\/\/fysiolab.dk\/no\/wp-json\/wp\/v2\/comments?post=79340"}],"wp:featuredmedia":[{"embeddable":true,"href":"https:\/\/fysiolab.dk\/no\/wp-json\/wp\/v2\/media\/79360"}],"wp:attachment":[{"href":"https:\/\/fysiolab.dk\/no\/wp-json\/wp\/v2\/media?parent=79340"}],"wp:term":[{"taxonomy":"product_brand","embeddable":true,"href":"https:\/\/fysiolab.dk\/no\/wp-json\/wp\/v2\/product_brand?post=79340"},{"taxonomy":"product_cat","embeddable":true,"href":"https:\/\/fysiolab.dk\/no\/wp-json\/wp\/v2\/product_cat?post=79340"},{"taxonomy":"product_tag","embeddable":true,"href":"https:\/\/fysiolab.dk\/no\/wp-json\/wp\/v2\/product_tag?post=79340"}],"curies":[{"name":"wp","href":"https:\/\/api.w.org\/{rel}","templated":true}]}}