{"id":79349,"date":"2023-07-16T12:37:18","date_gmt":"2023-07-16T10:37:18","guid":{"rendered":"https:\/\/fysiolab.dk\/product\/donjoy-albuestoette-x-act-rom\/"},"modified":"2025-12-18T09:22:59","modified_gmt":"2025-12-18T08:22:59","slug":"donjoy-albuestoette-x-act-rom","status":"publish","type":"product","link":"https:\/\/fysiolab.dk\/no\/product\/donjoy-albuestoette-x-act-rom\/","title":{"rendered":"DONJOY albuest\u00f8tte X-Act ROM"},"content":{"rendered":"<h4><strong>Optimal bruk av DONJOY X-Act ROM albueskinne<\/strong><\/h4>\n<p>X-Act ROM Elbow er en albueskinne fra DonJoy som er enkel \u00e5 bruke og behagelig \u00e5 ha p\u00e5. Albueskinnen er justerbar, noe som gir ideell beskyttelse ettersom du kan kontrollere bevegelsene over albueleddet. Dette gj\u00f8r X-Act ROM Elbow ideell i forbindelse med albueoperasjoner eller albueskader. Bevegeligheten kan l\u00e5ses alt etter hvordan armen og albueleddet skal beskyttes mot uhensiktsmessige bevegelser. Materialet puster, og plasseringen av spennene gj\u00f8r det mulig \u00e5 justere albueskinnen med \u00e9n h\u00e5nd.    <\/p>\n<p><strong>St\u00f8rrelsesguide<\/strong><\/p>\n<p><strong>Skinnen har universell st\u00f8rrelse og kan justeres med teleskopstenger i henhold til armens lengde. Den er tilgjengelig i en h\u00f8yre- og en venstremodell <\/strong><\/p>\n<p><strong>Fordeler og funksjoner<\/strong><\/p>\n<ul>\n<li>Nye, str\u00f8mlinjeformede og slitesterke sidehengsler i aluminium maksimerer beskyttelsen og minimerer skinnevekten<\/li>\n<li>Brukervennlige innstillinger for n\u00f8yaktig kontroll av bevegelsesgraden\n<ul>\n<li>Flex-innstillinger fra -10 grader til 120 grader i trinn p\u00e5 10 grader<\/li>\n<li>Forlengelsesinnstillinger fra -10 grader til 90 grader i trinn p\u00e5 10 grader<\/li>\n<li>Easy-Quick-Lock-l\u00e5s fra ogrades til 90 grader i trinn p\u00e5 15 grader<\/li>\n<\/ul>\n<\/li>\n<li>Alle de fire mansjettene kan justeres i lengden uavhengig av hverandre, noe som gir en mer presis tilpasning til st\u00f8rrelsen p\u00e5 hver enkelt pasients arm uten motstridende beskyttelseshensyn<\/li>\n<\/ul>\n<p><strong>Kontakt FysioLab p\u00e5 tlf. 9272 4444 for veiledning om valg av st\u00f8rrelse. Fysisk konsultasjon kan kj\u00f8pes for 495,-. <\/strong><\/p>\n<p><iframe title=\"DonJoy X-Act ROM Elbow Brace Fitting Guide\" width=\"800\" height=\"450\" src=\"https:\/\/www.youtube.com\/embed\/dhGF1mMOHuU?feature=oembed\" frameborder=\"0\" allow=\"accelerometer; autoplay; clipboard-write; encrypted-media; gyroscope; picture-in-picture; web-share\" referrerpolicy=\"strict-origin-when-cross-origin\" allowfullscreen><\/iframe><\/p>\n","protected":false},"excerpt":{"rendered":"<p><strong>X-Act ROM Elbow er en albueskinne fra DonJoy som er enkel \u00e5 ta p\u00e5 og behagelig \u00e5 bruke. Den gir maksimal beskyttelse av albueleddet. Skinnen kan justeres slik at du ikke kan b\u00f8ye eller strekke den til ytterstilling. St\u00f8rrelsen tilpasses ved hjelp av teleskopjusteringen.    <\/strong><\/p>\n<p>&nbsp;<\/p>\n","protected":false},"featured_media":79367,"comment_status":"closed","ping_status":"closed","template":"","meta":{"_acf_changed":false},"product_brand":[3091],"product_cat":[1932,2092,1938,2094,2091,1937,1933],"product_tag":[2173],"class_list":{"0":"post-79349","1":"product","2":"type-product","3":"status-publish","4":"has-post-thumbnail","6":"product_brand-donjoy","7":"product_cat-albue-no","8":"product_cat-brudd-i-albuen","9":"product_cat-donjoy-no","10":"product_cat-donjoy-albuestoette-no","11":"product_cat-hyperekstensjon-av-albuen-hyperekstensjon","12":"product_cat-merkevarer","13":"product_cat-skinner-og-stoetteskinner","14":"product_tag-donjoy-no","16":"first","17":"instock","18":"taxable","19":"shipping-taxable","20":"purchasable","21":"product-type-variable"},"acf":[],"_links":{"self":[{"href":"https:\/\/fysiolab.dk\/no\/wp-json\/wp\/v2\/product\/79349","targetHints":{"allow":["GET"]}}],"collection":[{"href":"https:\/\/fysiolab.dk\/no\/wp-json\/wp\/v2\/product"}],"about":[{"href":"https:\/\/fysiolab.dk\/no\/wp-json\/wp\/v2\/types\/product"}],"replies":[{"embeddable":true,"href":"https:\/\/fysiolab.dk\/no\/wp-json\/wp\/v2\/comments?post=79349"}],"wp:featuredmedia":[{"embeddable":true,"href":"https:\/\/fysiolab.dk\/no\/wp-json\/wp\/v2\/media\/79367"}],"wp:attachment":[{"href":"https:\/\/fysiolab.dk\/no\/wp-json\/wp\/v2\/media?parent=79349"}],"wp:term":[{"taxonomy":"product_brand","embeddable":true,"href":"https:\/\/fysiolab.dk\/no\/wp-json\/wp\/v2\/product_brand?post=79349"},{"taxonomy":"product_cat","embeddable":true,"href":"https:\/\/fysiolab.dk\/no\/wp-json\/wp\/v2\/product_cat?post=79349"},{"taxonomy":"product_tag","embeddable":true,"href":"https:\/\/fysiolab.dk\/no\/wp-json\/wp\/v2\/product_tag?post=79349"}],"curies":[{"name":"wp","href":"https:\/\/api.w.org\/{rel}","templated":true}]}}