{"id":79363,"date":"2023-07-16T12:36:56","date_gmt":"2023-07-16T10:36:56","guid":{"rendered":"https:\/\/fysiolab.dk\/product\/aircast-pneumatisk-albuearmbaand\/"},"modified":"2025-12-18T09:23:02","modified_gmt":"2025-12-18T08:23:02","slug":"aircast-pneumatisk-albuearmbaand","status":"publish","type":"product","link":"https:\/\/fysiolab.dk\/no\/product\/aircast-pneumatisk-albuearmbaand\/","title":{"rendered":"AIRCAST pneumatisk albuearmb\u00e5nd"},"content":{"rendered":"<h4><strong>Optimal anvendelse<\/strong><\/h4>\n<p>St\u00f8tte for behandling av tennisalbue. Bandasjen har en luftpute som gir st\u00f8tte og kompresjon p\u00e5 h\u00e5ndleddets ekstensorsener. Puten skal plasseres ved siden av der du f\u00f8ler smerten, og ved hjelp av luftputen legger den trykk p\u00e5 det smertefulle omr\u00e5det og reduserer smerten.    <strong>Bandasjen er tilgjengelig i universalst\u00f8rrelse og passer til en underarmsomkrets fra 20-35,5 cm).<\/strong><\/p>\n<p><strong>Bandasjen tilpasses med stroppen i henhold til \u00f8nsket trykk og kompresjon. Anbefales i den akutte fasen. <\/strong><\/p>\n<p><strong>St\u00f8rrelsesguide<\/strong><\/p>\n<p><strong>Omkretsen m\u00e5les der underarmen er st\u00f8rst<\/strong><\/p>\n<p><strong>Universalst\u00f8rrelse (passer omkrets 20 - 35,5 cm)<\/strong><\/p>\n<p><a href=\"https:\/\/dev.fysiolab.dk\/wp-content\/uploads\/2025\/05\/A6.png\"><img fetchpriority=\"high\" decoding=\"async\" class=\"alignnone size-medium wp-image-202393531\" src=\"https:\/\/dev.fysiolab.dk\/wp-content\/uploads\/2025\/05\/A6-300x169.png\" alt=\"\" width=\"300\" height=\"169\" title=\"\"><\/a><\/p>\n<p><iframe title=\"Pneumatic Armband For Tennis Elbow Pain - Barangaroo Physio\" width=\"800\" height=\"450\" src=\"https:\/\/www.youtube.com\/embed\/0w-f1oyyJF4?feature=oembed\" frameborder=\"0\" allow=\"accelerometer; autoplay; clipboard-write; encrypted-media; gyroscope; picture-in-picture; web-share\" referrerpolicy=\"strict-origin-when-cross-origin\" allowfullscreen><\/iframe><\/p>\n","protected":false},"excerpt":{"rendered":"<p><strong>Liten og lett bandasje som plasseres p\u00e5 albuen der smerten sitter. Det konstante trykket fordeles via luft-\/gelputen og bidrar til \u00e5 lindre tennisalbuen. Anbefales i den akutte fasen av tennis- og\/eller golfalbue.  <\/strong><\/p>\n<p><strong>Universalst\u00f8rrelse som passer til underarmsomkrets 20 - 35,5 cm<\/strong><\/p>\n<p>&nbsp;<\/p>\n","protected":false},"featured_media":79372,"comment_status":"closed","ping_status":"closed","template":"","meta":{"_acf_changed":false},"product_brand":[3092],"product_cat":[2129,2275,1932,1935,1937,1936,1933,1934],"product_tag":[2614],"class_list":{"0":"post-79363","1":"product","2":"type-product","3":"status-publish","4":"has-post-thumbnail","6":"product_brand-aircast","7":"product_cat-aircast-no","8":"product_cat-aircast-albuestoette","9":"product_cat-albue-no","10":"product_cat-golfalbue-no","11":"product_cat-merkevarer","12":"product_cat-musens-arm","13":"product_cat-skinner-og-stoetteskinner","14":"product_cat-tennisalbue-no","15":"product_tag-aircast-no","17":"first","18":"instock","19":"taxable","20":"shipping-taxable","21":"purchasable","22":"product-type-simple"},"acf":[],"_links":{"self":[{"href":"https:\/\/fysiolab.dk\/no\/wp-json\/wp\/v2\/product\/79363","targetHints":{"allow":["GET"]}}],"collection":[{"href":"https:\/\/fysiolab.dk\/no\/wp-json\/wp\/v2\/product"}],"about":[{"href":"https:\/\/fysiolab.dk\/no\/wp-json\/wp\/v2\/types\/product"}],"replies":[{"embeddable":true,"href":"https:\/\/fysiolab.dk\/no\/wp-json\/wp\/v2\/comments?post=79363"}],"wp:featuredmedia":[{"embeddable":true,"href":"https:\/\/fysiolab.dk\/no\/wp-json\/wp\/v2\/media\/79372"}],"wp:attachment":[{"href":"https:\/\/fysiolab.dk\/no\/wp-json\/wp\/v2\/media?parent=79363"}],"wp:term":[{"taxonomy":"product_brand","embeddable":true,"href":"https:\/\/fysiolab.dk\/no\/wp-json\/wp\/v2\/product_brand?post=79363"},{"taxonomy":"product_cat","embeddable":true,"href":"https:\/\/fysiolab.dk\/no\/wp-json\/wp\/v2\/product_cat?post=79363"},{"taxonomy":"product_tag","embeddable":true,"href":"https:\/\/fysiolab.dk\/no\/wp-json\/wp\/v2\/product_tag?post=79363"}],"curies":[{"name":"wp","href":"https:\/\/api.w.org\/{rel}","templated":true}]}}