{"id":79370,"date":"2023-07-16T12:37:18","date_gmt":"2023-07-16T10:37:18","guid":{"rendered":"https:\/\/fysiolab.dk\/product\/donjoy-elbow-guard-albuebeskytter\/"},"modified":"2025-12-18T09:22:59","modified_gmt":"2025-12-18T08:22:59","slug":"donjoy-elbow-guard-albuebeskytter","status":"publish","type":"product","link":"https:\/\/fysiolab.dk\/no\/product\/donjoy-elbow-guard-albuebeskytter\/","title":{"rendered":"DONJOY Elbow Guard albuebeskytter"},"content":{"rendered":"<h4><strong>Optimal anvendelse<\/p>\n<p><\/strong><\/h4>\n<p>Designet med bilaterale, polysentriske hengsler som gir uovertruffen st\u00f8tte for laterale leddb\u00e5nd (medial\/lateral ligamentinstabilitet), samtidig som den kryssende stroppkonstruksjonen p\u00e5 albuen forhindrer hyperekstensjon av albuen. Hengslene har justerbare b\u00f8ynings- og ekstensjonsstopp (b\u00f8ynings-\/ekstensjonsstopp).   <strong>Passer til h\u00f8yre og venstre arm  <\/strong><\/p>\n<p><strong>Fordeler og funksjoner  <\/strong><\/p>\n<ul>\n<li>Overarmen er omsluttet med elastisk stropp for enkel h\u00e5ndtering.<\/li>\n<li>\"X\"-stropp for \u00e5 unng\u00e5 hyperekstensjon (overstrekking)<\/li>\n<li>Albuebeskytter for beskyttelse i kontaktsport<\/li>\n<li>Anbefales for h\u00e5ndballspillere<\/li>\n<\/ul>\n<p><strong>St\u00f8rrelsesguide<\/strong><\/p>\n<p><strong>M\u00e5l omkretsen av overarmen der den er st\u00f8rst.<\/strong><\/p>\n<p><a href=\"https:\/\/dev.fysiolab.dk\/wp-content\/uploads\/2025\/05\/A5.png\"><img fetchpriority=\"high\" decoding=\"async\" class=\"alignnone size-medium wp-image-202393402\" src=\"https:\/\/dev.fysiolab.dk\/wp-content\/uploads\/2025\/05\/A5-300x169.png\" alt=\"\" width=\"300\" height=\"169\" title=\"\"><\/a><\/p>\n<p><strong>Omkrets Str<\/strong><\/p>\n<p><strong>25-29 cm S<\/strong><\/p>\n<p><strong>29-33 cm M<\/strong><\/p>\n<p><strong>33-37 cm L<\/strong><\/p>\n<p><strong>37-41 cm XL<\/strong><\/p>\n","protected":false},"excerpt":{"rendered":"<p><strong>Albuebeskytter i toppklasse. Gir optimal beskyttelse av albueleddet, samtidig som du kan ut\u00f8ve idretter som h\u00e5ndball. X-stropp sikrer beskyttelse av albueleddet. Passer til b\u00e5de h\u00f8yre og venstre arm     <\/strong><\/p>\n<p>https:\/\/www.youtube.com\/watch?v=MMEmvSHeyX0<\/p>\n","protected":false},"featured_media":79381,"comment_status":"closed","ping_status":"closed","template":"","meta":{"_acf_changed":false},"product_brand":[3091],"product_cat":[1932,2021,2092,1938,1939,2091,1937,1970,1933],"product_tag":[2173],"class_list":{"0":"post-79370","1":"product","2":"type-product","3":"status-publish","4":"has-post-thumbnail","6":"product_brand-donjoy","7":"product_cat-albue-no","8":"product_cat-albuebeskyttelse-for-sport","9":"product_cat-brudd-i-albuen","10":"product_cat-donjoy-no","11":"product_cat-donjoy-albuestoette","12":"product_cat-hyperekstensjon-av-albuen-hyperekstensjon","13":"product_cat-merkevarer","14":"product_cat-padel-no","15":"product_cat-skinner-og-stoetteskinner","16":"product_tag-donjoy-no","18":"first","19":"instock","20":"taxable","21":"shipping-taxable","22":"purchasable","23":"product-type-variable"},"acf":[],"_links":{"self":[{"href":"https:\/\/fysiolab.dk\/no\/wp-json\/wp\/v2\/product\/79370","targetHints":{"allow":["GET"]}}],"collection":[{"href":"https:\/\/fysiolab.dk\/no\/wp-json\/wp\/v2\/product"}],"about":[{"href":"https:\/\/fysiolab.dk\/no\/wp-json\/wp\/v2\/types\/product"}],"replies":[{"embeddable":true,"href":"https:\/\/fysiolab.dk\/no\/wp-json\/wp\/v2\/comments?post=79370"}],"wp:featuredmedia":[{"embeddable":true,"href":"https:\/\/fysiolab.dk\/no\/wp-json\/wp\/v2\/media\/79381"}],"wp:attachment":[{"href":"https:\/\/fysiolab.dk\/no\/wp-json\/wp\/v2\/media?parent=79370"}],"wp:term":[{"taxonomy":"product_brand","embeddable":true,"href":"https:\/\/fysiolab.dk\/no\/wp-json\/wp\/v2\/product_brand?post=79370"},{"taxonomy":"product_cat","embeddable":true,"href":"https:\/\/fysiolab.dk\/no\/wp-json\/wp\/v2\/product_cat?post=79370"},{"taxonomy":"product_tag","embeddable":true,"href":"https:\/\/fysiolab.dk\/no\/wp-json\/wp\/v2\/product_tag?post=79370"}],"curies":[{"name":"wp","href":"https:\/\/api.w.org\/{rel}","templated":true}]}}