{"id":79385,"date":"2023-07-16T12:36:55","date_gmt":"2023-07-16T10:36:55","guid":{"rendered":"https:\/\/fysiolab.dk\/product\/donjoy-malleoforce-plus-ankelskinne-tidligere-modell-utgaatt\/"},"modified":"2025-12-18T09:23:04","modified_gmt":"2025-12-18T08:23:04","slug":"donjoy-malleoforce-plus-ankelskinne-tidligere-modell-utgaatt","status":"publish","type":"product","link":"https:\/\/fysiolab.dk\/no\/product\/donjoy-malleoforce-plus-ankelskinne-tidligere-modell-utgaatt\/","title":{"rendered":"DONJOY Malleoforce Plus Ankelskinne (tidligere modell - utg\u00e5tt)"},"content":{"rendered":"<h4><strong>Optimal anvendelse<\/strong><\/h4>\n<p>En oppdatering av Malleoforce med avtakbare stropper for optimal st\u00f8tte og kompresjon. Strikket ankelmansjett som gir kompresjon ved de strukturene p\u00e5 ankelen som stabiliserer den mot vridning.  Malleoforce plus-bandasjen leveres med en stropp som brukes som en \u00e5ttetallsbandasje, som du kjenner det fra n\u00e5r fysioterapeuten teiper opp en ankel.<\/p>\n<p><strong>V\u00e6r oppmerksom p\u00e5 at denne varen er utg\u00e5tt og kun er tilgjengelig s\u00e5 lenge lageret rekker. Modellen er n\u00e5 tilgjengelig i en ny og forbedret versjon som du finner <a href=\"https:\/\/fysiolab.dk\/no\/product\/donjoy-malleoforce-plus-ankelstoette\/\">her<\/a> <\/strong><\/p>\n<p><b>S\u00f8knad:  <\/b><\/p>\n<ul>\n<li>Etter operasjon eller traume<\/li>\n<li>Kronisk bl\u00f8tvevsbetennelse i leddet<\/li>\n<li>Kronisk ustabilitet<\/li>\n<li>Forstrekninger eller moderate leddb\u00e5ndskader<\/li>\n<li>Gjentatt v\u00e6skeansamling i leddet, hevelse<\/li>\n<li>Belastningsrelaterte smerter i fot- og ankelleddet<\/li>\n<\/ul>\n<p><b>Fordeler og fordeler<\/b><\/p>\n<ul>\n<li>3D-formet bandasje som gir kompresjon<\/li>\n<li>Ventilasjon og allergitestede materialer<\/li>\n<li>Den anatomisk korrekte b\u00f8yningsvinkelen p\u00e5 ankelen gir en perfekt passform.<\/li>\n<li>Sklisikker passform for komfortabel bruk<\/li>\n<li>Silikoninnlegg som avlaster trykket p\u00e5 anklene og gir \u00f8kt beskyttelse<\/li>\n<li>Avtakbare stropper for optimal st\u00f8tte og kompresjon NYHET!<\/li>\n<\/ul>\n<p><strong>St\u00f8rrelsesguide<\/strong><\/p>\n<p><strong>M\u00e5l omkretsen av ankelen der den er minst<\/strong><\/p>\n<p><a href=\"https:\/\/dev.fysiolab.dk\/wp-content\/uploads\/2025\/05\/F3.png\"><img fetchpriority=\"high\" decoding=\"async\" class=\"alignnone size-medium wp-image-202393097\" src=\"https:\/\/dev.fysiolab.dk\/wp-content\/uploads\/2025\/05\/F3-300x169.png\" alt=\"\" width=\"300\" height=\"169\" title=\"\"><\/a><\/p>\n<p><strong>Omkrets Str<\/strong><\/p>\n<p><strong>17-19 cm XS<\/strong><\/p>\n<p><strong>19-21 cm S<\/strong><\/p>\n<p><strong>21-23 cm M<\/strong><\/p>\n<p><strong>23-25 cm L<\/strong><\/p>\n<p><strong>25-27 cm XL<\/strong><\/p>\n<p><strong>27-29 cm XXL<\/strong><\/p>\n<p><iframe title=\"Opm\u00e5lingsvejledning ankel FysioLab\" width=\"800\" height=\"450\" src=\"https:\/\/www.youtube.com\/embed\/rkUnY8rnXpY?feature=oembed\" frameborder=\"0\" allow=\"accelerometer; autoplay; clipboard-write; encrypted-media; gyroscope; picture-in-picture; web-share\" referrerpolicy=\"strict-origin-when-cross-origin\" allowfullscreen><\/iframe><\/p>\n<p>&nbsp;<\/p>\n<p><iframe title=\"DonJoy Malleoforce+ ankelbandage\" width=\"800\" height=\"450\" src=\"https:\/\/www.youtube.com\/embed\/wwzgxbC4aCo?feature=oembed\" frameborder=\"0\" allow=\"accelerometer; autoplay; clipboard-write; encrypted-media; gyroscope; picture-in-picture; web-share\" referrerpolicy=\"strict-origin-when-cross-origin\" allowfullscreen><\/iframe><\/p>\n","protected":false},"excerpt":{"rendered":"<p><strong>Gir st\u00f8tte rundt hele ankelen. Ideell etter forstuinger og gir maksimal st\u00f8tte ved hjelp av en 8-sifret bandasje. En oppgradering av Malleoforce. Passer til b\u00e5de h\u00f8yre og venstre ankel.   <\/p>\n<p><\/strong><\/p>\n","protected":false},"featured_media":79393,"comment_status":"closed","ping_status":"closed","template":"","meta":{"_acf_changed":false},"product_brand":[3091],"product_cat":[2074,1992,2182,2076,2181,1938,2203,1937,1933,2077,2016],"product_tag":[2173],"class_list":{"0":"post-79385","1":"product","2":"type-product","3":"status-publish","4":"has-post-thumbnail","6":"product_brand-donjoy","7":"product_cat-ankelforstuing","8":"product_cat-ankelskinne","9":"product_cat-ankelskinner-for-haandball","10":"product_cat-ankelvridning","11":"product_cat-artrose-i-ankelleddet","12":"product_cat-donjoy-no","13":"product_cat-donjoy-ankelstoette","14":"product_cat-merkevarer","15":"product_cat-skinner-og-stoetteskinner","16":"product_cat-ustabil-ankel-no","17":"product_cat-uttak","18":"product_tag-donjoy-no","20":"first","21":"instock","22":"sale","23":"taxable","24":"shipping-taxable","25":"purchasable","26":"product-type-variable"},"acf":[],"_links":{"self":[{"href":"https:\/\/fysiolab.dk\/no\/wp-json\/wp\/v2\/product\/79385","targetHints":{"allow":["GET"]}}],"collection":[{"href":"https:\/\/fysiolab.dk\/no\/wp-json\/wp\/v2\/product"}],"about":[{"href":"https:\/\/fysiolab.dk\/no\/wp-json\/wp\/v2\/types\/product"}],"replies":[{"embeddable":true,"href":"https:\/\/fysiolab.dk\/no\/wp-json\/wp\/v2\/comments?post=79385"}],"wp:featuredmedia":[{"embeddable":true,"href":"https:\/\/fysiolab.dk\/no\/wp-json\/wp\/v2\/media\/79393"}],"wp:attachment":[{"href":"https:\/\/fysiolab.dk\/no\/wp-json\/wp\/v2\/media?parent=79385"}],"wp:term":[{"taxonomy":"product_brand","embeddable":true,"href":"https:\/\/fysiolab.dk\/no\/wp-json\/wp\/v2\/product_brand?post=79385"},{"taxonomy":"product_cat","embeddable":true,"href":"https:\/\/fysiolab.dk\/no\/wp-json\/wp\/v2\/product_cat?post=79385"},{"taxonomy":"product_tag","embeddable":true,"href":"https:\/\/fysiolab.dk\/no\/wp-json\/wp\/v2\/product_tag?post=79385"}],"curies":[{"name":"wp","href":"https:\/\/api.w.org\/{rel}","templated":true}]}}