{"id":79396,"date":"2023-07-16T12:36:56","date_gmt":"2023-07-16T10:36:56","guid":{"rendered":"https:\/\/fysiolab.dk\/product\/procare-super-lite-afo-drop-fotskinne\/"},"modified":"2025-12-18T09:23:02","modified_gmt":"2025-12-18T08:23:02","slug":"procare-super-lite-afo-drop-fotskinne","status":"publish","type":"product","link":"https:\/\/fysiolab.dk\/no\/product\/procare-super-lite-afo-drop-fotskinne\/","title":{"rendered":"PROCARE Super-Lite AFO Drop-fotskinne"},"content":{"rendered":"<h4><strong>Optimal anvendelse<\/strong><\/h4>\n<p>Lav profil, tilpasset ankelortose for korrigering av droppfot. Tilgjengelig i h\u00f8yre og venstre versjon i herre- og damest\u00f8rrelser. Den unike utformingen bidrar til \u00e5 skape forspenning i musklene i tibia, slik at du kan l\u00f8fte foten fra bakken mens du g\u00e5r.  <\/p>\n<p><strong>Leveres i universalst\u00f8rrelse - kan tilpasses i skoen slik at den passer deg. Finnes i h\u00f8yre- og venstremodeller for menn og kvinner. <\/strong><\/p>\n<p>&nbsp;<\/p>\n","protected":false},"excerpt":{"rendered":"<p><strong><a href=\"https:\/\/fysiolab.dk\/no\/vare-kategori\/skinner-og-stoetteskinner\/ankelskinne\/dropfotskinne\/\">Skinne for dropfot<\/a> etter nevrologisk sykdom som sklerose, blodpropp\/hjernebl\u00f8dning. Passer inn i skoen og hjelper til med \u00e5 l\u00f8fte foten under gange. Tilgjengelig i h\u00f8yre- og venstremodeller for menn og kvinner<\/strong><\/p>\n<p>&nbsp;<\/p>\n","protected":false},"featured_media":92026,"comment_status":"closed","ping_status":"closed","template":"","meta":{"_acf_changed":false},"product_brand":[3139],"product_cat":[1992,2280,1937,2000,2281,1933,1994],"product_tag":[2264],"class_list":{"0":"post-79396","1":"product","2":"type-product","3":"status-publish","4":"has-post-thumbnail","6":"product_brand-procare","7":"product_cat-ankelskinne","8":"product_cat-dropfotskinne","9":"product_cat-merkevarer","10":"product_cat-procare-no","11":"product_cat-procare-dropfotskinne","12":"product_cat-skinner-og-stoetteskinner","13":"product_cat-sko-og-saaler-no","14":"product_tag-procare-no","16":"first","17":"instock","18":"taxable","19":"shipping-taxable","20":"purchasable","21":"product-type-variable"},"acf":[],"_links":{"self":[{"href":"https:\/\/fysiolab.dk\/no\/wp-json\/wp\/v2\/product\/79396","targetHints":{"allow":["GET"]}}],"collection":[{"href":"https:\/\/fysiolab.dk\/no\/wp-json\/wp\/v2\/product"}],"about":[{"href":"https:\/\/fysiolab.dk\/no\/wp-json\/wp\/v2\/types\/product"}],"replies":[{"embeddable":true,"href":"https:\/\/fysiolab.dk\/no\/wp-json\/wp\/v2\/comments?post=79396"}],"wp:featuredmedia":[{"embeddable":true,"href":"https:\/\/fysiolab.dk\/no\/wp-json\/wp\/v2\/media\/92026"}],"wp:attachment":[{"href":"https:\/\/fysiolab.dk\/no\/wp-json\/wp\/v2\/media?parent=79396"}],"wp:term":[{"taxonomy":"product_brand","embeddable":true,"href":"https:\/\/fysiolab.dk\/no\/wp-json\/wp\/v2\/product_brand?post=79396"},{"taxonomy":"product_cat","embeddable":true,"href":"https:\/\/fysiolab.dk\/no\/wp-json\/wp\/v2\/product_cat?post=79396"},{"taxonomy":"product_tag","embeddable":true,"href":"https:\/\/fysiolab.dk\/no\/wp-json\/wp\/v2\/product_tag?post=79396"}],"curies":[{"name":"wp","href":"https:\/\/api.w.org\/{rel}","templated":true}]}}