{"id":79415,"date":"2023-07-16T12:36:56","date_gmt":"2023-07-16T10:36:56","guid":{"rendered":"https:\/\/fysiolab.dk\/product\/aircast-podalib-dynamic-afo-drop-fotstoette\/"},"modified":"2025-12-18T09:23:02","modified_gmt":"2025-12-18T08:23:02","slug":"aircast-podalib-dynamic-afo-drop-fotstoette","status":"publish","type":"product","link":"https:\/\/fysiolab.dk\/no\/product\/aircast-podalib-dynamic-afo-drop-fotstoette\/","title":{"rendered":"AIRCAST Podalib Dynamic AFO Drop fotst\u00f8tte"},"content":{"rendered":"<h4><strong>Optimal anvendelse<\/strong><\/h4>\n<p>Indikasjoner: Mild til moderat nevrologisk svikt som resulterer i dropfot. Beregnet for \u00e5 hjelpe til med \u00e5 g\u00e5 og minimere unormale gangm\u00f8nstre. Kompenserer for muskelsvakhet (droppfot) for\u00e5rsaket av hjerneslag, ryggmargsskade, muskeldystrofi, cerebral parese, polio, multippel sklerose.  <\/p>\n<p><strong>H\u00f8yde p\u00e5 ankelmansjett: XS 10 cm og S-M-L 13 cm<\/strong><\/p>\n<p><strong>Passer b\u00e5de til venstre og h\u00f8yre<\/strong><\/p>\n<p><strong>St\u00f8rrelsesguide<\/strong><\/p>\n<p><strong>M\u00e5l ankelomkretsen der den er minst (se video med instruksjoner lenger ned i teksten)<\/strong><\/p>\n<p><a href=\"https:\/\/dev.fysiolab.dk\/wp-content\/uploads\/2025\/05\/F3.png\"><img fetchpriority=\"high\" decoding=\"async\" class=\"alignnone size-medium wp-image-202393097\" src=\"https:\/\/dev.fysiolab.dk\/wp-content\/uploads\/2025\/05\/F3-300x169.png\" alt=\"\" width=\"300\" height=\"169\" title=\"\"><\/a><\/p>\n<p><strong>Ankelomkrets. Str <\/strong><\/p>\n<p><strong>13-19 cm XS<\/strong><\/p>\n<p><strong>13-20 cm S<\/strong><\/p>\n<p><strong>20-27 cm M<\/strong><\/p>\n<p><strong>27-34 cm L<\/strong><\/p>\n<p><strong>Fordeler og funksjoner<\/strong><\/p>\n<p>- Fremmer naturlig gange<\/p>\n<p>- Forbedrer gangm\u00f8nsteret og hjelper pasientene med \u00e5 \u00f8ke gangkapasiteten<\/p>\n<p>- Bidrar til \u00e5 opprettholde en fotvinkel p\u00e5 90\u00b0.<\/p>\n<p>- Bidrar til \u00e5 kompensere for sideveis ubalanse uten \u00e5 hindre bevegelse<\/p>\n<p>- Lett, komfortabel og diskret - for hverdagsbruk<\/p>\n<p>- Allsidig - kan brukes med alle skotyper eller barbeint<\/p>\n<p>- Enkel \u00e5 ta p\u00e5 - justering med \u00e9n h\u00e5nd<\/p>\n<p>- Enkel \u00e5 tilpasse - kun \u00e9n innledende justering av den elastiske stroppen<\/p>\n<p>- Bilateral (b\u00e5de venstre og h\u00f8yre)<\/p>\n<p><iframe title=\"Aircast Podalib - Dynamic AFO Fitting Guide\" width=\"800\" height=\"450\" src=\"https:\/\/www.youtube.com\/embed\/BM5euaYLV8I?feature=oembed\" frameborder=\"0\" allow=\"accelerometer; autoplay; clipboard-write; encrypted-media; gyroscope; picture-in-picture; web-share\" referrerpolicy=\"strict-origin-when-cross-origin\" allowfullscreen><\/iframe><\/p>\n","protected":false},"excerpt":{"rendered":"<p><strong>Lett og myk <a href=\"https:\/\/fysiolab.dk\/no\/vare-kategori\/skinner-og-stoetteskinner\/ankelskinne\/dropfotskinne\/\">bandasje for dropfot etter nevrologisk sykdom<\/a>. Bandasjen kan b\u00e6res under sokken og passer derfor i alle typer fott\u00f8y. Kan ogs\u00e5 brukes i sandaler. Fremmer naturlig gange og bidrar til \u00e5 l\u00f8fte foten fra underlaget n\u00e5r du g\u00e5r og svinger benet. Passer til b\u00e5de h\u00f8yre og venstre fot.<\/strong><\/p>\n<p>https:\/\/www.youtube.com\/watch?v=rkUnY8rnXpY<\/p>\n","protected":false},"featured_media":92020,"comment_status":"closed","ping_status":"closed","template":"","meta":{"_acf_changed":false},"product_brand":[3092],"product_cat":[2129,2282,1992,2280,1937,1933],"product_tag":[2614],"class_list":{"0":"post-79415","1":"product","2":"type-product","3":"status-publish","4":"has-post-thumbnail","6":"product_brand-aircast","7":"product_cat-aircast-no","8":"product_cat-aircast-stoette-for-dropfot","9":"product_cat-ankelskinne","10":"product_cat-dropfotskinne","11":"product_cat-merkevarer","12":"product_cat-skinner-og-stoetteskinner","13":"product_tag-aircast-no","15":"first","16":"instock","17":"taxable","18":"shipping-taxable","19":"purchasable","20":"product-type-variable"},"acf":[],"_links":{"self":[{"href":"https:\/\/fysiolab.dk\/no\/wp-json\/wp\/v2\/product\/79415","targetHints":{"allow":["GET"]}}],"collection":[{"href":"https:\/\/fysiolab.dk\/no\/wp-json\/wp\/v2\/product"}],"about":[{"href":"https:\/\/fysiolab.dk\/no\/wp-json\/wp\/v2\/types\/product"}],"replies":[{"embeddable":true,"href":"https:\/\/fysiolab.dk\/no\/wp-json\/wp\/v2\/comments?post=79415"}],"wp:featuredmedia":[{"embeddable":true,"href":"https:\/\/fysiolab.dk\/no\/wp-json\/wp\/v2\/media\/92020"}],"wp:attachment":[{"href":"https:\/\/fysiolab.dk\/no\/wp-json\/wp\/v2\/media?parent=79415"}],"wp:term":[{"taxonomy":"product_brand","embeddable":true,"href":"https:\/\/fysiolab.dk\/no\/wp-json\/wp\/v2\/product_brand?post=79415"},{"taxonomy":"product_cat","embeddable":true,"href":"https:\/\/fysiolab.dk\/no\/wp-json\/wp\/v2\/product_cat?post=79415"},{"taxonomy":"product_tag","embeddable":true,"href":"https:\/\/fysiolab.dk\/no\/wp-json\/wp\/v2\/product_tag?post=79415"}],"curies":[{"name":"wp","href":"https:\/\/api.w.org\/{rel}","templated":true}]}}