{"id":79416,"date":"2023-07-16T12:36:55","date_gmt":"2023-07-16T10:36:55","guid":{"rendered":"https:\/\/fysiolab.dk\/product\/donjoy-achilloforce-air-akillessenen\/"},"modified":"2025-12-18T09:23:04","modified_gmt":"2025-12-18T08:23:04","slug":"donjoy-achilloforce-air-akillessenen","status":"publish","type":"product","link":"https:\/\/fysiolab.dk\/no\/product\/donjoy-achilloforce-air-akillessenen\/","title":{"rendered":"DONJOY Achilloforce Air (akillessenen)"},"content":{"rendered":"<h3><strong>Optimal anvendelse<\/strong><\/h3>\n<p>&nbsp;<\/p>\n<p>Strikket ankelst\u00f8tte med to sammenkoblede luftputer under fotbuen og bak h\u00e6len som gir pulserende kompresjon ved hvert skritt, noe som \u00f8ker blodsirkulasjonen og reduserer hevelse og smerte. Luftputen under foten gir lindring ved plantar facitis og h\u00e6lspore. <\/p>\n<p><strong>Indikasjoner for bruk<\/strong><\/p>\n<ul>\n<li>Kronisk betennelse eller betennelse i forbindelse med h\u00e6lseneskade<\/li>\n<li>Akillessenebetennelse<\/li>\n<li>Plantar facitis (h\u00e6lspore)<\/li>\n<\/ul>\n<p><strong>Fordeler og funksjoner<\/strong><\/p>\n<ul>\n<li>Tilkoblede luftceller<\/li>\n<li>Luftceller gir en masserende effekt p\u00e5 h\u00e6lsenen<\/li>\n<li>Anatomisk formet bandasje for optimal passform og kompresjon<\/li>\n<li>Allergivennlig materiale som puster<\/li>\n<li><strong>Universell modell (passer b\u00e5de til venstre og h\u00f8yre)<\/strong><\/li>\n<\/ul>\n<p><strong>St\u00f8rrelsesguide<\/strong><\/p>\n<p><strong>M\u00e5l ankelomkretsen der den er minst (se video med instruksjoner lenger ned i teksten)<\/strong><\/p>\n<p>&nbsp;<\/p>\n<p><a href=\"https:\/\/dev.fysiolab.dk\/wp-content\/uploads\/2025\/05\/F3.png\"><img fetchpriority=\"high\" decoding=\"async\" class=\"alignnone size-medium wp-image-202393097\" src=\"https:\/\/dev.fysiolab.dk\/wp-content\/uploads\/2025\/05\/F3-300x169.png\" alt=\"\" width=\"300\" height=\"169\" title=\"\"><\/a><\/p>\n<p><strong>Omkrets St\u00f8rrelse  <\/strong><\/p>\n<p><strong>17-19 cm XS<\/strong><\/p>\n<p><strong>19-21 cm S<\/strong><\/p>\n<p><strong>21-23cm M - Utsolgt<\/strong><\/p>\n<p><strong>23-25 cm L - Utsolgt<\/strong><\/p>\n<p><strong>25-27 cm XL<\/strong><\/p>\n<p><strong>27-29 cm XXL<\/strong><\/p>\n<p><strong>Ettersom denne varen er utg\u00e5tt og ikke lenger kan bestilles i de utsolgte st\u00f8rrelsene, henviser vi til dette produktet: Bauerfeind <a href=\"https:\/\/fysiolab.dk\/product\/bauerfeind-ankelbandage-achillotrain-pro\/\">Ankelbandasje<\/a> <a href=\"https:\/\/fysiolab.dk\/product\/bauerfeind-ankelbandage-achillotrain\/\">- Achillotrain<\/a> eller Bauerfeind Ankelbandasje - Achillotrain Pro<\/strong><\/p>\n<p>&nbsp;<\/p>\n<p><iframe title=\"Opm\u00e5lingsvejledning ankel FysioLab\" width=\"800\" height=\"450\" src=\"https:\/\/www.youtube.com\/embed\/rkUnY8rnXpY?feature=oembed\" frameborder=\"0\" allow=\"accelerometer; autoplay; clipboard-write; encrypted-media; gyroscope; picture-in-picture; web-share\" referrerpolicy=\"strict-origin-when-cross-origin\" allowfullscreen><\/iframe><\/p>\n<p><iframe title=\"DonJoy Achilloforce Air\" width=\"800\" height=\"450\" src=\"https:\/\/www.youtube.com\/embed\/lNg7zjFCWgQ?feature=oembed\" frameborder=\"0\" allow=\"accelerometer; autoplay; clipboard-write; encrypted-media; gyroscope; picture-in-picture; web-share\" referrerpolicy=\"strict-origin-when-cross-origin\" allowfullscreen><\/iframe><\/p>\n","protected":false},"excerpt":{"rendered":"<p><strong>Ankelst\u00f8tte med to sammenkoblede luftputer under fotbuen og bak h\u00e6len som gir pulserende kompresjon ved hvert skritt for \u00e5 \u00f8ke sirkulasjonen. Anbefales ved akilles- og h\u00e6lsmerter. Passer for h\u00f8yre og venstre fot.  <\/strong><\/p>\n<p>&nbsp;<\/p>\n","protected":false},"featured_media":79431,"comment_status":"closed","ping_status":"closed","template":"","meta":{"_acf_changed":false},"product_brand":[3091],"product_cat":[1992,1938,2283,2203,1937,1997,1998,1933,1994,1993,2055,1995,2016],"product_tag":[2173],"class_list":{"0":"post-79416","1":"product","2":"type-product","3":"status-publish","4":"has-post-thumbnail","6":"product_brand-donjoy","7":"product_cat-ankelskinne","8":"product_cat-donjoy-no","9":"product_cat-donjoy-achilles-stoette","10":"product_cat-donjoy-ankelstoette","11":"product_cat-merkevarer","12":"product_cat-plantar-facitis-no","13":"product_cat-plantar-facitis-no-2","14":"product_cat-skinner-og-stoetteskinner","15":"product_cat-sko-og-saaler-no","16":"product_cat-smerter-i-akillessenen","17":"product_cat-smerter-i-fotbuen","18":"product_cat-smerter-i-haelen","19":"product_cat-uttak","20":"product_tag-donjoy-no","22":"first","23":"instock","24":"sale","25":"taxable","26":"shipping-taxable","27":"purchasable","28":"product-type-variable"},"acf":[],"_links":{"self":[{"href":"https:\/\/fysiolab.dk\/no\/wp-json\/wp\/v2\/product\/79416","targetHints":{"allow":["GET"]}}],"collection":[{"href":"https:\/\/fysiolab.dk\/no\/wp-json\/wp\/v2\/product"}],"about":[{"href":"https:\/\/fysiolab.dk\/no\/wp-json\/wp\/v2\/types\/product"}],"replies":[{"embeddable":true,"href":"https:\/\/fysiolab.dk\/no\/wp-json\/wp\/v2\/comments?post=79416"}],"wp:featuredmedia":[{"embeddable":true,"href":"https:\/\/fysiolab.dk\/no\/wp-json\/wp\/v2\/media\/79431"}],"wp:attachment":[{"href":"https:\/\/fysiolab.dk\/no\/wp-json\/wp\/v2\/media?parent=79416"}],"wp:term":[{"taxonomy":"product_brand","embeddable":true,"href":"https:\/\/fysiolab.dk\/no\/wp-json\/wp\/v2\/product_brand?post=79416"},{"taxonomy":"product_cat","embeddable":true,"href":"https:\/\/fysiolab.dk\/no\/wp-json\/wp\/v2\/product_cat?post=79416"},{"taxonomy":"product_tag","embeddable":true,"href":"https:\/\/fysiolab.dk\/no\/wp-json\/wp\/v2\/product_tag?post=79416"}],"curies":[{"name":"wp","href":"https:\/\/api.w.org\/{rel}","templated":true}]}}