{"id":79440,"date":"2023-07-16T12:36:56","date_gmt":"2023-07-16T10:36:56","guid":{"rendered":"https:\/\/fysiolab.dk\/product\/donjoy-velocity-ls-light-support-ankelstoette\/"},"modified":"2025-12-18T09:23:02","modified_gmt":"2025-12-18T08:23:02","slug":"donjoy-velocity-ls-light-support-ankelstoette","status":"publish","type":"product","link":"https:\/\/fysiolab.dk\/no\/product\/donjoy-velocity-ls-light-support-ankelstoette\/","title":{"rendered":"DONJOY Velocity LS (Light Support) ankelst\u00f8tte"},"content":{"rendered":"<h4><strong>Optimal anvendelse<\/p>\n<p><\/strong><\/h4>\n<p>Velocity ankelbandasje fra DonJoy er en av de beste ankelbandasjene p\u00e5 markedet n\u00e5r det gjelder \u00e5 forebygge og beskytte ankelskader som forstuinger\/forvridninger i ankelen. Velocity-skinnen beskytter mot vridning av ankelen (unormal inversjon, eversjon og rotasjon) uten \u00e5 begrense den naturlige dorsal- og plantarfleksjonen, slik at du kan l\u00f8pe og hoppe fritt og trygt i idretter som h\u00e5ndball, volleyball og basketball. Bandasjen anbefales til: Forebygging av ankelskader, postoperativ ankelbehandling, kroniske ankelskader, akutte ankelskader og \u00f8mme ankler.    <strong>Tilgjengelig i en h\u00f8yre- og en venstremodell<\/strong><\/p>\n<p><strong>St\u00f8rrelsesguide<\/strong><\/p>\n<p><strong>Sortert etter skost\u00f8rrelse<\/strong><\/p>\n<p><a href=\"https:\/\/dev.fysiolab.dk\/wp-content\/uploads\/2025\/05\/F1-3.png\"><img fetchpriority=\"high\" decoding=\"async\" class=\"alignnone size-medium wp-image-202393324\" src=\"https:\/\/dev.fysiolab.dk\/wp-content\/uploads\/2025\/05\/F1-3-300x169.png\" alt=\"\" width=\"300\" height=\"169\" title=\"\"><\/a><\/p>\n<p><strong>Skost\u00f8rrelse. St\u00f8rrelse. <\/strong><\/p>\n<p><strong>&lt;39 S<\/strong><\/p>\n<p><strong>39-42 M<\/strong><\/p>\n<p><strong>+42 L<\/strong><\/p>\n<p><iframe title=\"DonJoy Velocity ankelskinne\" width=\"800\" height=\"450\" src=\"https:\/\/www.youtube.com\/embed\/VI-aFetid3k?feature=oembed\" frameborder=\"0\" allow=\"accelerometer; autoplay; clipboard-write; encrypted-media; gyroscope; picture-in-picture; web-share\" referrerpolicy=\"strict-origin-when-cross-origin\" allowfullscreen><\/iframe><\/p>\n<p><iframe title=\"DonJoy Velocity Ankle Brace - ES, MS, LS - DME-Direct.com\" width=\"800\" height=\"450\" src=\"https:\/\/www.youtube.com\/embed\/qbLkYF1BPpA?feature=oembed\" frameborder=\"0\" allow=\"accelerometer; autoplay; clipboard-write; encrypted-media; gyroscope; picture-in-picture; web-share\" referrerpolicy=\"strict-origin-when-cross-origin\" allowfullscreen><\/iframe><\/p>\n","protected":false},"excerpt":{"rendered":"<p><strong>Velocity-skinnen beskytter mot vridning av ankelen uten \u00e5 begrense den naturlige bevegelsen, slik at du kan bevege deg fritt og trygt i ekstreme posisjoner. Tilgjengelig i h\u00f8yre- og venstremodeller   <\/strong><\/p>\n<p>https:\/\/www.youtube.com\/watch?v=uG9ZtXDPSMM<\/p>\n","protected":false},"featured_media":92014,"comment_status":"closed","ping_status":"closed","template":"","meta":{"_acf_changed":false},"product_brand":[3091],"product_cat":[2074,1992,2182,2076,1938,2266,2203,1937,1933,2077],"product_tag":[2173],"class_list":{"0":"post-79440","1":"product","2":"type-product","3":"status-publish","4":"has-post-thumbnail","6":"product_brand-donjoy","7":"product_cat-ankelforstuing","8":"product_cat-ankelskinne","9":"product_cat-ankelskinner-for-haandball","10":"product_cat-ankelvridning","11":"product_cat-donjoy-no","12":"product_cat-donjoy-ankelskinne-no","13":"product_cat-donjoy-ankelstoette","14":"product_cat-merkevarer","15":"product_cat-skinner-og-stoetteskinner","16":"product_cat-ustabil-ankel-no","17":"product_tag-donjoy-no","19":"first","20":"instock","21":"taxable","22":"shipping-taxable","23":"purchasable","24":"product-type-variable"},"acf":[],"_links":{"self":[{"href":"https:\/\/fysiolab.dk\/no\/wp-json\/wp\/v2\/product\/79440","targetHints":{"allow":["GET"]}}],"collection":[{"href":"https:\/\/fysiolab.dk\/no\/wp-json\/wp\/v2\/product"}],"about":[{"href":"https:\/\/fysiolab.dk\/no\/wp-json\/wp\/v2\/types\/product"}],"replies":[{"embeddable":true,"href":"https:\/\/fysiolab.dk\/no\/wp-json\/wp\/v2\/comments?post=79440"}],"wp:featuredmedia":[{"embeddable":true,"href":"https:\/\/fysiolab.dk\/no\/wp-json\/wp\/v2\/media\/92014"}],"wp:attachment":[{"href":"https:\/\/fysiolab.dk\/no\/wp-json\/wp\/v2\/media?parent=79440"}],"wp:term":[{"taxonomy":"product_brand","embeddable":true,"href":"https:\/\/fysiolab.dk\/no\/wp-json\/wp\/v2\/product_brand?post=79440"},{"taxonomy":"product_cat","embeddable":true,"href":"https:\/\/fysiolab.dk\/no\/wp-json\/wp\/v2\/product_cat?post=79440"},{"taxonomy":"product_tag","embeddable":true,"href":"https:\/\/fysiolab.dk\/no\/wp-json\/wp\/v2\/product_tag?post=79440"}],"curies":[{"name":"wp","href":"https:\/\/api.w.org\/{rel}","templated":true}]}}