{"id":79449,"date":"2023-07-16T12:36:55","date_gmt":"2023-07-16T10:36:55","guid":{"rendered":"https:\/\/fysiolab.dk\/product\/procare-universal-tommelbeskyttelse-thumb-o-prene\/"},"modified":"2025-12-18T09:23:04","modified_gmt":"2025-12-18T08:23:04","slug":"procare-universal-tommelbeskyttelse-thumb-o-prene","status":"publish","type":"product","link":"https:\/\/fysiolab.dk\/no\/product\/procare-universal-tommelbeskyttelse-thumb-o-prene\/","title":{"rendered":"PROCARE Universal tommelbeskyttelse Thumb-O-Prene"},"content":{"rendered":"<h4><strong>Optimal anvendelse<\/strong><\/h4>\n<p>Universal Thumb-O-Prene er en kort, omsluttende design med et avtakbart r\u00f8r for tommelen. Produsert i lettvektsmateriale (neopren). Separat elastisk stropp kan festes for ytterligere adduksjon\/abduksjon av tommelen.    <strong>Kan brukes av b\u00e5de h\u00f8yre- og venstrehendte.<\/strong><\/p>\n<p>Ideell for forstuinger, deQuervains, senebetennelse, hyperekstensjon og leddgikt i tommelens rotledd.<\/p>\n<p><strong>St\u00f8rrelsesguide<\/strong><\/p>\n<p><strong>Universell st\u00f8rrelse som tilpasser seg den enkelte<\/strong><\/p>\n","protected":false},"excerpt":{"rendered":"<p><strong>Liten og lett bandasje for beskyttelse av tommelen. Bandasje med skinne som st\u00f8tter tommelen. Gir \u00f8kt komfort rundt tommelens grunnledd, som ofte rammes av slitasjegikt. Kan brukes til b\u00e5de h\u00f8yre og venstre h\u00e5nd.    Universell st\u00f8rrelse som tilpasser seg den enkelte  <\/strong><\/p>\n","protected":false},"featured_media":79451,"comment_status":"closed","ping_status":"closed","template":"","meta":{"_acf_changed":false},"product_brand":[3139],"product_cat":[2071,2041,2044,2040,2062,1937,2000,2201,2285,2063,2067,2070,2069,2064,1933,2061,2065],"product_tag":[2264],"class_list":{"0":"post-79449","1":"product","2":"type-product","3":"status-publish","4":"has-post-thumbnail","6":"product_brand-procare","7":"product_cat-artrose-i-haandleddet","8":"product_cat-fingre-no","9":"product_cat-forstuet-finger","10":"product_cat-haand-og-haandleddsskinne","11":"product_cat-hyperekstensjon-av-tommelen","12":"product_cat-merkevarer","13":"product_cat-procare-no","14":"product_cat-procare-haandledds-og-fingerbandasjer","15":"product_cat-procare-tommelbeskyttelse","16":"product_cat-rhizartrose-no","17":"product_cat-senebetennelse","18":"product_cat-senebetennelse-i-haandleddet","19":"product_cat-senebetennelse-i-tommelen","20":"product_cat-skiloeperens-tommel","21":"product_cat-skinner-og-stoetteskinner","22":"product_cat-slitasjegikt-i-tommelen","23":"product_cat-smerter-i-tommelens-rotledd","24":"product_tag-procare-no","26":"first","27":"instock","28":"taxable","29":"shipping-taxable","30":"purchasable","31":"product-type-simple"},"acf":[],"_links":{"self":[{"href":"https:\/\/fysiolab.dk\/no\/wp-json\/wp\/v2\/product\/79449","targetHints":{"allow":["GET"]}}],"collection":[{"href":"https:\/\/fysiolab.dk\/no\/wp-json\/wp\/v2\/product"}],"about":[{"href":"https:\/\/fysiolab.dk\/no\/wp-json\/wp\/v2\/types\/product"}],"replies":[{"embeddable":true,"href":"https:\/\/fysiolab.dk\/no\/wp-json\/wp\/v2\/comments?post=79449"}],"wp:featuredmedia":[{"embeddable":true,"href":"https:\/\/fysiolab.dk\/no\/wp-json\/wp\/v2\/media\/79451"}],"wp:attachment":[{"href":"https:\/\/fysiolab.dk\/no\/wp-json\/wp\/v2\/media?parent=79449"}],"wp:term":[{"taxonomy":"product_brand","embeddable":true,"href":"https:\/\/fysiolab.dk\/no\/wp-json\/wp\/v2\/product_brand?post=79449"},{"taxonomy":"product_cat","embeddable":true,"href":"https:\/\/fysiolab.dk\/no\/wp-json\/wp\/v2\/product_cat?post=79449"},{"taxonomy":"product_tag","embeddable":true,"href":"https:\/\/fysiolab.dk\/no\/wp-json\/wp\/v2\/product_tag?post=79449"}],"curies":[{"name":"wp","href":"https:\/\/api.w.org\/{rel}","templated":true}]}}