{"id":79450,"date":"2023-07-16T12:36:55","date_gmt":"2023-07-16T10:36:55","guid":{"rendered":"https:\/\/fysiolab.dk\/product\/donjoy-immostrap-ryggstoette\/"},"modified":"2026-03-21T21:13:32","modified_gmt":"2026-03-21T20:13:32","slug":"donjoy-immostrap-ryggstoette","status":"publish","type":"product","link":"https:\/\/fysiolab.dk\/no\/product\/donjoy-immostrap-ryggstoette\/","title":{"rendered":"DonJoy Immostrap ryggst\u00f8tte"},"content":{"rendered":"<h3><strong>Optimal bruk av DonJoy Immostrap ryggst\u00f8tte  <\/strong><\/h3>\n<p>Lumbalt belte med kompresjon og stabilitet. Anbefales ved akutte og kroniske korsryggsmerter, slitasjegikt og holdningskorrigering. Ideell for aktive mennesker. Komfortabel bandasje med 4 stropper som gj\u00f8r at du kan justere stabiliteten akkurat der du trenger den.   <\/p>\n<p><strong>Fordeler og funksjoner<\/strong><\/p>\n<div id=\"gt-res-content\" class=\"almost_half_cell\">\n<div dir=\"ltr\">\n<p>- Laget av sv\u00e6rt elastisk materiale for kontroll, stabilitet og god holdning.<\/p>\n<p>- 4 fleksible spenner for \u00e5 stabilisere korsryggen.<\/p>\n<p>- Passer godt.<\/p>\n<p>- Enkel justering takket v\u00e6re \"rullende spenner\".<\/p>\n<p>- Ergonomisk korsryggbelte som gir st\u00f8tte i b\u00e5de sittende og st\u00e5ende stilling.<\/p>\n<p>- 2 fleksible spenner foran for god st\u00f8tte til magen.<\/p>\n<p>- H\u00e5ndstropper og fingerstropper for enkel p\u00e5kledning.<\/p>\n<p>- H\u00f8yde: 26 cm<\/p>\n<\/div>\n<\/div>\n<div dir=\"ltr\">\n<p><strong>St\u00f8rrelsesguide<\/strong><\/p>\n<p><strong>M\u00e5l midjem\u00e5let ditt ved navlen  <\/strong><\/p>\n<p><img fetchpriority=\"high\" decoding=\"async\" class=\"alignnone size-medium wp-image-107036\" src=\"https:\/\/fysiolab.dk\/wp-content\/uploads\/2026\/03\/taljema%CC%8Al--300x200.png\" alt=\"\" width=\"300\" height=\"200\" title=\"\"><\/p>\n<p><strong>Omkrets Str.<\/strong><\/p>\n<p><strong>56-68 cm XS<\/strong><\/p>\n<p><strong>68-82 cm S<\/strong><\/p>\n<p><strong>82-98 cm M<\/strong><\/p>\n<p><strong>98-116 cm L<\/strong><\/p>\n<p><strong>116-136 cm XL<\/strong><\/p>\n<\/div>\n<div dir=\"ltr\">\n<p><iframe title=\"Opm\u00e5lingsvejledning til taljem\u00e5l FysioLab\" width=\"800\" height=\"450\" src=\"https:\/\/www.youtube.com\/embed\/_c2mbw5K7uY?feature=oembed\" frameborder=\"0\" allow=\"accelerometer; autoplay; clipboard-write; encrypted-media; gyroscope; picture-in-picture; web-share\" referrerpolicy=\"strict-origin-when-cross-origin\" allowfullscreen><\/iframe><\/p>\n<p>&nbsp;<\/p>\n<\/div>\n<p><iframe title=\"DonJoy Lumbar Support Range | UK\" width=\"800\" height=\"450\" src=\"https:\/\/www.youtube.com\/embed\/LpVXNSZZbZg?feature=oembed\" frameborder=\"0\" allow=\"accelerometer; autoplay; clipboard-write; encrypted-media; gyroscope; picture-in-picture; web-share\" referrerpolicy=\"strict-origin-when-cross-origin\" allowfullscreen><\/iframe><\/p>\n","protected":false},"excerpt":{"rendered":"<p><strong>Komfortabel st\u00f8tte for akutte og kroniske smerter i korsryggen. De fire stroppene gj\u00f8r at du kan justere stabiliteten akkurat der du trenger den. Anbefales ved slitasjegikt i ryggen og smerter i bekkenet  <\/strong><\/p>\n<p>&nbsp;<\/p>\n","protected":false},"featured_media":79459,"comment_status":"closed","ping_status":"closed","template":"","meta":{"_acf_changed":false},"product_brand":[3091],"product_cat":[2188,2189,2191,1938,2194,2946,2193,2192,1937,2190,2184,1933,2186,2187],"product_tag":[2173,3253],"class_list":{"0":"post-79450","1":"product","2":"type-product","3":"status-publish","4":"has-post-thumbnail","6":"product_brand-donjoy","7":"product_cat-anstrengt-rygg","8":"product_cat-artrose-i-ryggen","9":"product_cat-brudd-i-ryggen-brudd-i-ryggraden","10":"product_cat-donjoy-no","11":"product_cat-donjoy-korsryggbelte","12":"product_cat-donjoy-reimserie","13":"product_cat-donjoy-ryggstoette","14":"product_cat-isjias-iskias","15":"product_cat-merkevarer","16":"product_cat-osteoporose-benskjoerhet-i-ryggen","17":"product_cat-rygg-og-korsrygg","18":"product_cat-skinner-og-stoetteskinner","19":"product_cat-skiveprolaps","20":"product_cat-smerter-i-nedre-del-av-ryggen","21":"product_tag-donjoy-no","22":"product_tag-donjoy-strap-serien","24":"first","25":"instock","26":"sale","27":"taxable","28":"shipping-taxable","29":"purchasable","30":"product-type-variable"},"acf":[],"_links":{"self":[{"href":"https:\/\/fysiolab.dk\/no\/wp-json\/wp\/v2\/product\/79450","targetHints":{"allow":["GET"]}}],"collection":[{"href":"https:\/\/fysiolab.dk\/no\/wp-json\/wp\/v2\/product"}],"about":[{"href":"https:\/\/fysiolab.dk\/no\/wp-json\/wp\/v2\/types\/product"}],"replies":[{"embeddable":true,"href":"https:\/\/fysiolab.dk\/no\/wp-json\/wp\/v2\/comments?post=79450"}],"wp:featuredmedia":[{"embeddable":true,"href":"https:\/\/fysiolab.dk\/no\/wp-json\/wp\/v2\/media\/79459"}],"wp:attachment":[{"href":"https:\/\/fysiolab.dk\/no\/wp-json\/wp\/v2\/media?parent=79450"}],"wp:term":[{"taxonomy":"product_brand","embeddable":true,"href":"https:\/\/fysiolab.dk\/no\/wp-json\/wp\/v2\/product_brand?post=79450"},{"taxonomy":"product_cat","embeddable":true,"href":"https:\/\/fysiolab.dk\/no\/wp-json\/wp\/v2\/product_cat?post=79450"},{"taxonomy":"product_tag","embeddable":true,"href":"https:\/\/fysiolab.dk\/no\/wp-json\/wp\/v2\/product_tag?post=79450"}],"curies":[{"name":"wp","href":"https:\/\/api.w.org\/{rel}","templated":true}]}}