{"id":79464,"date":"2023-07-16T12:36:55","date_gmt":"2023-07-16T10:36:55","guid":{"rendered":"https:\/\/fysiolab.dk\/product\/procare-surround-tennisarmbaand\/"},"modified":"2025-12-18T09:23:03","modified_gmt":"2025-12-18T08:23:03","slug":"procare-surround-tennisarmbaand","status":"publish","type":"product","link":"https:\/\/fysiolab.dk\/no\/product\/procare-surround-tennisarmbaand\/","title":{"rendered":"PROCARE Surround tennisarmb\u00e5nd"},"content":{"rendered":"<h4><strong>Optimal anvendelse<\/strong><\/h4>\n<h4>Kombinert neoprenb\u00e5nd med gelpute for kompresjon over senefestet ved albuen. Kan brukes til b\u00e5de h\u00f8yre og venstre arm. Ideell for medial epikondylitt (golferalbue) og lateral epikondylitt (tennisalbue)  <\/h4>\n<p><strong>St\u00f8rrelsesguide<\/strong><\/p>\n<p><strong>M\u00e5l omkretsen av underarmen der den er st\u00f8rst<\/strong><\/p>\n<p><a href=\"https:\/\/dev.fysiolab.dk\/wp-content\/uploads\/2025\/05\/A6.png\"><img fetchpriority=\"high\" decoding=\"async\" class=\"alignnone size-medium wp-image-202393531\" src=\"https:\/\/dev.fysiolab.dk\/wp-content\/uploads\/2025\/05\/A6-300x169.png\" alt=\"\" width=\"300\" height=\"169\" title=\"\"><\/a><\/p>\n<p><strong>Omkrets Str<\/strong><\/p>\n<p><strong>15-20 cm S<\/strong><\/p>\n<p><strong>20-28 cm <\/strong><strong>M<\/strong><\/p>\n<p><strong>28-36 cm L<\/strong><\/p>\n<p>&nbsp;<\/p>\n","protected":false},"excerpt":{"rendered":"<p><strong>Liten og brukervennlig bandasje for lindring av tennis- og golfalbue. Plasseres over smertepunktet og kan justeres avhengig av hvor mye trykk du \u00f8nsker. Passer til h\u00f8yre og venstre arm.  <\/strong><\/p>\n<p>&nbsp;<\/p>\n<p>https:\/\/www.youtube.com\/watch?v=Ojvxe0ic6aI<\/p>\n","protected":false},"featured_media":79471,"comment_status":"closed","ping_status":"closed","template":"","meta":{"_acf_changed":false},"product_brand":[],"product_cat":[1932,1935,1937,1936,1970,2000,2286,1933,1934,2016],"product_tag":[2264],"class_list":{"0":"post-79464","1":"product","2":"type-product","3":"status-publish","4":"has-post-thumbnail","6":"product_cat-albue-no","7":"product_cat-golfalbue-no","8":"product_cat-merkevarer","9":"product_cat-musens-arm","10":"product_cat-padel-no","11":"product_cat-procare-no","12":"product_cat-procare-albuestoette","13":"product_cat-skinner-og-stoetteskinner","14":"product_cat-tennisalbue-no","15":"product_cat-uttak","16":"product_tag-procare-no","18":"first","19":"instock","20":"sale","21":"taxable","22":"shipping-taxable","23":"purchasable","24":"product-type-variable"},"acf":[],"_links":{"self":[{"href":"https:\/\/fysiolab.dk\/no\/wp-json\/wp\/v2\/product\/79464","targetHints":{"allow":["GET"]}}],"collection":[{"href":"https:\/\/fysiolab.dk\/no\/wp-json\/wp\/v2\/product"}],"about":[{"href":"https:\/\/fysiolab.dk\/no\/wp-json\/wp\/v2\/types\/product"}],"replies":[{"embeddable":true,"href":"https:\/\/fysiolab.dk\/no\/wp-json\/wp\/v2\/comments?post=79464"}],"wp:featuredmedia":[{"embeddable":true,"href":"https:\/\/fysiolab.dk\/no\/wp-json\/wp\/v2\/media\/79471"}],"wp:attachment":[{"href":"https:\/\/fysiolab.dk\/no\/wp-json\/wp\/v2\/media?parent=79464"}],"wp:term":[{"taxonomy":"product_brand","embeddable":true,"href":"https:\/\/fysiolab.dk\/no\/wp-json\/wp\/v2\/product_brand?post=79464"},{"taxonomy":"product_cat","embeddable":true,"href":"https:\/\/fysiolab.dk\/no\/wp-json\/wp\/v2\/product_cat?post=79464"},{"taxonomy":"product_tag","embeddable":true,"href":"https:\/\/fysiolab.dk\/no\/wp-json\/wp\/v2\/product_tag?post=79464"}],"curies":[{"name":"wp","href":"https:\/\/api.w.org\/{rel}","templated":true}]}}