{"id":79484,"date":"2023-07-16T12:36:55","date_gmt":"2023-07-16T10:36:55","guid":{"rendered":"https:\/\/fysiolab.dk\/product\/donjoy-manuforce-haandleddstoette-tidligere-modell-utgaatt\/"},"modified":"2025-12-18T09:23:03","modified_gmt":"2025-12-18T08:23:03","slug":"donjoy-manuforce-haandleddstoette-tidligere-modell-utgaatt","status":"publish","type":"product","link":"https:\/\/fysiolab.dk\/no\/product\/donjoy-manuforce-haandleddstoette-tidligere-modell-utgaatt\/","title":{"rendered":"DONJOY ManuForce h\u00e5ndleddst\u00f8tte (tidligere modell - utg\u00e5tt)"},"content":{"rendered":"<h4><strong>Optimal anvendelse<\/strong><\/h4>\n<p>&nbsp;<\/p>\n<p>Elastisk h\u00e5ndleddsst\u00f8tte med formbare aluminiumsstag og avtakbar kompresjonsstropp<\/p>\n<p><strong>V\u00e6r oppmerksom p\u00e5 at denne varen er utg\u00e5tt og kun er tilgjengelig s\u00e5 lenge lageret rekker. Modellen er n\u00e5 tilgjengelig i en ny og forbedret versjon som du finner <a href=\"https:\/\/fysiolab.dk\/no\/product\/donjoy-manuforce-haandleddstoette\/\">her<\/a> <\/strong><\/p>\n<p><strong>Indikasjoner for bruk<\/strong><\/p>\n<p>- Kronisk, posttraumatisk eller postoperativ betennelse i h\u00e5ndledd og\/eller bl\u00f8tvev.<\/p>\n<p>- Forstuet h\u00e5ndledd<\/p>\n<p>- Senebetennelse (seneirritasjon)<\/p>\n<p>- Mild artrose (slitasjegikt)<\/p>\n<p>- Revmatiske smerter i h\u00e5ndleddet (leddgikt)<\/p>\n<p><strong>St\u00f8rrelsesguide  <\/strong><\/p>\n<p><strong>M\u00e5l omkretsen av h\u00e5ndleddet (se video lenger ned i teksten for instruksjoner)<\/strong><\/p>\n<p>&nbsp;<\/p>\n<p><a href=\"https:\/\/dev.fysiolab.dk\/wp-content\/uploads\/2025\/05\/H2.png\"><img fetchpriority=\"high\" decoding=\"async\" class=\"alignnone size-medium wp-image-202392805\" src=\"https:\/\/dev.fysiolab.dk\/wp-content\/uploads\/2025\/05\/H2-300x169.png\" alt=\"\" width=\"300\" height=\"169\" title=\"\"><\/a><\/p>\n<p><strong>Omkrets St\u00f8rrelse  <\/strong><\/p>\n<p><strong>13-14,5 cm XS<\/strong><\/p>\n<p><strong>14,5-16 cm S<\/strong><\/p>\n<p><strong>16-17,5 cm M<\/strong><\/p>\n<p><strong>17,5-19 cm L<\/strong><\/p>\n<p><strong>19-20,5 cm XL<\/strong><\/p>\n<p><strong>20,5-22 cm XXL<\/strong><\/p>\n<p><iframe title=\"Opm\u00e5lingsvejledning til h\u00e5ndled\" width=\"800\" height=\"450\" src=\"https:\/\/www.youtube.com\/embed\/uT1ZaBnbLiI?feature=oembed\" frameborder=\"0\" allow=\"accelerometer; autoplay; clipboard-write; encrypted-media; gyroscope; picture-in-picture; web-share\" referrerpolicy=\"strict-origin-when-cross-origin\" allowfullscreen><\/iframe><\/p>\n<p><strong>Fordeler og funksjoner<\/strong><\/p>\n<ul>\n<li>Avtakbar h\u00e5ndflatest\u00f8tte i formbart aluminium for stabilisering<\/li>\n<li>Avtakbar stropp for justering av kompresjonsniv\u00e5et<\/li>\n<li>Anatomisk formet 3D-strikk for komfortabel, jevn kompresjon og varme.<\/li>\n<li>Allergivennlig materiale som puster<\/li>\n<li>Tilgjengelig i 6 st\u00f8rrelser<\/li>\n<li>Tilgjengelig i en h\u00f8yre- og en venstremodell<\/li>\n<\/ul>\n<p>&nbsp;<\/p>\n<p><iframe title=\"DonJoy Manuforce\" width=\"800\" height=\"450\" src=\"https:\/\/www.youtube.com\/embed\/ZQ9Lve8hIdk?feature=oembed\" frameborder=\"0\" allow=\"accelerometer; autoplay; clipboard-write; encrypted-media; gyroscope; picture-in-picture; web-share\" referrerpolicy=\"strict-origin-when-cross-origin\" allowfullscreen><\/iframe><\/p>\n","protected":false},"excerpt":{"rendered":"<p><strong>Elastisk h\u00e5ndleddsbandasje for h\u00e5ndleddsforstuing, revmatoid artritt, senebetennelse og mild slitasjegikt. Bandasjen har en god og behagelig passform.  Tilgjengelig i h\u00f8yre- og venstremodeller<\/strong><\/p>\n<p>&nbsp;<\/p>\n","protected":false},"featured_media":79506,"comment_status":"closed","ping_status":"closed","template":"","meta":{"_acf_changed":false},"product_brand":[3091],"product_cat":[2071,1938,2048,2043,2040,1937,2067,1933,2016],"product_tag":[2173],"class_list":{"0":"post-79484","1":"product","2":"type-product","3":"status-publish","4":"has-post-thumbnail","6":"product_brand-donjoy","7":"product_cat-artrose-i-haandleddet","8":"product_cat-donjoy-no","9":"product_cat-donjoy-haandleddstoette","10":"product_cat-forstuing-og-overbelastning-av-haandleddet","11":"product_cat-haand-og-haandleddsskinne","12":"product_cat-merkevarer","13":"product_cat-senebetennelse","14":"product_cat-skinner-og-stoetteskinner","15":"product_cat-uttak","16":"product_tag-donjoy-no","18":"first","19":"instock","20":"sale","21":"taxable","22":"shipping-taxable","23":"purchasable","24":"product-type-variable"},"acf":[],"_links":{"self":[{"href":"https:\/\/fysiolab.dk\/no\/wp-json\/wp\/v2\/product\/79484","targetHints":{"allow":["GET"]}}],"collection":[{"href":"https:\/\/fysiolab.dk\/no\/wp-json\/wp\/v2\/product"}],"about":[{"href":"https:\/\/fysiolab.dk\/no\/wp-json\/wp\/v2\/types\/product"}],"replies":[{"embeddable":true,"href":"https:\/\/fysiolab.dk\/no\/wp-json\/wp\/v2\/comments?post=79484"}],"wp:featuredmedia":[{"embeddable":true,"href":"https:\/\/fysiolab.dk\/no\/wp-json\/wp\/v2\/media\/79506"}],"wp:attachment":[{"href":"https:\/\/fysiolab.dk\/no\/wp-json\/wp\/v2\/media?parent=79484"}],"wp:term":[{"taxonomy":"product_brand","embeddable":true,"href":"https:\/\/fysiolab.dk\/no\/wp-json\/wp\/v2\/product_brand?post=79484"},{"taxonomy":"product_cat","embeddable":true,"href":"https:\/\/fysiolab.dk\/no\/wp-json\/wp\/v2\/product_cat?post=79484"},{"taxonomy":"product_tag","embeddable":true,"href":"https:\/\/fysiolab.dk\/no\/wp-json\/wp\/v2\/product_tag?post=79484"}],"curies":[{"name":"wp","href":"https:\/\/api.w.org\/{rel}","templated":true}]}}