{"id":79491,"date":"2023-07-16T12:36:55","date_gmt":"2023-07-16T10:36:55","guid":{"rendered":"https:\/\/fysiolab.dk\/product\/donjoy-trizone-knestoette\/"},"modified":"2025-12-18T09:23:03","modified_gmt":"2025-12-18T08:23:03","slug":"donjoy-trizone-knestoette","status":"publish","type":"product","link":"https:\/\/fysiolab.dk\/no\/product\/donjoy-trizone-knestoette\/","title":{"rendered":"DONJOY TriZone knest\u00f8tte"},"content":{"rendered":"<h4><strong>Optimal bruk av DONJOY TriZone Knee<\/p>\n<p><\/strong><\/h4>\n<p>TriZone-teknologi for 3 soner med fukttransporterende fibre som gir kompresjon, komfort og kj\u00f8ling. Smertelindring under og etter moderat til h\u00f8y aktivitet. Med TriZone f\u00e5r du fordelene med b\u00e5de kinesiotape og kompresjon i \u00e9n komfortabel og sv\u00e6rt funksjonell l\u00f8sning. Hjelper mot smerter i fremre del av kneet og mindre bruskskader.   <\/p>\n<p><strong>Fordeler og funksjoner<\/strong><\/p>\n<ul>\n<li>H\u00f8yteknologisk design: DonJoy har kombinert to avanserte materialer - kompresjonsstrikk og silikon - for \u00e5 skape en lett og flat knemansjett som gir en komfortabel og effektiv l\u00f8sning for spesielt smerter i fremre del av kneet<\/li>\n<li>Lav smertelindringsprofil: TriZone Knee kan gi smertelindring til aktive idrettsut\u00f8vere i alle aldre under og etter aktivitet innen l\u00f8ping, tennis, golf, fotball, fotball, h\u00e5ndball, turg\u00e5ing og mye mer med komfortabel og effektiv kompresjonsbehandling. <\/li>\n<\/ul>\n<p><strong>St\u00f8rrelsesguide (se video lenger ned i teksten for instruksjoner)<\/p>\n<p><\/strong><\/p>\n<p><strong>L\u00e5romkretsen m\u00e5les 15 cm over knesk\u00e5len<\/strong><\/p>\n<p><strong>Tilgjengelig i h\u00f8yre- og venstremodeller  <\/strong><\/p>\n<p><a href=\"https:\/\/dev.fysiolab.dk\/wp-content\/uploads\/2025\/05\/Billede1.jpg\"><img fetchpriority=\"high\" decoding=\"async\" class=\"alignnone size-medium wp-image-202393828\" src=\"https:\/\/dev.fysiolab.dk\/wp-content\/uploads\/2025\/05\/Billede1-267x300.jpg\" alt=\"\" width=\"267\" height=\"300\" title=\"\"><\/a><\/p>\n<p><strong>Omkrets Str<\/strong><\/p>\n<p><strong>39-47 cm S  <\/strong><\/p>\n<p><strong>47-53 cm M  <\/strong><\/p>\n<p><strong>53-60 cm L  <\/strong><\/p>\n<p><strong>60-67 cm XL  <\/strong><\/p>\n<p><iframe title=\"Opm\u00e5lingsvejledning til kn\u00e6bandager\" width=\"800\" height=\"450\" src=\"https:\/\/www.youtube.com\/embed\/gHZnfVzfG_k?feature=oembed\" frameborder=\"0\" allow=\"accelerometer; autoplay; clipboard-write; encrypted-media; gyroscope; picture-in-picture; web-share\" referrerpolicy=\"strict-origin-when-cross-origin\" allowfullscreen><\/iframe><\/p>\n<p><iframe title=\"DonJoy TriZone Knee Support Overview\" width=\"800\" height=\"450\" src=\"https:\/\/www.youtube.com\/embed\/_fmQqnXX6J8?feature=oembed\" frameborder=\"0\" allow=\"accelerometer; autoplay; clipboard-write; encrypted-media; gyroscope; picture-in-picture; web-share\" referrerpolicy=\"strict-origin-when-cross-origin\" allowfullscreen><\/iframe><\/p>\n","protected":false},"excerpt":{"rendered":"<p><strong>TriZone-teknologi for 3 soner med fukttransporterende fibre for kompresjon, komfort og kj\u00f8ling. Smertelindring under og etter moderat til h\u00f8y aktivitet. Anbefales ved mild til moderat slitasjegikt i kneet.<\/strong><\/p>\n<p>https:\/\/www.youtube.com\/watch?v=qylBAruCVPc<\/p>\n","protected":false},"featured_media":79519,"comment_status":"closed","ping_status":"closed","template":"","meta":{"_acf_changed":false},"product_brand":[3091],"product_cat":[1981,2287,1938,1977,1974,1978,1975,1979,1937,1976,1970,1933],"product_tag":[2173],"class_list":{"0":"post-79491","1":"product","2":"type-product","3":"status-publish","4":"has-post-thumbnail","6":"product_brand-donjoy","7":"product_cat-artrose-menisk-bruskskade","8":"product_cat-bakerens-cyste","9":"product_cat-donjoy-no","10":"product_cat-donjoy-knestoette","11":"product_cat-forstuet-kne","12":"product_cat-knestoetter","13":"product_cat-lett-ustabilitet-ustabil","14":"product_cat-menisk-no","15":"product_cat-merkevarer","16":"product_cat-overbelastning-no","17":"product_cat-padel-no","18":"product_cat-skinner-og-stoetteskinner","19":"product_tag-donjoy-no","21":"first","22":"instock","23":"taxable","24":"shipping-taxable","25":"purchasable","26":"product-type-variable"},"acf":[],"_links":{"self":[{"href":"https:\/\/fysiolab.dk\/no\/wp-json\/wp\/v2\/product\/79491","targetHints":{"allow":["GET"]}}],"collection":[{"href":"https:\/\/fysiolab.dk\/no\/wp-json\/wp\/v2\/product"}],"about":[{"href":"https:\/\/fysiolab.dk\/no\/wp-json\/wp\/v2\/types\/product"}],"replies":[{"embeddable":true,"href":"https:\/\/fysiolab.dk\/no\/wp-json\/wp\/v2\/comments?post=79491"}],"wp:featuredmedia":[{"embeddable":true,"href":"https:\/\/fysiolab.dk\/no\/wp-json\/wp\/v2\/media\/79519"}],"wp:attachment":[{"href":"https:\/\/fysiolab.dk\/no\/wp-json\/wp\/v2\/media?parent=79491"}],"wp:term":[{"taxonomy":"product_brand","embeddable":true,"href":"https:\/\/fysiolab.dk\/no\/wp-json\/wp\/v2\/product_brand?post=79491"},{"taxonomy":"product_cat","embeddable":true,"href":"https:\/\/fysiolab.dk\/no\/wp-json\/wp\/v2\/product_cat?post=79491"},{"taxonomy":"product_tag","embeddable":true,"href":"https:\/\/fysiolab.dk\/no\/wp-json\/wp\/v2\/product_tag?post=79491"}],"curies":[{"name":"wp","href":"https:\/\/api.w.org\/{rel}","templated":true}]}}