{"id":79524,"date":"2023-07-16T12:36:54","date_gmt":"2023-07-16T10:36:54","guid":{"rendered":"https:\/\/fysiolab.dk\/product\/donjoy-defiance-pro-kneskinne\/"},"modified":"2025-12-18T09:23:05","modified_gmt":"2025-12-18T08:23:05","slug":"donjoy-defiance-pro-kneskinne","status":"publish","type":"product","link":"https:\/\/fysiolab.dk\/no\/product\/donjoy-defiance-pro-kneskinne\/","title":{"rendered":"DONJOY Defiance Pro kneskinne"},"content":{"rendered":"<p>DonJoy Defiance spesialtilpassede kneortoser har satt standarden som verdensledende i over 20 \u00e5r. Mer enn 2 millioner Defiance kneortoser har blitt solgt over hele verden til idrettsut\u00f8vere, aktive mennesker og personer med spesielle behov. Med introduksjonen av Defiance PRO styrker vi v\u00e5r posisjon som markedsleder ytterligere. V\u00e5r stolte arv er bygget p\u00e5 \u00e5 levere den sterkeste kneortosen n\u00e5r det gjelder forholdet mellom styrke og vekt. Defiance PRO gir deg maksimal selvtillit og frihet til \u00e5 bevege deg akkurat slik du vil.    <\/p>\n<p><strong>Funksjoner av DonJoy Defiance PRO Knebrace<\/strong><\/p>\n<ol>\n<li><strong>Lettvektsdesign<\/strong><br \/>\nVeier mindre enn 570 g, noe som gj\u00f8r den enkel \u00e5 b\u00e6re uten at det g\u00e5r p\u00e5 bekostning av holdbarheten.<\/li>\n<li><strong>Nytt C-6-f\u00f4rmateriale<\/strong><br \/>\nMykt, fukttransporterende og antimikrobielt for maksimal komfort og hygiene.<\/li>\n<li><strong>Svingbare, innvendig monterte stropper<\/strong><br \/>\nGir en tett anatomisk passform for en lettere og mer behagelig f\u00f8lelse, samtidig som ortosen holdes p\u00e5 plass.<\/li>\n<li><strong>Lavprofildesign<\/strong><br \/>\nDen velkjente h\u00f8ytytende karbonfiberrammen er n\u00e5 lettere og 5 mm slankere enn Defiance Classic.<\/li>\n<li><strong>Kondylputer i silikon<\/strong><br \/>\nGir ekstra komfort og bidrar til \u00e5 holde ortosen godt p\u00e5 plass.<\/li>\n<li><strong>Myke stroppespisser<\/strong><br \/>\nFleksibel, men sterk for \u00e5 sikre at stroppene sitter godt fast<\/li>\n<\/ol>\n<p><strong>Denne skinnen er skreddersydd for ditt kne og ben. Kontakt FysioLab for m\u00e5ling, veiledning og tilpasning av sertifiserte DonJoy-fysioterapeuter Erik Risum &amp; Kristian Simonsen 92724444. Prisen for en fysisk konsultasjon er 495,-.  <\/strong><\/p>\n<p><iframe title=\"Defiance PRO Features and Benefits\" width=\"800\" height=\"450\" src=\"https:\/\/www.youtube.com\/embed\/8l10TEdi3l4?feature=oembed\" frameborder=\"0\" allow=\"accelerometer; autoplay; clipboard-write; encrypted-media; gyroscope; picture-in-picture; web-share\" referrerpolicy=\"strict-origin-when-cross-origin\" allowfullscreen><\/iframe><\/p>\n","protected":false},"excerpt":{"rendered":"<p><strong>Defiance Pro er det nyeste tilskuddet i serien med 4-punkts <a href=\"https:\/\/fysiolab.dk\/no\/vare-kategori\/merkevarer\/donjoy-no\/donjoy-kneskinne\/\">kneskinner fra DonJoy<\/a>. Denne skinnen er skreddersydd basert p\u00e5 dine m\u00e5l for \u00e5 passe deg 100 %. En skinne du har for livet! Den absolutt beste skinnen p\u00e5 markedet<\/strong><\/p>\n<p><strong>Denne skinnen er skreddersydd for ditt kne og ben. Kontakt FysioLab for m\u00e5ling, veiledning og tilpasning av sertifiserte DonJoy-fysioterapeuter Erik Risum &amp; Kristian Simonsen 92724444. Prisen for en fysisk konsultasjon er 495,-.  <\/strong><\/p>\n","protected":false},"featured_media":79526,"comment_status":"closed","ping_status":"closed","template":"","meta":{"_acf_changed":false},"product_brand":[3091],"product_cat":[1938,2145,2159,2148,2274,1937,2160,1933,2179],"product_tag":[2173],"class_list":{"0":"post-79524","1":"product","2":"type-product","3":"status-publish","4":"has-post-thumbnail","6":"product_brand-donjoy","7":"product_cat-donjoy-no","8":"product_cat-donjoy-kneskinne","9":"product_cat-fremre-korsbaandskade-acl","10":"product_cat-knestoetter-no","11":"product_cat-menisk-no-2","12":"product_cat-merkevarer","13":"product_cat-skade-paa-bakre-korsbaand-pcl","14":"product_cat-skinner-og-stoetteskinner","15":"product_cat-skreddersydde-knestoetter","16":"product_tag-donjoy-no","18":"first","19":"instock","20":"featured","21":"taxable","22":"shipping-taxable","23":"purchasable","24":"product-type-simple"},"acf":[],"_links":{"self":[{"href":"https:\/\/fysiolab.dk\/no\/wp-json\/wp\/v2\/product\/79524","targetHints":{"allow":["GET"]}}],"collection":[{"href":"https:\/\/fysiolab.dk\/no\/wp-json\/wp\/v2\/product"}],"about":[{"href":"https:\/\/fysiolab.dk\/no\/wp-json\/wp\/v2\/types\/product"}],"replies":[{"embeddable":true,"href":"https:\/\/fysiolab.dk\/no\/wp-json\/wp\/v2\/comments?post=79524"}],"wp:featuredmedia":[{"embeddable":true,"href":"https:\/\/fysiolab.dk\/no\/wp-json\/wp\/v2\/media\/79526"}],"wp:attachment":[{"href":"https:\/\/fysiolab.dk\/no\/wp-json\/wp\/v2\/media?parent=79524"}],"wp:term":[{"taxonomy":"product_brand","embeddable":true,"href":"https:\/\/fysiolab.dk\/no\/wp-json\/wp\/v2\/product_brand?post=79524"},{"taxonomy":"product_cat","embeddable":true,"href":"https:\/\/fysiolab.dk\/no\/wp-json\/wp\/v2\/product_cat?post=79524"},{"taxonomy":"product_tag","embeddable":true,"href":"https:\/\/fysiolab.dk\/no\/wp-json\/wp\/v2\/product_tag?post=79524"}],"curies":[{"name":"wp","href":"https:\/\/api.w.org\/{rel}","templated":true}]}}