{"id":79540,"date":"2023-07-16T12:36:54","date_gmt":"2023-07-16T10:36:54","guid":{"rendered":"https:\/\/fysiolab.dk\/product\/donjoy-knebeskytter-impact-guard\/"},"modified":"2025-12-18T09:23:05","modified_gmt":"2025-12-18T08:23:05","slug":"donjoy-knebeskytter-impact-guard","status":"publish","type":"product","link":"https:\/\/fysiolab.dk\/no\/product\/donjoy-knebeskytter-impact-guard\/","title":{"rendered":"DONJOY knebeskytter Impact Guard"},"content":{"rendered":"<h4><b>Optimal bruk av DONJOY Impact Guard<\/b><\/h4>\n<p>Impact Guard brukes til \u00e5 beskytte kne og leggbein. Impact Guards bestilles i samme st\u00f8rrelse som leggen som skal brukes. Den er ideell for motorsportut\u00f8vere. Impact Guard passer perfekt til v\u00e5re Defiance, Defiance III, Armor, Legend, 4titude og OA Defiance kneskinner fra Donjoy. Laget av hardplast og inneholder skum p\u00e5 innsiden for \u00e5 absorbere st\u00f8t. Anbefales for motocross.     <\/p>\n<p><strong>St\u00f8rrelsesguide<\/strong><\/p>\n<p><strong>Tilgjengelig i st\u00f8rrelsene S-XXL<\/strong><\/p>\n","protected":false},"excerpt":{"rendered":"<p>Impact Guard brukes til \u00e5 beskytte kneet og leggen. Den er ideell for motorsportut\u00f8vere. Impact Guard passer perfekt sammen med v\u00e5re Defiance, Defiance III, Armor, Legend, 4titude og OA Defiance kneskinner fra Donjoy.  <\/p>\n","protected":false},"featured_media":79547,"comment_status":"closed","ping_status":"closed","template":"","meta":{"_acf_changed":false},"product_brand":[3091],"product_cat":[2148,1933,2165],"product_tag":[2173],"class_list":{"0":"post-79540","1":"product","2":"type-product","3":"status-publish","4":"has-post-thumbnail","6":"product_brand-donjoy","7":"product_cat-knestoetter-no","8":"product_cat-skinner-og-stoetteskinner","9":"product_cat-tilbehoer-ekstrautstyr-til-kneskinner","10":"product_tag-donjoy-no","12":"first","13":"instock","14":"taxable","15":"shipping-taxable","16":"purchasable","17":"product-type-variable"},"acf":[],"_links":{"self":[{"href":"https:\/\/fysiolab.dk\/no\/wp-json\/wp\/v2\/product\/79540","targetHints":{"allow":["GET"]}}],"collection":[{"href":"https:\/\/fysiolab.dk\/no\/wp-json\/wp\/v2\/product"}],"about":[{"href":"https:\/\/fysiolab.dk\/no\/wp-json\/wp\/v2\/types\/product"}],"replies":[{"embeddable":true,"href":"https:\/\/fysiolab.dk\/no\/wp-json\/wp\/v2\/comments?post=79540"}],"wp:featuredmedia":[{"embeddable":true,"href":"https:\/\/fysiolab.dk\/no\/wp-json\/wp\/v2\/media\/79547"}],"wp:attachment":[{"href":"https:\/\/fysiolab.dk\/no\/wp-json\/wp\/v2\/media?parent=79540"}],"wp:term":[{"taxonomy":"product_brand","embeddable":true,"href":"https:\/\/fysiolab.dk\/no\/wp-json\/wp\/v2\/product_brand?post=79540"},{"taxonomy":"product_cat","embeddable":true,"href":"https:\/\/fysiolab.dk\/no\/wp-json\/wp\/v2\/product_cat?post=79540"},{"taxonomy":"product_tag","embeddable":true,"href":"https:\/\/fysiolab.dk\/no\/wp-json\/wp\/v2\/product_tag?post=79540"}],"curies":[{"name":"wp","href":"https:\/\/api.w.org\/{rel}","templated":true}]}}