{"id":79587,"date":"2023-07-16T12:36:54","date_gmt":"2023-07-16T10:36:54","guid":{"rendered":"https:\/\/fysiolab.dk\/product\/donjoy-oa-adjuster-iii-kneskinne\/"},"modified":"2025-12-18T09:23:05","modified_gmt":"2025-12-18T08:23:05","slug":"donjoy-oa-adjuster-iii-kneskinne","status":"publish","type":"product","link":"https:\/\/fysiolab.dk\/no\/product\/donjoy-oa-adjuster-iii-kneskinne\/","title":{"rendered":"DONJOY OA Adjuster III kneskinne"},"content":{"rendered":"<h4><b>Bruk av DonJoy OA Adjuster III kneskinne  <\/b><\/h4>\n<p>OA Adjuster III er utviklet for personer med artrose (atrofi) i kneet. Knest\u00f8tten gir maksimal separasjon i leddsk\u00e5len og reduserer det horisontale trykket p\u00e5 det skadede omr\u00e5det etter f.eks. meniskskade, bruskskade eller atrofi.  Avlastningen av leddet vil redusere smerte og \u00f8ke funksjonaliteten. Knest\u00f8tten er en prefabrikert 600 g aluminiumsskinne som er bygget opp rundt DonJoys popul\u00e6re 4-punktssystem. <\/p>\n<p><b>Bruksomr\u00e5de<\/b><\/p>\n<p>Artrose (atrose) i kneet, moderat til alvorlig leddb\u00e5ndskade, f.eks. fremre korsb\u00e5nd, meniskskade, bruskskade eller etter operasjon. <\/p>\n<ul>\n<li>Flytter belastningen p\u00e5 kneleddet fra det degenerative omr\u00e5det til det friske leddkammeret<\/li>\n<li>OA-n\u00f8kkelen gj\u00f8r det mulig for personen \u00e5 tilpasse belastningen til de daglige behovene<\/li>\n<li>Utskiftbare pads for innsiden av skinnen p\u00e5 l\u00e5r og legger<\/li>\n<li>Svingbare D-ringer som kan f\u00f8lge benbevegelsene<\/li>\n<li>Stopp for fleksjon og ekstensjon<\/li>\n<li>Lett aluminiumsskinne<\/li>\n<li>Anti-migrasjonsstropp p\u00e5 leggen<\/li>\n<li>4-punkts system for ligamentstabilitet<\/li>\n<\/ul>\n<p><strong>Merk at skinnen bestilles i henhold til hvilket leddkammer som er p\u00e5virket av artrosen<\/strong><\/p>\n<p><strong>Medial = Interi\u00f8r<\/strong><\/p>\n<p><strong>Lateral = Utvendig<\/strong><\/p>\n<p><strong>St\u00f8rrelsesguide<\/strong><\/p>\n<p><strong>M\u00e5l omkretsen av l\u00e5ret 15 cm over knesk\u00e5len og omkretsen der hvor leggen er st\u00f8rst (se videoen nedenfor)<\/strong><\/p>\n<p><strong>Rundt l\u00e5rene Rundt l\u00e5rene  Legg Str<\/strong><\/p>\n<p><strong>33-39 cm &lt;34 cm XS<\/strong><\/p>\n<p><strong>39-47 cm 35-36 cm S<\/strong><\/p>\n<p><strong>47-53 cm 37-38 cm M<\/strong><\/p>\n<p><strong>53-60 cm 39-41 cm L<\/strong><\/p>\n<p><strong>60-67 cm 42-44 cm XL<\/strong><\/p>\n<p><strong>67-75 cm 45-46 cm XXL<\/strong><\/p>\n<p><strong>75-81 cm &gt;46 cm XXXL<\/strong><\/p>\n<p><strong>Fysioterapeut Erik viser deg hvordan du m\u00e5ler riktig st\u00f8rrelse<\/strong><\/p>\n<p><iframe title=\"Opm\u00e5lingsvejledning DonJoy kn\u00e6skinne\" width=\"800\" height=\"450\" src=\"https:\/\/www.youtube.com\/embed\/xFbVX8Hcvuo?feature=oembed\" frameborder=\"0\" allow=\"accelerometer; autoplay; clipboard-write; encrypted-media; gyroscope; picture-in-picture; web-share\" referrerpolicy=\"strict-origin-when-cross-origin\" allowfullscreen><\/iframe><\/p>\n<p><strong>Kontakt FysioLab p\u00e5 tlf. 9272 4444 eller info@fysiolab.dk<\/strong> <strong>for veiledning om innkj\u00f8p. Fysisk konsultasjon koster 495,-. <\/strong><\/p>\n<p><strong> <\/strong><\/p>\n<p>&nbsp;<\/p>\n","protected":false},"excerpt":{"rendered":"<p><strong>DonJOy OA Adjuster III er utviklet for personer med artrose (atrofi) i kneet. Knest\u00f8tten gir maksimal separasjon i leddsk\u00e5len og reduserer det horisontale trykket p\u00e5 det skadede omr\u00e5det etter f.eks. meniskskade, bruskskade eller atrofi.   <\/strong><\/p>\n","protected":false},"featured_media":79618,"comment_status":"closed","ping_status":"closed","template":"","meta":{"_acf_changed":false},"product_brand":[3091],"product_cat":[2273,1938,2145,2148,2274,1937,1933],"product_tag":[2173],"class_list":{"0":"post-79587","1":"product","2":"type-product","3":"status-publish","4":"has-post-thumbnail","6":"product_brand-donjoy","7":"product_cat-artrose-menisk-bruskskade-no","8":"product_cat-donjoy-no","9":"product_cat-donjoy-kneskinne","10":"product_cat-knestoetter-no","11":"product_cat-menisk-no-2","12":"product_cat-merkevarer","13":"product_cat-skinner-og-stoetteskinner","14":"product_tag-donjoy-no","15":"product_shipping_class-dropshipping-no","17":"first","18":"instock","19":"taxable","20":"shipping-taxable","21":"purchasable","22":"product-type-variable"},"acf":[],"_links":{"self":[{"href":"https:\/\/fysiolab.dk\/no\/wp-json\/wp\/v2\/product\/79587","targetHints":{"allow":["GET"]}}],"collection":[{"href":"https:\/\/fysiolab.dk\/no\/wp-json\/wp\/v2\/product"}],"about":[{"href":"https:\/\/fysiolab.dk\/no\/wp-json\/wp\/v2\/types\/product"}],"replies":[{"embeddable":true,"href":"https:\/\/fysiolab.dk\/no\/wp-json\/wp\/v2\/comments?post=79587"}],"wp:featuredmedia":[{"embeddable":true,"href":"https:\/\/fysiolab.dk\/no\/wp-json\/wp\/v2\/media\/79618"}],"wp:attachment":[{"href":"https:\/\/fysiolab.dk\/no\/wp-json\/wp\/v2\/media?parent=79587"}],"wp:term":[{"taxonomy":"product_brand","embeddable":true,"href":"https:\/\/fysiolab.dk\/no\/wp-json\/wp\/v2\/product_brand?post=79587"},{"taxonomy":"product_cat","embeddable":true,"href":"https:\/\/fysiolab.dk\/no\/wp-json\/wp\/v2\/product_cat?post=79587"},{"taxonomy":"product_tag","embeddable":true,"href":"https:\/\/fysiolab.dk\/no\/wp-json\/wp\/v2\/product_tag?post=79587"}],"curies":[{"name":"wp","href":"https:\/\/api.w.org\/{rel}","templated":true}]}}