{"id":79624,"date":"2023-07-16T12:36:54","date_gmt":"2023-07-16T10:36:54","guid":{"rendered":"https:\/\/fysiolab.dk\/product\/donjoy-playmaker-ii-erme-med-fourcepoint-knestoette\/"},"modified":"2025-12-18T09:23:05","modified_gmt":"2025-12-18T08:23:05","slug":"donjoy-playmaker-ii-erme-med-fourcepoint-knestoette","status":"publish","type":"product","link":"https:\/\/fysiolab.dk\/no\/product\/donjoy-playmaker-ii-erme-med-fourcepoint-knestoette\/","title":{"rendered":"DONJOY Playmaker II erme med Fourcepoint knest\u00f8tte"},"content":{"rendered":"<h4><strong>Optimal anvendelse<\/strong><\/h4>\n<p>Playmaker II FourcePoint er en videreutvikling av den popul\u00e6re Playmaker-skinnen, som har f\u00e5tt mye skryt av idrettsut\u00f8vere, fysioterapeuter og medisinske spesialister. Denne skinnen har FourcePoint i kneleddet samt tynnere stoff og ingen s\u00f8mmer p\u00e5 baksiden av kneet, noe som gj\u00f8r skinnen mer effektiv og komfortabel. Skinnen anbefales p\u00e5 grunn av Fourcepoint-leddet for \u00e5 forebygge eller forebygge moderate skader p\u00e5 fremre korsb\u00e5nd (ACL), mediale kollaterale ligament (MCL) og laterale kollaterale ligament (LCL). Fourcepoint-leddet har som funksjon \u00e5 forhindre overstrekking av kneet og \u00e5 beskytte kneleddet i ytterstillinger.   <\/p>\n<p>Skinnen forhindrer hyperekstensjon (overstrekking av kneet), vridning av kneet og holder kneet varmt og stabilt.<\/p>\n<p>Skinnen er egnet for h\u00e5ndball, fotball, padel, l\u00f8ping og tennis. Ved moderate til alvorlige skader anbefales DonJoy 4-punktsskinner (Armor, Defiance, FullForce osv.) som utgangspunkt. Etter at behovet for den store skinnen er redusert, anbefales det \u00e5 bytte til en mindre skinne, for eksempel Playmaker II FourcePoint.     <strong>Bandasjen passer til b\u00e5de h\u00f8yre og venstre ben.<\/strong><\/p>\n<p><strong>Fordeler og funksjoner  <\/strong><\/p>\n<ul>\n<li>Hengselskj\u00f8t med FourcePoint-teknologi<\/li>\n<li>Ingen irriterende s\u00f8mmer<\/li>\n<\/ul>\n<p><strong>St\u00f8rrelsesguide<\/strong><\/p>\n<p><strong>M\u00e5l omkretsen av l\u00e5ret 15 cm over knesk\u00e5len og omkretsen der hvor leggen er st\u00f8rst (se videoen nedenfor)<\/strong><\/p>\n<p><strong>Rundt l\u00e5rene Rundt l\u00e5rene  Legg Str<\/strong><\/p>\n<p><strong>33-39 cm &lt;34 cm XS<\/strong><\/p>\n<p><strong>39-47 cm 35-36 cm S<\/strong><\/p>\n<p><strong>47-53 cm 37-38 cm M<\/strong><\/p>\n<p><strong>53-60 cm 39-41 cm L<\/strong><\/p>\n<p><strong>60-67 cm 42-44 cm XL<\/strong><\/p>\n<p><strong>67-75 cm 45-46 cm XXL<\/strong><\/p>\n<p><strong>75-81 cm &gt;46 cm XXXL<\/strong><\/p>\n<p><strong>FysioLabs fysioterapeut Erik viser deg hvordan du m\u00e5ler deg opp til denne gjenstanden p\u00e5 riktig m\u00e5te<\/strong><\/p>\n<p><iframe title=\"Opm\u00e5lingsvejledning DonJoy kn\u00e6skinne\" width=\"800\" height=\"450\" src=\"https:\/\/www.youtube.com\/embed\/xFbVX8Hcvuo?feature=oembed\" frameborder=\"0\" allow=\"accelerometer; autoplay; clipboard-write; encrypted-media; gyroscope; picture-in-picture; web-share\" referrerpolicy=\"strict-origin-when-cross-origin\" allowfullscreen><\/iframe><\/p>\n<p><iframe title=\"DonJoy Playmaker\" width=\"800\" height=\"450\" src=\"https:\/\/www.youtube.com\/embed\/OstqP2QzX_Y?feature=oembed\" frameborder=\"0\" allow=\"accelerometer; autoplay; clipboard-write; encrypted-media; gyroscope; picture-in-picture; web-share\" referrerpolicy=\"strict-origin-when-cross-origin\" allowfullscreen><\/iframe><\/p>\n","protected":false},"excerpt":{"rendered":"<p><strong>Playmaker II FourcePoint kombinerer det beste fra b\u00e5de skinnenes og skinnenes verden. Gir optimal beskyttelse av kneet under hverdagsaktiviteter og idrett. Skinnen har FourcePoint-ledd som gir en fj\u00e6rende mekanisme under fleksjon\/ekstensjon, noe som beskytter kneet mot overstrekking og skader p\u00e5 kneet.  <\/strong><\/p>\n","protected":false},"featured_media":79632,"comment_status":"closed","ping_status":"closed","template":"","meta":{"_acf_changed":false},"product_brand":[],"product_cat":[1981,1938,1977,1974,2146,1978,1980,1979,1937,1976,1970,1933],"product_tag":[2173],"class_list":{"0":"post-79624","1":"product","2":"type-product","3":"status-publish","4":"has-post-thumbnail","6":"product_cat-artrose-menisk-bruskskade","7":"product_cat-donjoy-no","8":"product_cat-donjoy-knestoette","9":"product_cat-forstuet-kne","10":"product_cat-fremre-korsbaand","11":"product_cat-knestoetter","12":"product_cat-kollateral-ligamentskade","13":"product_cat-menisk-no","14":"product_cat-merkevarer","15":"product_cat-overbelastning-no","16":"product_cat-padel-no","17":"product_cat-skinner-og-stoetteskinner","18":"product_tag-donjoy-no","20":"first","21":"instock","22":"featured","23":"taxable","24":"shipping-taxable","25":"purchasable","26":"product-type-variable"},"acf":[],"_links":{"self":[{"href":"https:\/\/fysiolab.dk\/no\/wp-json\/wp\/v2\/product\/79624","targetHints":{"allow":["GET"]}}],"collection":[{"href":"https:\/\/fysiolab.dk\/no\/wp-json\/wp\/v2\/product"}],"about":[{"href":"https:\/\/fysiolab.dk\/no\/wp-json\/wp\/v2\/types\/product"}],"replies":[{"embeddable":true,"href":"https:\/\/fysiolab.dk\/no\/wp-json\/wp\/v2\/comments?post=79624"}],"wp:featuredmedia":[{"embeddable":true,"href":"https:\/\/fysiolab.dk\/no\/wp-json\/wp\/v2\/media\/79632"}],"wp:attachment":[{"href":"https:\/\/fysiolab.dk\/no\/wp-json\/wp\/v2\/media?parent=79624"}],"wp:term":[{"taxonomy":"product_brand","embeddable":true,"href":"https:\/\/fysiolab.dk\/no\/wp-json\/wp\/v2\/product_brand?post=79624"},{"taxonomy":"product_cat","embeddable":true,"href":"https:\/\/fysiolab.dk\/no\/wp-json\/wp\/v2\/product_cat?post=79624"},{"taxonomy":"product_tag","embeddable":true,"href":"https:\/\/fysiolab.dk\/no\/wp-json\/wp\/v2\/product_tag?post=79624"}],"curies":[{"name":"wp","href":"https:\/\/api.w.org\/{rel}","templated":true}]}}