{"id":79809,"date":"2023-07-16T13:49:08","date_gmt":"2023-07-16T11:49:08","guid":{"rendered":"https:\/\/fysiolab.dk\/product\/bauerfeind-ankelstoette-malleoloc\/"},"modified":"2025-12-18T09:21:45","modified_gmt":"2025-12-18T08:21:45","slug":"bauerfeind-ankelstoette-malleoloc","status":"publish","type":"product","link":"https:\/\/fysiolab.dk\/no\/product\/bauerfeind-ankelstoette-malleoloc\/","title":{"rendered":"Bauerfeind ankelst\u00f8tte, MalleoLoc"},"content":{"rendered":"<p><b>Bauerfeind MalleoLoc<\/b><\/p>\n<p>MalleoLoc er en stabiliserende ankelskinne, ogs\u00e5 kjent som en ankelskinne, slik at du ikke tr\u00e5kker feil. Fordelen med denne skinnen i forhold til andre lignende produkter er at den er anatomisk formet slik at den effektivt stabiliserer der den skal, men uten \u00e5 p\u00e5virke andre funksjoner i foten negativt. <\/p>\n<p>Stabiliseringsgraden kan justeres ved hjelp av selesystemet, og det samme systemet s\u00f8rger for rask og enkel p\u00e5- og avkledning.<\/p>\n<p><strong>St\u00f8rrelsesguide  <\/strong><\/p>\n<p><strong>M\u00e5l bredden p\u00e5 h\u00e6len din (se video lenger ned i teksten)<\/strong><\/p>\n<p><strong>Bredde Str<\/strong><\/p>\n<p><strong>Under 6 cm 1<\/strong><\/p>\n<p><strong>Over 6 cm 2<\/strong><\/p>\n<p><iframe title=\"Opm\u00e5lingsvejledning til Bauerfeind MalleoLoc ankelbandage\" width=\"800\" height=\"450\" src=\"https:\/\/www.youtube.com\/embed\/XjWyWSjxG5U?feature=oembed\" frameborder=\"0\" allow=\"accelerometer; autoplay; clipboard-write; encrypted-media; gyroscope; picture-in-picture; web-share\" referrerpolicy=\"strict-origin-when-cross-origin\" allowfullscreen><\/iframe><\/p>\n<p><b>Indikasjoner:<\/b><\/p>\n<p>- Tidlig funksjonell behandling av skader p\u00e5 utsiden av ankelleddet (og i det bifurkate ligamentet)<\/p>\n<p>- Postoperativ beskyttelse etter ligamentsuturering\/rekonstruksjon<\/p>\n<p>- Kronisk ligamentinsuffisiens<\/p>\n<p>- Konservativ behandling av alvorlige ankelforstuinger og leddb\u00e5ndsrupturer<\/p>\n<p>- Forstuing av leddb\u00e5nd<\/p>\n<p>- Forebygging av forvrengning<\/p>\n<p><b>Kjennetegn:<\/b><\/p>\n<p>- Optimal behandlingskvalitet i akuttbehandling, ingen tilpasning n\u00f8dvendig - Om n\u00f8dvendig kan den <\/p>\n<p>tilpasses individuelt.<\/p>\n<p>- Den anatomiske formen med en fast ytterkant har ogs\u00e5 en anti-supinerende effekt uten sko og er ogs\u00e5 effektiv.<\/p>\n<p>- Spesielle puter med dempende effekt s\u00f8rger for utmerket b\u00e6rekomfort.<\/p>\n<p>- Den nevromuskul\u00e6re virkningen av plantartungen fremmer aktiveringen av fotl\u00f8fteren og motvirker dermed supinasjon.<\/p>\n<p>- Takket v\u00e6re borrel\u00e5ssystemet, som g\u00e5r i en \u00e5ttetallsform, kan den tas p\u00e5 raskt og enkelt for ekstra komfort.<\/p>\n<p><b>Virkem\u00e5te:  <\/b><\/p>\n<p>- Ortosen stabiliserer foten slik at du ikke tr\u00e5kker feil, uten at den normale rulleatferden reduseres vesentlig.<\/p>\n<p>- MalleoLoc\u00ae ligger anterolateralt i forhold til leddet og motvirker talusprotrusjon uten \u00e5 redusere bevegeligheten i plantarfleksjon.<\/p>\n<p>- Graden av immobilisering kan justeres trinnl\u00f8st via selesystemet og uten \u00e5 redusere plantar og dorsal ekstensjon.<\/p>\n<p>- Plantartungen fremmer nevromuskul\u00e6r p\u00e5virkning, og ankelleddet stabiliseres aktivt av musklene.<\/p>\n<p>&nbsp;<\/p>\n","protected":false},"excerpt":{"rendered":"<p><strong>MalleoLoc er en stabiliserende ankelskinne som gir ankelstabilitet og et sikkert fotfeste.<\/strong><\/p>\n<p> https:\/\/www.youtube.com\/watch?v=0WX_r7u5Gro<\/p>\n","protected":false},"featured_media":79820,"comment_status":"closed","ping_status":"closed","template":"","meta":{"_acf_changed":false},"product_brand":[],"product_cat":[2262,2074,1992,2182,2076,2181,2355,2354,1937,1933,2077],"product_tag":[2356],"class_list":{"0":"post-79809","1":"product","2":"type-product","3":"status-publish","4":"has-post-thumbnail","6":"product_cat-akutte-smerter-i-ankelen","7":"product_cat-ankelforstuing","8":"product_cat-ankelskinne","9":"product_cat-ankelskinner-for-haandball","10":"product_cat-ankelvridning","11":"product_cat-artrose-i-ankelleddet","12":"product_cat-bauerfeind-ankelskinne-no","13":"product_cat-bondetamp","14":"product_cat-merkevarer","15":"product_cat-skinner-og-stoetteskinner","16":"product_cat-ustabil-ankel-no","17":"product_tag-bondetamp","19":"first","20":"instock","21":"sale","22":"taxable","23":"shipping-taxable","24":"purchasable","25":"product-type-variable"},"acf":[],"_links":{"self":[{"href":"https:\/\/fysiolab.dk\/no\/wp-json\/wp\/v2\/product\/79809","targetHints":{"allow":["GET"]}}],"collection":[{"href":"https:\/\/fysiolab.dk\/no\/wp-json\/wp\/v2\/product"}],"about":[{"href":"https:\/\/fysiolab.dk\/no\/wp-json\/wp\/v2\/types\/product"}],"replies":[{"embeddable":true,"href":"https:\/\/fysiolab.dk\/no\/wp-json\/wp\/v2\/comments?post=79809"}],"wp:featuredmedia":[{"embeddable":true,"href":"https:\/\/fysiolab.dk\/no\/wp-json\/wp\/v2\/media\/79820"}],"wp:attachment":[{"href":"https:\/\/fysiolab.dk\/no\/wp-json\/wp\/v2\/media?parent=79809"}],"wp:term":[{"taxonomy":"product_brand","embeddable":true,"href":"https:\/\/fysiolab.dk\/no\/wp-json\/wp\/v2\/product_brand?post=79809"},{"taxonomy":"product_cat","embeddable":true,"href":"https:\/\/fysiolab.dk\/no\/wp-json\/wp\/v2\/product_cat?post=79809"},{"taxonomy":"product_tag","embeddable":true,"href":"https:\/\/fysiolab.dk\/no\/wp-json\/wp\/v2\/product_tag?post=79809"}],"curies":[{"name":"wp","href":"https:\/\/api.w.org\/{rel}","templated":true}]}}