{"id":79823,"date":"2023-07-16T13:48:20","date_gmt":"2023-07-16T11:48:20","guid":{"rendered":"https:\/\/fysiolab.dk\/product\/trigger-point-mb5-massasjeball\/"},"modified":"2025-12-18T09:21:46","modified_gmt":"2025-12-18T08:21:46","slug":"trigger-point-mb5-massasjeball","status":"publish","type":"product","link":"https:\/\/fysiolab.dk\/no\/product\/trigger-point-mb5-massasjeball\/","title":{"rendered":"Trigger Point MB5 Massasjeball"},"content":{"rendered":"<div class=\"column\">Dette er uten tvil en av de beste massasjeballene p\u00e5 markedet. Gi deg selv en fantastisk, dyp massasje med den litt st\u00f8rre MB5-massasjeballen fra Trigger Point Therapy. Med en sklisikker overflate som gj\u00f8r ballen enkel \u00e5 jobbe med i dybden.  <\/div>\n<div class=\"column\"><\/div>\n<div class=\"column\">Ballen er ideell for \u00e5 l\u00f8sne opp muskelgrupper som normalt er vanskelige \u00e5 n\u00e5, for eksempel hofte og skulder. St\u00f8rrelsen er sv\u00e6rt reisevennlig, slik at du kan l\u00f8se de akutte situasjonene n\u00e5r du er p\u00e5 farten. <\/div>\n<div class=\"column\"><\/div>\n<div class=\"column\">Den revolusjonerende EVA-skumoverflaten er ogs\u00e5 enkel \u00e5 rengj\u00f8re.<\/div>\n<div class=\"column\"><strong>Diameter<\/strong>: 12,7 cm<\/div>\n<div class=\"column\"><strong>Vekt<\/strong>: 181 gram<\/div>\n","protected":false},"excerpt":{"rendered":"<p>Dette er uten tvil en av de beste massasjeballene p\u00e5 markedet. Gi deg selv en fantastisk, dyp massasje med den litt st\u00f8rre MB5-massasjeballen fra Trigger Point Therapy. Med en sklisikker overflate som gj\u00f8r ballen enkel \u00e5 jobbe med i dybden. Ballen er ideell for \u00e5 l\u00f8sne opp muskelgrupper som normalt er vanskelige \u00e5 n\u00e5, for [&hellip;]<\/p>\n","protected":false},"featured_media":79825,"comment_status":"closed","ping_status":"closed","template":"","meta":{"_acf_changed":false},"product_brand":[],"product_cat":[1948,2025,2362,1937,1941,2361],"product_tag":[2363],"class_list":{"0":"post-79823","1":"product","2":"type-product","3":"status-publish","4":"has-post-thumbnail","6":"product_cat-klinikk","7":"product_cat-massasje","8":"product_cat-massasjeballer-og-skumruller","9":"product_cat-merkevarer","10":"product_cat-rekonvalesens-og-sportspleie","11":"product_cat-triggerpunkt","12":"product_tag-triggerpunktbehandling","14":"first","15":"instock","16":"taxable","17":"shipping-taxable","18":"purchasable","19":"product-type-simple"},"acf":[],"_links":{"self":[{"href":"https:\/\/fysiolab.dk\/no\/wp-json\/wp\/v2\/product\/79823","targetHints":{"allow":["GET"]}}],"collection":[{"href":"https:\/\/fysiolab.dk\/no\/wp-json\/wp\/v2\/product"}],"about":[{"href":"https:\/\/fysiolab.dk\/no\/wp-json\/wp\/v2\/types\/product"}],"replies":[{"embeddable":true,"href":"https:\/\/fysiolab.dk\/no\/wp-json\/wp\/v2\/comments?post=79823"}],"wp:featuredmedia":[{"embeddable":true,"href":"https:\/\/fysiolab.dk\/no\/wp-json\/wp\/v2\/media\/79825"}],"wp:attachment":[{"href":"https:\/\/fysiolab.dk\/no\/wp-json\/wp\/v2\/media?parent=79823"}],"wp:term":[{"taxonomy":"product_brand","embeddable":true,"href":"https:\/\/fysiolab.dk\/no\/wp-json\/wp\/v2\/product_brand?post=79823"},{"taxonomy":"product_cat","embeddable":true,"href":"https:\/\/fysiolab.dk\/no\/wp-json\/wp\/v2\/product_cat?post=79823"},{"taxonomy":"product_tag","embeddable":true,"href":"https:\/\/fysiolab.dk\/no\/wp-json\/wp\/v2\/product_tag?post=79823"}],"curies":[{"name":"wp","href":"https:\/\/api.w.org\/{rel}","templated":true}]}}