{"id":79840,"date":"2023-07-16T13:49:08","date_gmt":"2023-07-16T11:49:08","guid":{"rendered":"https:\/\/fysiolab.dk\/product\/cefar-basic-tens-stimulator\/"},"modified":"2025-12-18T09:21:44","modified_gmt":"2025-12-18T08:21:44","slug":"cefar-basic-tens-stimulator","status":"publish","type":"product","link":"https:\/\/fysiolab.dk\/no\/product\/cefar-basic-tens-stimulator\/","title":{"rendered":"Cefar Basic TENS-stimulator"},"content":{"rendered":"<p><b>Cefar Basic  <\/b><\/p>\n<p>CEFAR BASIC er en enkel TENS-stimulator som er utviklet for bruk av helsepersonell, men ogs\u00e5 av pasienter hjemme. Stimulatoren inneholder forh\u00e5ndsprogrammerte programmer som gj\u00f8r det enkelt og oversiktlig \u00e5 bruke stimulatoren. <\/p>\n<p><b>CEFAR BASIC har to ulike oppf\u00f8lgingsalternativer.  <\/b><\/p>\n<p>A) Sporing av stimulatorbruk vises i timer og minutter med mulighet for tilbakestilling mellom ulike brukere.<\/p>\n<p>B) Oppf\u00f8lgingen av den totale bruken av stimulatoren vises i timer og minutter.<\/p>\n<p><b>Programguide:  <\/b><\/p>\n<p>I brukerveiledningen finner du grundig informasjon om hvordan og n\u00e5r du skal bruke programmet. Der finner du ogs\u00e5 informasjon om metoden og en guide til elektrodeplassering med bilder av de ulike behandlingene. <\/p>\n<p>Program- og knappel\u00e5s, pausefunksjon: viktige funksjoner for b\u00e5de forskriveren og pasienten.<\/p>\n<p><b>Leveres i en veske med f\u00f8lgende tilbeh\u00f8r:  <\/b><\/p>\n<p>2 tilkoblingskabler<\/p>\n<p>2 x 1,2 V oppladbare AA-batterier<\/p>\n<p>1 lader<\/p>\n<p>1 skulderrem<\/p>\n<p>1 belteklips<\/p>\n<p>1 manuell<\/p>\n<p>Merk: Elektroder er ikke inkludert. Elektroder er ikke inkludert og m\u00e5 bestilles separat.<\/p>\n<p><strong>Til denne Cefar-stimulatoren brukes disse Compex Dura Stick plus-elektrodene (med kabel):<\/strong><\/p>\n<p>&nbsp;<\/p>\n<p>https:\/\/fysiolab.dk\/product\/cefar-dura-stick-plus-cefar-easy-elektroder-50&#215;50-mm\/<\/p>\n<p>https:\/\/fysiolab.dk\/product\/dura-stick-plus-50x90mm\/<\/p>\n<blockquote class=\"wp-embedded-content\" data-secret=\"c9ap8QV37c\"><p><a href=\"https:\/\/fysiolab.dk\/no\/product\/dura-stick-plus-cefar-50x100-elektrode-med-dobbel-tilkobling\/\">Dura Stick Plus, Cefar 50&#215;100 elektrode med dobbelt tilslutning<\/a><\/p><\/blockquote>\n<p><iframe class=\"wp-embedded-content\" sandbox=\"allow-scripts\" security=\"restricted\" style=\"position: absolute; visibility: hidden;\" title=\"&laquo;Dura Stick Plus, Cefar 50&#215;100 elektrode med dobbelt tilslutning&raquo; &#8212; Fysiolab\" src=\"https:\/\/fysiolab.dk\/no\/product\/dura-stick-plus-cefar-50x100-elektrode-med-dobbel-tilkobling\/embed\/#?secret=gyJo2suxiL#?secret=c9ap8QV37c\" data-secret=\"c9ap8QV37c\" width=\"600\" height=\"338\" frameborder=\"0\" marginwidth=\"0\" marginheight=\"0\" scrolling=\"no\"><\/iframe><\/p>\n","protected":false},"excerpt":{"rendered":"<p><strong>CEFAR BASIC er en enkel TENS-stimulator som er utviklet for bruk av helsepersonell, men ogs\u00e5 av pasienter hjemme. Stimulatoren inneholder forh\u00e5ndsprogrammerte programmer som gj\u00f8r det enkelt og oversiktlig \u00e5 bruke stimulatoren. <\/strong><\/p>\n<p><em><strong>FysioLab er den eneste danske Cefar-forhandleren hvor du er garantert dansk r\u00e5dgivning og veiledning ved kj\u00f8p, og v\u00e5r fysioterapeut er alltid tilgjengelig for \u00e5 hjelpe deg f\u00f8r og etter kj\u00f8pet!<\/strong><\/em><\/p>\n<p>&nbsp;<\/p>\n","protected":false},"featured_media":79852,"comment_status":"closed","ping_status":"closed","template":"","meta":{"_acf_changed":false},"product_brand":[],"product_cat":[1984,2015,1950,2020,1937,1941,1983],"product_tag":[2378],"class_list":{"0":"post-79840","1":"product","2":"type-product","3":"status-publish","4":"has-post-thumbnail","6":"product_cat-cefar-no","7":"product_cat-cefar-tens-no","8":"product_cat-elektroterapi","9":"product_cat-julegaveideer-no","10":"product_cat-merkevarer","11":"product_cat-rekonvalesens-og-sportspleie","12":"product_cat-tens-cefar-no","13":"product_tag-cefar-no","15":"first","16":"instock","17":"taxable","18":"shipping-taxable","19":"purchasable","20":"product-type-simple"},"acf":[],"_links":{"self":[{"href":"https:\/\/fysiolab.dk\/no\/wp-json\/wp\/v2\/product\/79840","targetHints":{"allow":["GET"]}}],"collection":[{"href":"https:\/\/fysiolab.dk\/no\/wp-json\/wp\/v2\/product"}],"about":[{"href":"https:\/\/fysiolab.dk\/no\/wp-json\/wp\/v2\/types\/product"}],"replies":[{"embeddable":true,"href":"https:\/\/fysiolab.dk\/no\/wp-json\/wp\/v2\/comments?post=79840"}],"wp:featuredmedia":[{"embeddable":true,"href":"https:\/\/fysiolab.dk\/no\/wp-json\/wp\/v2\/media\/79852"}],"wp:attachment":[{"href":"https:\/\/fysiolab.dk\/no\/wp-json\/wp\/v2\/media?parent=79840"}],"wp:term":[{"taxonomy":"product_brand","embeddable":true,"href":"https:\/\/fysiolab.dk\/no\/wp-json\/wp\/v2\/product_brand?post=79840"},{"taxonomy":"product_cat","embeddable":true,"href":"https:\/\/fysiolab.dk\/no\/wp-json\/wp\/v2\/product_cat?post=79840"},{"taxonomy":"product_tag","embeddable":true,"href":"https:\/\/fysiolab.dk\/no\/wp-json\/wp\/v2\/product_tag?post=79840"}],"curies":[{"name":"wp","href":"https:\/\/api.w.org\/{rel}","templated":true}]}}