{"id":79848,"date":"2023-07-16T13:48:20","date_gmt":"2023-07-16T11:48:20","guid":{"rendered":"https:\/\/fysiolab.dk\/product\/trigger-point-foamroller-the-grid\/"},"modified":"2025-12-18T09:21:46","modified_gmt":"2025-12-18T08:21:46","slug":"trigger-point-foamroller-the-grid","status":"publish","type":"product","link":"https:\/\/fysiolab.dk\/no\/product\/trigger-point-foamroller-the-grid\/","title":{"rendered":"Trigger Point Foamroller - The GRID 1.0"},"content":{"rendered":"<p><b>Trigger Point - The GRID<\/b><\/p>\n<p>GRID-skumrullen er et revolusjonerende verkt\u00f8y med et mykt rutenett av varierende hardhet og bredde som gj\u00f8r at du kan ta tradisjonell skumrulling til neste niv\u00e5. Du kontrollerer intensiteten ved \u00e5 plassere gitteret slik at trykket passer. Perfekt til generell bruk og ogs\u00e5 til kjernetrening.  <\/p>\n<p><i>Trigger Point er for deg som alltid \u00f8nsker \u00e5 prestere 100 %.<\/i><\/p>\n<p><b>En l\u00e5st kropp yter ikke 100 %.<\/b><\/p>\n<p>Som idrettsut\u00f8ver krever du mye av kroppen din. Og du forventer \u00e5 prestere 100 % hele tiden, s\u00e5 hva med \u00e5 gi kroppen din de beste forutsetningene? <\/p>\n<p>De fleste frykter skader, overtrening og manglende motivasjon. Det er p\u00e5 tide \u00e5 realisere ditt fulle potensial. En fullt funksjonell kropp reagerer som en enhet, og muskelgruppene jobber sammen for \u00e5 bevege deg fremover. Med mindre motstand og mye st\u00f8rre effekt.   <\/p>\n<p><b>Slipp l\u00f8s kraften din.<\/b><\/p>\n<p>Ved \u00e5 integrere Trigger Point Performance Therapy i den daglige treningen din, vil du gj\u00f8re treningen mer effektiv. Samtidig vil du kunne restituere raskere og forebygge skader. L\u00e6r hvordan du kan forberede vevet ditt til \u00e5 t\u00e5le de kravene som stilles til det, fra helgekriger til eliteut\u00f8ver.  <\/p>\n<p>Idrettsut\u00f8vere og mosjonister over hele verden har brukt Cassedy Phillips og Trigger Point Therapy-produkter for Myofascial Compression Technique (MCT) med utrolige resultater. Det er bare \u00e5 komme i gang. <\/p>\n","protected":false},"excerpt":{"rendered":"<p><b>Trigger Point - Med GRID<\/b> kan du ta tradisjonell skumrulling til neste niv\u00e5. Perfekt for generell bruk og ogs\u00e5 for kjernetrening. <\/p>\n","protected":false},"featured_media":79854,"comment_status":"closed","ping_status":"closed","template":"","meta":{"_acf_changed":false},"product_brand":[],"product_cat":[1948,2362,1937,1941,2382,2361],"product_tag":[2363],"class_list":{"0":"post-79848","1":"product","2":"type-product","3":"status-publish","4":"has-post-thumbnail","6":"product_cat-klinikk","7":"product_cat-massasjeballer-og-skumruller","8":"product_cat-merkevarer","9":"product_cat-rekonvalesens-og-sportspleie","10":"product_cat-skumrulle","11":"product_cat-triggerpunkt","12":"product_tag-triggerpunktbehandling","14":"first","15":"instock","16":"taxable","17":"shipping-taxable","18":"purchasable","19":"product-type-variable"},"acf":[],"_links":{"self":[{"href":"https:\/\/fysiolab.dk\/no\/wp-json\/wp\/v2\/product\/79848","targetHints":{"allow":["GET"]}}],"collection":[{"href":"https:\/\/fysiolab.dk\/no\/wp-json\/wp\/v2\/product"}],"about":[{"href":"https:\/\/fysiolab.dk\/no\/wp-json\/wp\/v2\/types\/product"}],"replies":[{"embeddable":true,"href":"https:\/\/fysiolab.dk\/no\/wp-json\/wp\/v2\/comments?post=79848"}],"wp:featuredmedia":[{"embeddable":true,"href":"https:\/\/fysiolab.dk\/no\/wp-json\/wp\/v2\/media\/79854"}],"wp:attachment":[{"href":"https:\/\/fysiolab.dk\/no\/wp-json\/wp\/v2\/media?parent=79848"}],"wp:term":[{"taxonomy":"product_brand","embeddable":true,"href":"https:\/\/fysiolab.dk\/no\/wp-json\/wp\/v2\/product_brand?post=79848"},{"taxonomy":"product_cat","embeddable":true,"href":"https:\/\/fysiolab.dk\/no\/wp-json\/wp\/v2\/product_cat?post=79848"},{"taxonomy":"product_tag","embeddable":true,"href":"https:\/\/fysiolab.dk\/no\/wp-json\/wp\/v2\/product_tag?post=79848"}],"curies":[{"name":"wp","href":"https:\/\/api.w.org\/{rel}","templated":true}]}}