{"id":79859,"date":"2023-07-16T13:49:07","date_gmt":"2023-07-16T11:49:07","guid":{"rendered":"https:\/\/fysiolab.dk\/product\/bauerfeind-ankelstoette-malleotrain-plus-utgaatt\/"},"modified":"2025-12-18T09:21:46","modified_gmt":"2025-12-18T08:21:46","slug":"bauerfeind-ankelstoette-malleotrain-plus-utgaatt","status":"publish","type":"product","link":"https:\/\/fysiolab.dk\/no\/product\/bauerfeind-ankelstoette-malleotrain-plus-utgaatt\/","title":{"rendered":"Bauerfeind ankelst\u00f8tte, Malleotrain Plus - Utg\u00e5tt"},"content":{"rendered":"<p><b>Bauerfeind Malleotrain Plus<\/b><\/p>\n<p>alleotrain Plus fra Bauerfeind er en anatomisk formet ankelst\u00f8tte med kompresjon og justerbar borrel\u00e5sstropp for \u00e5 justere graden av stabilitet.<\/p>\n<p>Sammenlignet med Malleotrain S ankelskinne inneholder denne skinnen to p\u00e5sydde viskoelastiske innlegg som gir ekstra stabilitet rundt ankelen og en h\u00f8yere grad av kompresjon der hevelsen ofte er st\u00f8rst.<\/p>\n<p>Borrel\u00e5sstroppen festes enkelt i en 8-formet vikling rundt ankelen, s\u00e5 det kreves ingen tidligere erfaring med \u00e5 bruke ankelteiping.<\/p>\n<p>Tradisjonell sportsteiping opprettholder bare den \u00f8nskede stabiliteten i kort tid, ettersom teipen raskt gir etter under svette og bevegelse. Malleotrain Plus ankelbandasje opprettholder et jevnt niv\u00e5 av kompresjon og stabilitet gjennom hele aktiviteten. I tillegg kan den, i motsetning til vanlig teiping, justeres underveis etter behov.  <\/p>\n<p>Den optimale kompresjonseffekten til Malleotrain Plus-ankelst\u00f8tten forhindrer mikrotraumer og hevelsestendenser under aktivitet, noe som sikrer kortest mulig restitusjon mellom trenings\u00f8ktene.<\/p>\n<p><b>Indikasjoner:  <\/b><\/p>\n<p>- Kroniske, posttraumatiske eller postoperative irritasjonstilstander i bl\u00f8tvevet i ankelleddet<\/p>\n<p>- Tidlig funksjonell behandling av leddb\u00e5nd i ankelen<\/p>\n<p>- Ligamentinsuffisiens<\/p>\n<p>- Supinasjonsprofylakse, spesielt ved sportsaktiviteter<\/p>\n<p>- Postoperativ rehabilitering<\/p>\n<p><b>Kjennetegn:<\/b><\/p>\n<p>- Aktiv st\u00f8tte med samme egenskaper som en ankelbandasje med funksjonell tape.<\/p>\n<p>- Stabilisering av alle niv\u00e5er i ankelleddet ved hjelp av et 3-trinns stroppesystem (elastisk, uelastisk, delvis elastisk).<\/p>\n<p>- Metatarsalen er forbundet med stropper til det distale underbenet i form av et vertikalt \u00e5ttetall.<\/p>\n<p><b>Virkem\u00e5te:<\/b><\/p>\n<p>- MalleoTrain\u00ae Plus fungerer via samme mekanisme som funksjonelle tapeforbindinger.<\/p>\n<p>- \u00d8kt taktil hudf\u00f8lelse forbedrer den ubevisste bevegelseskontrollen i ankelleddet ved hver bevegelse.<\/p>\n<p>- Stroppenes trekkraft kan justeres trinnl\u00f8st via borrel\u00e5sfeste uten \u00e5 begrense det normale bevegelsesniv\u00e5et.<\/p>\n<p>- Mediale og laterale sveisede puter holdes fast av den \u00e5ttekantede stroppen for ekstra stabilitet.<\/p>\n<p>- MalleoTrain\u00ae Plus utfolder sine kvaliteter i forebygging av ulykker og rehabilitering av skadde ledd.<\/p>\n<p>- Den doserte kompresjonen fremskynder resorpsjon av \u00f8demer, effusjoner og hematomer.<\/p>\n<p><strong>St\u00f8rrelsesguide<\/strong><\/p>\n<p><strong>M\u00e5l omkretsen av ankelen over knoklene<\/strong><\/p>\n<p><strong>Omkrets Str.<\/strong><\/p>\n<p><strong>17-19 cm 1<\/strong><\/p>\n<p><strong>19-21 cm 2<\/strong><\/p>\n<p><strong>21-23 cm 3<\/strong><\/p>\n<p><strong>23-25 cm 4<\/strong><\/p>\n<p><strong>25-27 cm 5<\/strong><\/p>\n<p><strong>27-29 cm 6<\/strong><\/p>\n<p><a href=\"https:\/\/dev.fysiolab.dk\/wp-content\/uploads\/2025\/05\/measurement_malleotrain-s.jpg\"><img fetchpriority=\"high\" decoding=\"async\" class=\"alignnone size-medium wp-image-202392051\" src=\"https:\/\/dev.fysiolab.dk\/wp-content\/uploads\/2025\/05\/measurement_malleotrain-s-300x230.jpg\" alt=\"\" width=\"300\" height=\"230\" title=\"\"><\/a><\/p>\n","protected":false},"excerpt":{"rendered":"<p><strong>Malletrain Plus er spesielt utviklet for toppidrettsut\u00f8vere. Den opprettholder \u00f8nsket stabilitet og kompresjon, som kan justeres etter behov.   <\/strong><\/p>\n<p><strong>Denne bandasjen er utg\u00e5tt og erstattet av en ny og forbedret versjon som er tilgjengelig her: <a href=\"https:\/\/fysiolab.dk\/product\/bauerfeind-malleotrain-plus-ny-model\/\">Bauerfeind Malleotrain Plus - Ny modell<\/a><\/strong><\/p>\n","protected":false},"featured_media":79872,"comment_status":"closed","ping_status":"closed","template":"","meta":{"_acf_changed":false},"product_brand":[],"product_cat":[2262,2074,1992,2076,2181,2369,2354,1937,1933,2077,2016],"product_tag":[2356],"class_list":{"0":"post-79859","1":"product","2":"type-product","3":"status-publish","4":"has-post-thumbnail","6":"product_cat-akutte-smerter-i-ankelen","7":"product_cat-ankelforstuing","8":"product_cat-ankelskinne","9":"product_cat-ankelvridning","10":"product_cat-artrose-i-ankelleddet","11":"product_cat-bauerfeind-ankelstoette","12":"product_cat-bondetamp","13":"product_cat-merkevarer","14":"product_cat-skinner-og-stoetteskinner","15":"product_cat-ustabil-ankel-no","16":"product_cat-uttak","17":"product_tag-bondetamp","19":"first","20":"instock","21":"sale","22":"taxable","23":"shipping-taxable","24":"purchasable","25":"product-type-variable"},"acf":[],"_links":{"self":[{"href":"https:\/\/fysiolab.dk\/no\/wp-json\/wp\/v2\/product\/79859","targetHints":{"allow":["GET"]}}],"collection":[{"href":"https:\/\/fysiolab.dk\/no\/wp-json\/wp\/v2\/product"}],"about":[{"href":"https:\/\/fysiolab.dk\/no\/wp-json\/wp\/v2\/types\/product"}],"replies":[{"embeddable":true,"href":"https:\/\/fysiolab.dk\/no\/wp-json\/wp\/v2\/comments?post=79859"}],"wp:featuredmedia":[{"embeddable":true,"href":"https:\/\/fysiolab.dk\/no\/wp-json\/wp\/v2\/media\/79872"}],"wp:attachment":[{"href":"https:\/\/fysiolab.dk\/no\/wp-json\/wp\/v2\/media?parent=79859"}],"wp:term":[{"taxonomy":"product_brand","embeddable":true,"href":"https:\/\/fysiolab.dk\/no\/wp-json\/wp\/v2\/product_brand?post=79859"},{"taxonomy":"product_cat","embeddable":true,"href":"https:\/\/fysiolab.dk\/no\/wp-json\/wp\/v2\/product_cat?post=79859"},{"taxonomy":"product_tag","embeddable":true,"href":"https:\/\/fysiolab.dk\/no\/wp-json\/wp\/v2\/product_tag?post=79859"}],"curies":[{"name":"wp","href":"https:\/\/api.w.org\/{rel}","templated":true}]}}