{"id":79896,"date":"2023-07-16T13:48:19","date_gmt":"2023-07-16T11:48:19","guid":{"rendered":"https:\/\/fysiolab.dk\/product\/okklusjonstrening-mansjett\/"},"modified":"2025-12-18T09:21:47","modified_gmt":"2025-12-18T08:21:47","slug":"okklusjonstrening-mansjett","status":"publish","type":"product","link":"https:\/\/fysiolab.dk\/no\/product\/okklusjonstrening-mansjett\/","title":{"rendered":"Okklusjonstrening, mansjett"},"content":{"rendered":"<p>Occlude okklusjonstreningsmansjett fra Occlude.<\/p>\n<p>Blodstr\u00f8msrestriksjonstrening (BFR) er en effektiv treningsform der du trener med lav belastning, men likevel oppn\u00e5r gode resultater n\u00e5r det gjelder muskelmasse og muskelstyrke. Meget godt egnet for rehabilitering etter skader eller operasjoner. <\/p>\n<p><strong>St\u00f8rrelsesguide (armomkrets ved armhulen - benomkrets n\u00e6r lysken)<\/strong><\/p>\n<p><strong>Mansjett for armer i st\u00f8rrelse small dekker omkrets 20-32 cm<\/strong><\/p>\n<p><strong>Mansjett for armer i st\u00f8rrelse medium dekker omkrets 31-44 cm<\/strong><\/p>\n<p><strong>Benmansjett i st\u00f8rrelse large dekker omkrets 45-61 cm<\/strong><\/p>\n<p><strong>Benmansjett i st\u00f8rrelse x-large dekker omkrets 60-74 cm<\/strong><\/p>\n","protected":false},"excerpt":{"rendered":"<p><strong>Okklusjonsmansjetter for okklusjonstrening. Small og medium brukes til armer, mens large og x-large brukes til ben. <\/strong><\/p>\n","protected":false},"featured_media":79902,"comment_status":"closed","ping_status":"closed","template":"","meta":{"_acf_changed":false},"product_brand":[],"product_cat":[1937,2359],"product_tag":[2360],"class_list":{"0":"post-79896","1":"product","2":"type-product","3":"status-publish","4":"has-post-thumbnail","6":"product_cat-merkevarer","7":"product_cat-occlude-no","8":"product_tag-occlude-no","10":"first","11":"instock","12":"taxable","13":"shipping-taxable","14":"purchasable","15":"product-type-variable"},"acf":[],"_links":{"self":[{"href":"https:\/\/fysiolab.dk\/no\/wp-json\/wp\/v2\/product\/79896","targetHints":{"allow":["GET"]}}],"collection":[{"href":"https:\/\/fysiolab.dk\/no\/wp-json\/wp\/v2\/product"}],"about":[{"href":"https:\/\/fysiolab.dk\/no\/wp-json\/wp\/v2\/types\/product"}],"replies":[{"embeddable":true,"href":"https:\/\/fysiolab.dk\/no\/wp-json\/wp\/v2\/comments?post=79896"}],"wp:featuredmedia":[{"embeddable":true,"href":"https:\/\/fysiolab.dk\/no\/wp-json\/wp\/v2\/media\/79902"}],"wp:attachment":[{"href":"https:\/\/fysiolab.dk\/no\/wp-json\/wp\/v2\/media?parent=79896"}],"wp:term":[{"taxonomy":"product_brand","embeddable":true,"href":"https:\/\/fysiolab.dk\/no\/wp-json\/wp\/v2\/product_brand?post=79896"},{"taxonomy":"product_cat","embeddable":true,"href":"https:\/\/fysiolab.dk\/no\/wp-json\/wp\/v2\/product_cat?post=79896"},{"taxonomy":"product_tag","embeddable":true,"href":"https:\/\/fysiolab.dk\/no\/wp-json\/wp\/v2\/product_tag?post=79896"}],"curies":[{"name":"wp","href":"https:\/\/api.w.org\/{rel}","templated":true}]}}