{"id":79909,"date":"2023-07-16T13:48:19","date_gmt":"2023-07-16T11:48:19","guid":{"rendered":"https:\/\/fysiolab.dk\/product\/occlude-ryggsekk\/"},"modified":"2025-12-18T09:21:47","modified_gmt":"2025-12-18T08:21:47","slug":"occlude-ryggsekk","status":"publish","type":"product","link":"https:\/\/fysiolab.dk\/no\/product\/occlude-ryggsekk\/","title":{"rendered":"Occlude-ryggsekk"},"content":{"rendered":"<p>Occlude-ryggsekk for utstyr til okklusjonstrening.<\/p>\n<p>Blodstr\u00f8msrestriksjonstrening (BFR) er en effektiv treningsform der du trener med lav belastning, men likevel oppn\u00e5r gode resultater n\u00e5r det gjelder muskelmasse og muskelstyrke. Meget godt egnet for rehabilitering etter skader eller operasjoner. <\/p>\n<p>Vesken har plass til flere mansjetter og en trykkm\u00e5ler.<\/p>\n<p>Produktbeskrivelse:<\/p>\n<p>- Praktisk ryggsekk med stropper for oppbevaring av okklusjonsutstyret<\/p>\n<p>- Ryggsekken har en utvendig lomme med glidel\u00e5s for oppbevaring av personlige eiendeler<\/p>\n","protected":false},"excerpt":{"rendered":"<p>Occlude-ryggsekk for utstyr til okklusjonstrening. Blodstr\u00f8msrestriksjonstrening (BFR) er en effektiv treningsform der du trener med lav belastning, men likevel oppn\u00e5r gode resultater n\u00e5r det gjelder muskelmasse og muskelstyrke. Meget godt egnet for rehabilitering etter skader eller operasjoner. Vesken har plass til flere mansjetter og en trykkm\u00e5ler. Produktbeskrivelse: - Praktisk ryggsekk med stropper for oppbevaring av [&hellip;]<\/p>\n","protected":false},"featured_media":79911,"comment_status":"closed","ping_status":"closed","template":"","meta":{"_acf_changed":false},"product_brand":[],"product_cat":[1937,2359],"product_tag":[2360],"class_list":{"0":"post-79909","1":"product","2":"type-product","3":"status-publish","4":"has-post-thumbnail","6":"product_cat-merkevarer","7":"product_cat-occlude-no","8":"product_tag-occlude-no","10":"first","11":"instock","12":"sale","13":"taxable","14":"shipping-taxable","15":"purchasable","16":"product-type-simple"},"acf":[],"_links":{"self":[{"href":"https:\/\/fysiolab.dk\/no\/wp-json\/wp\/v2\/product\/79909","targetHints":{"allow":["GET"]}}],"collection":[{"href":"https:\/\/fysiolab.dk\/no\/wp-json\/wp\/v2\/product"}],"about":[{"href":"https:\/\/fysiolab.dk\/no\/wp-json\/wp\/v2\/types\/product"}],"replies":[{"embeddable":true,"href":"https:\/\/fysiolab.dk\/no\/wp-json\/wp\/v2\/comments?post=79909"}],"wp:featuredmedia":[{"embeddable":true,"href":"https:\/\/fysiolab.dk\/no\/wp-json\/wp\/v2\/media\/79911"}],"wp:attachment":[{"href":"https:\/\/fysiolab.dk\/no\/wp-json\/wp\/v2\/media?parent=79909"}],"wp:term":[{"taxonomy":"product_brand","embeddable":true,"href":"https:\/\/fysiolab.dk\/no\/wp-json\/wp\/v2\/product_brand?post=79909"},{"taxonomy":"product_cat","embeddable":true,"href":"https:\/\/fysiolab.dk\/no\/wp-json\/wp\/v2\/product_cat?post=79909"},{"taxonomy":"product_tag","embeddable":true,"href":"https:\/\/fysiolab.dk\/no\/wp-json\/wp\/v2\/product_tag?post=79909"}],"curies":[{"name":"wp","href":"https:\/\/api.w.org\/{rel}","templated":true}]}}