{"id":80016,"date":"2023-07-16T13:47:07","date_gmt":"2023-07-16T11:47:07","guid":{"rendered":"https:\/\/fysiolab.dk\/product\/a-serve-beltepose-for-massasjeolje\/"},"modified":"2025-12-18T09:21:50","modified_gmt":"2025-12-18T08:21:50","slug":"a-serve-beltepose-for-massasjeolje","status":"publish","type":"product","link":"https:\/\/fysiolab.dk\/no\/product\/a-serve-beltepose-for-massasjeolje\/","title":{"rendered":"A-serve beltepose for massasjeolje"},"content":{"rendered":"<p><b>Bruk belteposen til massasjeolje.<\/b><\/p>\n<p>Svart beltepose i nylon med PVC-bakside. Passer til 500 ml og 750 ml flasker. Mye brukt av stavgjengere til \u00e5 oppbevare vannflasken sin.  <\/p>\n<p>Posen brukes ogs\u00e5 mye av massasjeterapeuter til oppbevaring av massasjeolje\/-krem<\/p>\n","protected":false},"excerpt":{"rendered":"<p><strong>Liten belteveske som passer til 500 ml og 750 ml flasker. Kan brukes til \u00e5 oppbevare en vannflaske p\u00e5 tur eller av massasjeterapeuter til \u00e5 oppbevare massasjeolje\/-krem. <\/strong><\/p>\n","protected":false},"featured_media":80018,"comment_status":"closed","ping_status":"closed","template":"","meta":{"_acf_changed":false},"product_brand":[],"product_cat":[2391,1948,2397,2025,2401,1937,1941],"product_tag":[2392],"class_list":{"0":"post-80016","1":"product","2":"type-product","3":"status-publish","4":"has-post-thumbnail","6":"product_cat-a-serve-no","7":"product_cat-klinikk","8":"product_cat-kremer-og-oljer","9":"product_cat-massasje","10":"product_cat-massasjekrem-og-olje","11":"product_cat-merkevarer","12":"product_cat-rekonvalesens-og-sportspleie","13":"product_tag-aserve-no","15":"first","16":"instock","17":"taxable","18":"shipping-taxable","19":"purchasable","20":"product-type-simple"},"acf":[],"_links":{"self":[{"href":"https:\/\/fysiolab.dk\/no\/wp-json\/wp\/v2\/product\/80016","targetHints":{"allow":["GET"]}}],"collection":[{"href":"https:\/\/fysiolab.dk\/no\/wp-json\/wp\/v2\/product"}],"about":[{"href":"https:\/\/fysiolab.dk\/no\/wp-json\/wp\/v2\/types\/product"}],"replies":[{"embeddable":true,"href":"https:\/\/fysiolab.dk\/no\/wp-json\/wp\/v2\/comments?post=80016"}],"wp:featuredmedia":[{"embeddable":true,"href":"https:\/\/fysiolab.dk\/no\/wp-json\/wp\/v2\/media\/80018"}],"wp:attachment":[{"href":"https:\/\/fysiolab.dk\/no\/wp-json\/wp\/v2\/media?parent=80016"}],"wp:term":[{"taxonomy":"product_brand","embeddable":true,"href":"https:\/\/fysiolab.dk\/no\/wp-json\/wp\/v2\/product_brand?post=80016"},{"taxonomy":"product_cat","embeddable":true,"href":"https:\/\/fysiolab.dk\/no\/wp-json\/wp\/v2\/product_cat?post=80016"},{"taxonomy":"product_tag","embeddable":true,"href":"https:\/\/fysiolab.dk\/no\/wp-json\/wp\/v2\/product_tag?post=80016"}],"curies":[{"name":"wp","href":"https:\/\/api.w.org\/{rel}","templated":true}]}}