{"id":80020,"date":"2023-07-16T13:47:07","date_gmt":"2023-07-16T11:47:07","guid":{"rendered":"https:\/\/fysiolab.dk\/product\/a-serve-grunnleggende-massasjeolje\/"},"modified":"2025-12-18T09:21:50","modified_gmt":"2025-12-18T08:21:50","slug":"a-serve-grunnleggende-massasjeolje","status":"publish","type":"product","link":"https:\/\/fysiolab.dk\/no\/product\/a-serve-grunnleggende-massasjeolje\/","title":{"rendered":"A-serve grunnleggende massasjeolje"},"content":{"rendered":"<p><b>A<\/b><\/p>\n<h3 data-start=\"158\" data-end=\"202\"><strong data-start=\"162\" data-end=\"202\">Aserve Basic Massasjeolje (1 L &amp; 5 L)<\/strong><\/h3>\n<p data-start=\"204\" data-end=\"542\">Aserve Basic Massage Oil er en hudn\u00f8ytral, fargel\u00f8s massasjeolje som er utviklet for profesjonelle behandlere som \u00f8nsker en smidig og p\u00e5litelig olje til alle typer massasje. Oljen absorberes ikke av huden, noe som gir et langvarig og kontrollert glid under behandlingen. Dette gj\u00f8r den ideell til sportsmassasje, fysioterapi og velv\u00e6re.  <\/p>\n<p data-start=\"544\" data-end=\"864\">Massasjeoljen inneholder <strong data-start=\"581\" data-end=\"599\">alfa-bisabolol (kamilleolje)<\/strong>, som er beroligende og sk\u00e5nsom mot huden, og den flytende parafinen s\u00f8rger for at oljen blir liggende p\u00e5 hudoverflaten, slik at friksjonen holder seg stabil under hele behandlingen. Den etterlater ingen fettete overflate og egner seg b\u00e5de til kortere og lengre behandlinger. <\/p>\n<p data-start=\"866\" data-end=\"880\"><strong data-start=\"866\" data-end=\"878\">Fordeler:<\/strong><\/p>\n<ul data-start=\"881\" data-end=\"1181\">\n<li data-start=\"881\" data-end=\"925\">\n<p data-start=\"883\" data-end=\"925\">Hudn\u00f8ytral, parfyme- og fargestofffri<\/p>\n<\/li>\n<li data-start=\"926\" data-end=\"980\">\n<p data-start=\"928\" data-end=\"980\">Absorberes ikke av huden - gir varig glid<\/p>\n<\/li>\n<li data-start=\"981\" data-end=\"1041\">\n<p data-start=\"983\" data-end=\"1041\">Inneholder alfa-bisabolol for \u00e5 beskytte og gi n\u00e6ring til huden<\/p>\n<\/li>\n<li data-start=\"1042\" data-end=\"1108\">\n<p data-start=\"1044\" data-end=\"1108\">Ideell for profesjonell bruk p\u00e5 klinikker, innen idrett og rehabilitering<\/p>\n<\/li>\n<li data-start=\"1109\" data-end=\"1181\">\n<p data-start=\"1111\" data-end=\"1181\">Finnes i b\u00e5de 1 L og 5 L - perfekt for b\u00e5de sm\u00e5 og store forbruk<\/p>\n<\/li>\n<\/ul>\n","protected":false},"excerpt":{"rendered":"<p><strong>Aserve Basic Massage Oil er en hudn\u00f8ytral og langvarig olje som ikke absorberes av huden. Den gir en langvarig, jevn glid og er perfekt til b\u00e5de sportsmassasje og velv\u00e6rebehandlinger. Tilgjengelig i 1 L og 5 L.  <\/strong><\/p>\n","protected":false},"featured_media":80025,"comment_status":"closed","ping_status":"closed","template":"","meta":{"_acf_changed":false},"product_brand":[3086],"product_cat":[2391,1948,2397,2025,2401,1937,1941],"product_tag":[2392],"class_list":{"0":"post-80020","1":"product","2":"type-product","3":"status-publish","4":"has-post-thumbnail","6":"product_brand-aserve","7":"product_cat-a-serve-no","8":"product_cat-klinikk","9":"product_cat-kremer-og-oljer","10":"product_cat-massasje","11":"product_cat-massasjekrem-og-olje","12":"product_cat-merkevarer","13":"product_cat-rekonvalesens-og-sportspleie","14":"product_tag-aserve-no","16":"first","17":"instock","18":"taxable","19":"shipping-taxable","20":"purchasable","21":"product-type-variable"},"acf":[],"_links":{"self":[{"href":"https:\/\/fysiolab.dk\/no\/wp-json\/wp\/v2\/product\/80020","targetHints":{"allow":["GET"]}}],"collection":[{"href":"https:\/\/fysiolab.dk\/no\/wp-json\/wp\/v2\/product"}],"about":[{"href":"https:\/\/fysiolab.dk\/no\/wp-json\/wp\/v2\/types\/product"}],"replies":[{"embeddable":true,"href":"https:\/\/fysiolab.dk\/no\/wp-json\/wp\/v2\/comments?post=80020"}],"wp:featuredmedia":[{"embeddable":true,"href":"https:\/\/fysiolab.dk\/no\/wp-json\/wp\/v2\/media\/80025"}],"wp:attachment":[{"href":"https:\/\/fysiolab.dk\/no\/wp-json\/wp\/v2\/media?parent=80020"}],"wp:term":[{"taxonomy":"product_brand","embeddable":true,"href":"https:\/\/fysiolab.dk\/no\/wp-json\/wp\/v2\/product_brand?post=80020"},{"taxonomy":"product_cat","embeddable":true,"href":"https:\/\/fysiolab.dk\/no\/wp-json\/wp\/v2\/product_cat?post=80020"},{"taxonomy":"product_tag","embeddable":true,"href":"https:\/\/fysiolab.dk\/no\/wp-json\/wp\/v2\/product_tag?post=80020"}],"curies":[{"name":"wp","href":"https:\/\/api.w.org\/{rel}","templated":true}]}}